{"id":2721,"date":"2022-12-29T10:16:44","date_gmt":"2022-12-29T10:16:44","guid":{"rendered":"https:\/\/chateau.qodeinteractive.com\/?page_id=2721"},"modified":"2024-03-26T14:09:36","modified_gmt":"2024-03-26T13:09:36","slug":"blog-no-sidebar","status":"publish","type":"page","link":"https:\/\/hurt.wineport.pl\/?page_id=2721","title":{"rendered":"Blog wineport"},"content":{"rendered":"\t\t<div data-elementor-type=\"wp-page\" data-elementor-id=\"2721\" class=\"elementor elementor-2721\">\n\t\t\t\t\t\t<section class=\"elementor-section elementor-top-section elementor-element elementor-element-84e7ff5 elementor-section-boxed elementor-section-height-default elementor-section-height-default\" data-id=\"84e7ff5\" data-element_type=\"section\">\n\t\t\t\t\t\t<div class=\"elementor-container elementor-column-gap-default\">\n\t\t\t\t\t<div class=\"elementor-column elementor-col-100 elementor-top-column elementor-element elementor-element-8e3059b\" data-id=\"8e3059b\" data-element_type=\"column\">\n\t\t\t<div class=\"elementor-widget-wrap elementor-element-populated\">\n\t\t\t\t\t\t<div class=\"elementor-element elementor-element-135bd9c elementor-widget elementor-widget-chateau_core_blog_list\" data-id=\"135bd9c\" data-element_type=\"widget\" data-widget_type=\"chateau_core_blog_list.default\">\n\t\t\t\t<div class=\"elementor-widget-container\">\n\t\t\t<div class=\"qodef-shortcode qodef-m  qodef-blog qodef--list qodef-item-layout--standard  qodef-grid qodef-layout--columns   qodef-vertical-gutter--enormous qodef-col-num--1 qodef-item-layout--standard   qodef-pagination--on qodef-pagination-type--standard qodef-responsive--predefined\" data-options=\"{&quot;plugin&quot;:&quot;chateau_core&quot;,&quot;module&quot;:&quot;blog\\\/shortcodes&quot;,&quot;shortcode&quot;:&quot;blog-list&quot;,&quot;post_type&quot;:&quot;post&quot;,&quot;next_page&quot;:&quot;2&quot;,&quot;max_pages_num&quot;:1,&quot;behavior&quot;:&quot;columns&quot;,&quot;images_proportion&quot;:&quot;full&quot;,&quot;columns&quot;:&quot;1&quot;,&quot;columns_responsive&quot;:&quot;predefined&quot;,&quot;vertical_space&quot;:&quot;enormous&quot;,&quot;posts_per_page&quot;:&quot;5&quot;,&quot;orderby&quot;:&quot;date&quot;,&quot;order&quot;:&quot;ASC&quot;,&quot;additional_params&quot;:&quot;tax&quot;,&quot;tax&quot;:&quot;category&quot;,&quot;tax_slug&quot;:&quot;events&quot;,&quot;layout&quot;:&quot;standard&quot;,&quot;title_tag&quot;:&quot;h2&quot;,&quot;excerpt_length&quot;:&quot;300&quot;,&quot;qodef_blog_list_center_content&quot;:&quot;yes&quot;,&quot;pagination_type&quot;:&quot;standard&quot;,&quot;object_class_name&quot;:&quot;ChateauCore_Blog_List_Shortcode&quot;,&quot;taxonomy_filter&quot;:&quot;category&quot;,&quot;additional_query_args&quot;:{&quot;tax_query&quot;:[{&quot;taxonomy&quot;:&quot;category&quot;,&quot;field&quot;:&quot;slug&quot;,&quot;terms&quot;:&quot;events&quot;}]}}\">\n\t\t<div class=\"qodef-grid-inner\">\n\t\t\n<article class=\"qodef-e qodef-blog-item qodef-blog-list-centered qodef-grid-item qodef-item--full post-18322 post type-post status-publish format-standard has-post-thumbnail hentry category-events category-wine-food category-wine-regions tag-ribera-del-duero tag-wine\" >\n\t<div class=\"qodef-e-inner\">\n\t\t<div class=\"qodef-e-content\">\n            <div class=\"qodef-e-title-holder\">\n                <h2 itemprop=\"name\" class=\"qodef-e-title entry-title\" >\n\t<a itemprop=\"url\" class=\"qodef-e-title-link\" href=\"https:\/\/hurt.wineport.pl\/?p=18322\">\n\t\tRibera del Duero\t<\/a>\n<\/h2>\n            <\/div>\n\t\t\t<div class=\"qodef-e-top-holder\">\n\t\t\t\t<div class=\"qodef-e-info\">\n\t\t\t\t\t<a itemprop=\"dateCreated\" href=\"https:\/\/hurt.wineport.pl\/?m=202405\" class=\"entry-date \">\n\t2024-05-15<\/a><div class=\"qodef-info-separator-end\"><\/div>\n<a href=\"https:\/\/hurt.wineport.pl\/?cat=17\" rel=\"tag\">Events<\/a><span class=\"qodef-info-separator-single\"><\/span><a href=\"https:\/\/hurt.wineport.pl\/?cat=23\" rel=\"tag\">Wine &amp; Food<\/a><span class=\"qodef-info-separator-single\"><\/span><a href=\"https:\/\/hurt.wineport.pl\/?cat=24\" rel=\"tag\">Wine Regions<\/a><div class=\"qodef-info-separator-end\"><\/div>\t\t\t\t<\/div>\n\t\t\t<\/div>\n            \t<div class=\"qodef-e-media\">\n\t\t<div class=\"qodef-e-media-image\">\n\t\t\t<a itemprop=\"url\" href=\"https:\/\/hurt.wineport.pl\/?p=18322\">\n\t\t\t\t<img fetchpriority=\"high\" decoding=\"async\" width=\"1100\" height=\"822\" src=\"https:\/\/hurt.wineport.pl\/wp-content\/uploads\/2024\/05\/182187292_4637516276276793_7660909674495635195_n.jpg\" class=\"attachment-full size-full wp-post-image\" alt=\"\" srcset=\"https:\/\/hurt.wineport.pl\/wp-content\/uploads\/2024\/05\/182187292_4637516276276793_7660909674495635195_n.jpg 1100w, https:\/\/hurt.wineport.pl\/wp-content\/uploads\/2024\/05\/182187292_4637516276276793_7660909674495635195_n-300x224.jpg 300w, https:\/\/hurt.wineport.pl\/wp-content\/uploads\/2024\/05\/182187292_4637516276276793_7660909674495635195_n-1024x765.jpg 1024w, https:\/\/hurt.wineport.pl\/wp-content\/uploads\/2024\/05\/182187292_4637516276276793_7660909674495635195_n-768x574.jpg 768w, https:\/\/hurt.wineport.pl\/wp-content\/uploads\/2024\/05\/182187292_4637516276276793_7660909674495635195_n-600x448.jpg 600w\" sizes=\"(max-width: 1100px) 100vw, 1100px\" \/>\t\t\t<\/a>\n\t\t<\/div>\n\t<\/div>\n\t\t\t<div class=\"qodef-e-text\">\n\t\t\t\t\t\t<p itemprop=\"description\" class=\"qodef-e-excerpt\">Rodzina Fern\u00e1ndez ma 42 hektary winoro\u015bli o \u015brednim wieku 60 lat, a maj\u0105ce ponad 80 lat, dzi\u0119ki czemu winogrona zyskuj\u0105 unikalne cechy, aromaty, garbniki i antonciano.<\/p>\n\t\t\t\t\t<\/div>\n\t\t\t<div class=\"qodef-e-bottom-holder\">\n                \t<div class=\"qodef-e-read-more\">\n\t\t<a class=\"qodef-shortcode qodef-m  qodef-button qodef-layout--discontinuous  qodef-html--link\" href=\"https:\/\/hurt.wineport.pl\/?p=18322\" target=\"_self\"  >\t<span class=\"qodef-m-text\">Czytaj Wi\u0119cej<\/span>\t<span class=\"qodef-disc-btn qodef-disc-btn-top-left\"><\/span>\t<span class=\"qodef-disc-btn qodef-disc-btn-top-right\"><\/span>\t<span class=\"qodef-disc-btn qodef-disc-btn-right\"><\/span>\t<span class=\"qodef-disc-btn qodef-disc-btn-bottom-right\"><\/span>\t<span class=\"qodef-disc-btn qodef-disc-btn-bottom-left\"><\/span>\t<span class=\"qodef-disc-btn qodef-blob-btn-left\"><\/span><\/a>\t<\/div>\n\t\t\t<\/div>\n\t\t<\/div>\n\t<\/div>\n<\/article>\n\t<\/div>\n\t<\/div>\n\t\t<\/div>\n\t\t\t\t<\/div>\n\t\t\t\t\t<\/div>\n\t\t<\/div>\n\t\t\t\t\t<\/div>\n\t\t<\/section>\n\t\t\t\t<\/div>\n\t\t","protected":false},"excerpt":{"rendered":"<p>How many Grapes are in a standard bottle of wine? December 26, 2022 EventsWine &amp; Food Enim ut tellus elementum sagittis vitae et leo duis. Non blandit massa enim nec dui nunc mattis enim. Arcu felis bibendum ut tristique et egestas quis ipsum suspendisse. Adipiscing at in tellus integer feugiat. Sit amet commodo nulla facilisi [&hellip;]<\/p>\n","protected":false},"author":1,"featured_media":0,"parent":0,"menu_order":0,"comment_status":"closed","ping_status":"closed","template":"","meta":{"footnotes":""},"class_list":["post-2721","page","type-page","status-publish","hentry"],"_links":{"self":[{"href":"https:\/\/hurt.wineport.pl\/index.php?rest_route=\/wp\/v2\/pages\/2721","targetHints":{"allow":["GET"]}}],"collection":[{"href":"https:\/\/hurt.wineport.pl\/index.php?rest_route=\/wp\/v2\/pages"}],"about":[{"href":"https:\/\/hurt.wineport.pl\/index.php?rest_route=\/wp\/v2\/types\/page"}],"author":[{"embeddable":true,"href":"https:\/\/hurt.wineport.pl\/index.php?rest_route=\/wp\/v2\/users\/1"}],"replies":[{"embeddable":true,"href":"https:\/\/hurt.wineport.pl\/index.php?rest_route=%2Fwp%2Fv2%2Fcomments&post=2721"}],"version-history":[{"count":1,"href":"https:\/\/hurt.wineport.pl\/index.php?rest_route=\/wp\/v2\/pages\/2721\/revisions"}],"predecessor-version":[{"id":17990,"href":"https:\/\/hurt.wineport.pl\/index.php?rest_route=\/wp\/v2\/pages\/2721\/revisions\/17990"}],"wp:attachment":[{"href":"https:\/\/hurt.wineport.pl\/index.php?rest_route=%2Fwp%2Fv2%2Fmedia&parent=2721"}],"curies":[{"name":"wp","href":"https:\/\/api.w.org\/{rel}","templated":true}]}}