{"id":18394,"date":"2024-05-18T00:32:08","date_gmt":"2024-05-17T22:32:08","guid":{"rendered":"https:\/\/hurt.wineport.pl\/?product=kawa-coffeeport-indie-1kg-ziarna"},"modified":"2024-06-07T13:45:39","modified_gmt":"2024-06-07T11:45:39","slug":"kawa-coffeeport-indie-1kg-ziarna","status":"publish","type":"product","link":"https:\/\/hurt.wineport.pl\/?product=kawa-coffeeport-indie-1kg-ziarna","title":{"rendered":"KAWA COFFEEPORT INDIE- 1kg ZIARNA"},"content":{"rendered":"<p>Kawy COFFEEPORT to najwy\u017cszej jako\u015bci gatunki kaw \u015bwie\u017co palonych z ca\u0142ego \u015bwiata. Selekcja kaw i dob\u00f3r mieszanek odbywa si\u0119 pod okiem grupy utytu\u0142owanych specjalist\u00f3w. Kawy s\u0105 wypalane w naszej manufakturze przez wybitnego specjalist\u0119 w ma\u0142ych piecach kultowej firmy Probat, kt\u00f3r\u0105 mo\u017cna przyr\u00f3wna\u0107 do Rolls Royce\u2019a w \u015bwiecie manufakturowych piec\u00f3w do kawy. Za jednym razem mo\u017cna w nim wypali\u0107 jedynie 100 kg ziaren. Po wypaleniu kawa ch\u0142odzona jest powietrzem, a nie wod\u0105, jak w przypadku procesu przemys\u0142owego. Pozwala to zachowa\u0107 pe\u0142ni\u0119 walor\u00f3w produktu. Ca\u0142a procedura ma miejsce tu\u017c przed wysy\u0142k\u0105- kawa zawsze dotrze do Pa\u0144stwa \u015bwie\u017ca. Nasze kawy s\u0105 pakowane w opakowania ze specjalnym wentylem umo\u017cliwiaj\u0105cym pozbycie si\u0119 nadmiaru gaz\u00f3w a zarazem zapobiegaj\u0105cym dostaniu si\u0119 tlenu do opakowania, co zapobiega zakwaszaniu si\u0119 kawy.<\/p>\n<p>Indie: Moc (1-5): 3. Stopie\u0144 palenia: \u015brednio mocny. Rekomendowany spos\u00f3b parzenia: ekspresy automatyczne i kolbowe, kawiarki (moka). Smak i aromat: Intensywna kawa o g\u0142\u0119bokim aromacie przypraw, lekko pikantna, czekoladowa. Du\u017ca cielisto\u015b\u0107 i niska kwasowo\u015b\u0107.<\/p>\n","protected":false},"excerpt":{"rendered":"<p>Kawy COFFEEPORT to najwy\u017cszej jako\u015bci gatunki kaw \u015bwie\u017co palonych z ca\u0142ego \u015bwiata. Selekcja kaw i dob\u00f3r mieszanek odbywa si\u0119 pod okiem grupy utytu\u0142owanych specjalist\u00f3w. Kawy s\u0105 wypalane w naszej manufakturze przez wybitnego specjalist\u0119 w ma\u0142ych piecach kultowej firmy Probat, kt\u00f3r\u0105 mo\u017cna przyr\u00f3wna\u0107 do Rolls Royce\u2019a w \u015bwiecie manufakturowych piec\u00f3w do kawy. Za jednym razem mo\u017cna w nim wypali\u0107 jedynie 100 kg ziaren. Po wypaleniu kawa ch\u0142odzona jest powietrzem, a nie wod\u0105, jak w przypadku procesu przemys\u0142owego. Pozwala to zachowa\u0107 pe\u0142ni\u0119 walor\u00f3w produktu. Ca\u0142a procedura ma miejsce tu\u017c przed wysy\u0142k\u0105- kawa zawsze dotrze do Pa\u0144stwa \u015bwie\u017ca. Nasze kawy s\u0105 pakowane w opakowania ze specjalnym wentylem umo\u017cliwiaj\u0105cym pozbycie si\u0119 nadmiaru gaz\u00f3w a zarazem zapobiegaj\u0105cym dostaniu si\u0119 tlenu do opakowania, co zapobiega zakwaszaniu si\u0119 kawy.<\/p>\n<p>Indie: Moc (1-5): 3. Stopie\u0144 palenia: \u015brednio mocny. Rekomendowany spos\u00f3b parzenia: ekspresy automatyczne i kolbowe, kawiarki (moka). Smak i aromat: Intensywna kawa o g\u0142\u0119bokim aromacie przypraw, lekko pikantna, czekoladowa. Du\u017ca cielisto\u015b\u0107 i niska kwasowo\u015b\u0107.<\/p>\n","protected":false},"featured_media":18393,"comment_status":"open","ping_status":"closed","template":"","meta":[],"product_cat":[15,282,284],"product_tag":[],"class_list":{"0":"post-18394","1":"product","2":"type-product","3":"status-publish","4":"has-post-thumbnail","6":"product_cat-inne","7":"product_cat-delikatesy","8":"product_cat-kawa","10":"first","11":"instock","12":"sale","13":"shipping-taxable","14":"purchasable","15":"product-type-simple"},"_links":{"self":[{"href":"https:\/\/hurt.wineport.pl\/index.php?rest_route=\/wp\/v2\/product\/18394","targetHints":{"allow":["GET"]}}],"collection":[{"href":"https:\/\/hurt.wineport.pl\/index.php?rest_route=\/wp\/v2\/product"}],"about":[{"href":"https:\/\/hurt.wineport.pl\/index.php?rest_route=\/wp\/v2\/types\/product"}],"replies":[{"embeddable":true,"href":"https:\/\/hurt.wineport.pl\/index.php?rest_route=%2Fwp%2Fv2%2Fcomments&post=18394"}],"wp:featuredmedia":[{"embeddable":true,"href":"https:\/\/hurt.wineport.pl\/index.php?rest_route=\/wp\/v2\/media\/18393"}],"wp:attachment":[{"href":"https:\/\/hurt.wineport.pl\/index.php?rest_route=%2Fwp%2Fv2%2Fmedia&parent=18394"}],"wp:term":[{"taxonomy":"product_cat","embeddable":true,"href":"https:\/\/hurt.wineport.pl\/index.php?rest_route=%2Fwp%2Fv2%2Fproduct_cat&post=18394"},{"taxonomy":"product_tag","embeddable":true,"href":"https:\/\/hurt.wineport.pl\/index.php?rest_route=%2Fwp%2Fv2%2Fproduct_tag&post=18394"}],"curies":[{"name":"wp","href":"https:\/\/api.w.org\/{rel}","templated":true}]}}