{"id":18520,"date":"2024-05-18T00:38:03","date_gmt":"2024-05-17T22:38:03","guid":{"rendered":"https:\/\/hurt.wineport.pl\/?product=wino-d-o-cava-josep-masachs-gran-reserva-brut-nature-075l"},"modified":"2024-05-18T00:38:03","modified_gmt":"2024-05-17T22:38:03","slug":"wino-d-o-cava-josep-masachs-gran-reserva-brut-nature-075l","status":"publish","type":"product","link":"https:\/\/hurt.wineport.pl\/?product=wino-d-o-cava-josep-masachs-gran-reserva-brut-nature-075l","title":{"rendered":"WINO D.O. CAVA JOSEP MASACHS GRAN RESERVA BRUT NATURE 0,75L"},"content":{"rendered":"<p><font color=\"#000000\"><font face=\"Times New Roman, serif\"><font size=\"2\">CAVA BRUT NATURE \u00a0JOSEP MASACHS Gran Reserva D.O. Cava<\/font><\/font><\/font><\/p>\n<p><font color=\"#000000\">\u00a0<\/font><\/p>\n<p><font color=\"#000000\"><font face=\"Times New Roman, serif\"><font size=\"2\">Odmiany winoro\u015bli: 20% Macabeo Parellada Xarel.lo 50% i 30%<\/font><\/font><\/font><\/p>\n<p><font color=\"#000000\"><font face=\"Times New Roman, serif\"><font size=\"2\">KOLOR: s\u0142omkowy ze z\u0142otymi refleksami. Czyste i jasne. B\u0105belki<\/font><\/font><\/font><\/p>\n<p><font color=\"#000000\"><font face=\"Times New Roman, serif\"><font size=\"2\">ma\u0142e i obfite pionowe, tworz\u0105 pi\u0119kn\u0105 koron\u0119 w kieliszku.<\/font><\/font><\/font><\/p>\n<p><font color=\"#000000\"><font face=\"Times New Roman, serif\"><font size=\"2\">AROMAT: Intensywny, mocny, elegancki i pe\u0142en godno\u015bci<\/font><\/font><\/font><\/p>\n<p><font color=\"#000000\"><font face=\"Times New Roman, serif\"><font size=\"2\">SMAK: Zr\u00f3wnowa\u017cony, przyjemny i intensywny. Wino d\u0142ugie harmonijne, rewelacyjna pienisto\u015b\u0107 mi\u0119kko\u015b\u0107 i delikatno\u015b\u0107 zarazem.<\/font><\/font><\/font><\/p>\n<p><font color=\"#000000\"><font face=\"Times New Roman, serif\"><font size=\"2\">Jak podawa\u0107: najlepsze cechy tej CAVY s\u0105 osi\u0105gane mi\u0119dzy 5 a 6 \u00b0 C<\/font><\/font><\/font><\/p>\n<p><font color=\"#000000\"><font face=\"Times New Roman, serif\"><font size=\"2\">Zaleca si\u0119 stosowanie typu kieliszka typu flet.<\/font><\/font><\/font><\/p>\n<p><font color=\"#000000\"><font face=\"Times New Roman, serif\"><font size=\"2\">Podawa\u0107 jako aperitif idealne r\u00f3wnie\u017c do wykwintnych owoc\u00f3w morza.<\/font><\/font><\/font><\/p>\n<p>\u00a0<\/p>\n","protected":false},"excerpt":{"rendered":"<p><font color=\"#000000\"><font face=\"Times New Roman, serif\"><font size=\"2\">CAVA BRUT NATURE \u00a0JOSEP MASACHS Gran Reserva D.O. Cava<\/font><\/font><\/font><\/p>\n<p><font color=\"#000000\">\u00a0<\/font><\/p>\n<p><font color=\"#000000\"><font face=\"Times New Roman, serif\"><font size=\"2\">Odmiany winoro\u015bli: 20% Macabeo Parellada Xarel.lo 50% i 30%<\/font><\/font><\/font><\/p>\n<p><font color=\"#000000\"><font face=\"Times New Roman, serif\"><font size=\"2\">KOLOR: s\u0142omkowy ze z\u0142otymi refleksami. Czyste i jasne. B\u0105belki<\/font><\/font><\/font><\/p>\n<p><font color=\"#000000\"><font face=\"Times New Roman, serif\"><font size=\"2\">ma\u0142e i obfite pionowe, tworz\u0105 pi\u0119kn\u0105 koron\u0119 w kieliszku.<\/font><\/font><\/font><\/p>\n<p><font color=\"#000000\"><font face=\"Times New Roman, serif\"><font size=\"2\">AROMAT: Intensywny, mocny, elegancki i pe\u0142en godno\u015bci<\/font><\/font><\/font><\/p>\n<p><font color=\"#000000\"><font face=\"Times New Roman, serif\"><font size=\"2\">SMAK: Zr\u00f3wnowa\u017cony, przyjemny i intensywny. Wino d\u0142ugie harmonijne, rewelacyjna pienisto\u015b\u0107 mi\u0119kko\u015b\u0107 i delikatno\u015b\u0107 zarazem.<\/font><\/font><\/font><\/p>\n<p><font color=\"#000000\"><font face=\"Times New Roman, serif\"><font size=\"2\">Jak podawa\u0107: najlepsze cechy tej CAVY s\u0105 osi\u0105gane mi\u0119dzy 5 a 6 \u00b0 C<\/font><\/font><\/font><\/p>\n<p><font color=\"#000000\"><font face=\"Times New Roman, serif\"><font size=\"2\">Zaleca si\u0119 stosowanie typu kieliszka typu flet.<\/font><\/font><\/font><\/p>\n<p><font color=\"#000000\"><font face=\"Times New Roman, serif\"><font size=\"2\">Podawa\u0107 jako aperitif idealne r\u00f3wnie\u017c do wykwintnych owoc\u00f3w morza.<\/font><\/font><\/font><\/p>\n<p>\u00a0<\/p>\n","protected":false},"featured_media":18519,"comment_status":"open","ping_status":"closed","template":"","meta":[],"product_cat":[15],"product_tag":[],"class_list":{"0":"post-18520","1":"product","2":"type-product","3":"status-publish","4":"has-post-thumbnail","6":"product_cat-inne","8":"first","9":"instock","10":"shipping-taxable","11":"purchasable","12":"product-type-simple"},"_links":{"self":[{"href":"https:\/\/hurt.wineport.pl\/index.php?rest_route=\/wp\/v2\/product\/18520","targetHints":{"allow":["GET"]}}],"collection":[{"href":"https:\/\/hurt.wineport.pl\/index.php?rest_route=\/wp\/v2\/product"}],"about":[{"href":"https:\/\/hurt.wineport.pl\/index.php?rest_route=\/wp\/v2\/types\/product"}],"replies":[{"embeddable":true,"href":"https:\/\/hurt.wineport.pl\/index.php?rest_route=%2Fwp%2Fv2%2Fcomments&post=18520"}],"wp:featuredmedia":[{"embeddable":true,"href":"https:\/\/hurt.wineport.pl\/index.php?rest_route=\/wp\/v2\/media\/18519"}],"wp:attachment":[{"href":"https:\/\/hurt.wineport.pl\/index.php?rest_route=%2Fwp%2Fv2%2Fmedia&parent=18520"}],"wp:term":[{"taxonomy":"product_cat","embeddable":true,"href":"https:\/\/hurt.wineport.pl\/index.php?rest_route=%2Fwp%2Fv2%2Fproduct_cat&post=18520"},{"taxonomy":"product_tag","embeddable":true,"href":"https:\/\/hurt.wineport.pl\/index.php?rest_route=%2Fwp%2Fv2%2Fproduct_tag&post=18520"}],"curies":[{"name":"wp","href":"https:\/\/api.w.org\/{rel}","templated":true}]}}