{"id":18581,"date":"2024-05-18T00:38:44","date_gmt":"2024-05-17T22:38:44","guid":{"rendered":"https:\/\/hurt.wineport.pl\/?product=wino-cinquepassi-rosso-igt-veneto-075l"},"modified":"2024-05-18T00:38:44","modified_gmt":"2024-05-17T22:38:44","slug":"wino-cinquepassi-rosso-igt-veneto-075l","status":"publish","type":"product","link":"https:\/\/hurt.wineport.pl\/?product=wino-cinquepassi-rosso-igt-veneto-075l","title":{"rendered":"Wino Cinquepassi Rosso IGT Veneto 0,75l"},"content":{"rendered":"<p>Wspania\u0142e autorskie wino w\u0142oskie z Veneto. Wino to jest laureatem wielu presti\u017cowych nagr\u00f3d jak min srebrny medal od DECANTERA. Kto zna si\u0119 na winach w\u0142oskich dobrze wie \u017ce cz\u0119sto bywa, \u017ce wina IGT wielokrotnie przewy\u017cszaj\u0105 jako\u015bci\u0105 wina DOCG.<\/p>\n<p>Wino Cinquepassi Rosso ma intensywny, ciemnoczerwony kolor, a jego aromat jest z\u0142o\u017cony, z nutami dojrza\u0142ych owoc\u00f3w le\u015bnych, takich jak maliny i je\u017cyny, z dodatkiem nut przypraw, takich jak ga\u0142ka muszkato\u0142owa, cynamon i pieprz. W smaku jest pe\u0142ne, z dobrze zr\u00f3wnowa\u017con\u0105 kwasowo\u015bci\u0105 i taninami, co nadaje mu wytrawny, d\u0142ugi finisz.<br \/>Wino Cinquepassi Rosso najlepiej podawa\u0107 w temperaturze pokojowej lub lekko sch\u0142odzone, w temperaturze od 16 do 18 stopni Celsjusza. Doskonale komponuje si\u0119 z czerwonym mi\u0119sem, dziczyzn\u0105, grillowanymi potrawami, makaronem i serami o intensywnym smaku.<\/p>\n","protected":false},"excerpt":{"rendered":"<p>Wspania\u0142e autorskie wino w\u0142oskie z Veneto. Wino to jest laureatem wielu presti\u017cowych nagr\u00f3d jak min srebrny medal od DECANTERA. Kto zna si\u0119 na winach w\u0142oskich dobrze wie \u017ce cz\u0119sto bywa, \u017ce wina IGT wielokrotnie przewy\u017cszaj\u0105 jako\u015bci\u0105 wina DOCG.<\/p>\n<p>Wino Cinquepassi Rosso ma intensywny, ciemnoczerwony kolor, a jego aromat jest z\u0142o\u017cony, z nutami dojrza\u0142ych owoc\u00f3w le\u015bnych, takich jak maliny i je\u017cyny, z dodatkiem nut przypraw, takich jak ga\u0142ka muszkato\u0142owa, cynamon i pieprz. W smaku jest pe\u0142ne, z dobrze zr\u00f3wnowa\u017con\u0105 kwasowo\u015bci\u0105 i taninami, co nadaje mu wytrawny, d\u0142ugi finisz.<br \/>Wino Cinquepassi Rosso najlepiej podawa\u0107 w temperaturze pokojowej lub lekko sch\u0142odzone, w temperaturze od 16 do 18 stopni Celsjusza. Doskonale komponuje si\u0119 z czerwonym mi\u0119sem, dziczyzn\u0105, grillowanymi potrawami, makaronem i serami o intensywnym smaku.<\/p>\n","protected":false},"featured_media":18580,"comment_status":"open","ping_status":"closed","template":"","meta":[],"product_cat":[15],"product_tag":[],"class_list":{"0":"post-18581","1":"product","2":"type-product","3":"status-publish","4":"has-post-thumbnail","6":"product_cat-inne","8":"first","9":"instock","10":"sale","11":"shipping-taxable","12":"purchasable","13":"product-type-simple"},"_links":{"self":[{"href":"https:\/\/hurt.wineport.pl\/index.php?rest_route=\/wp\/v2\/product\/18581","targetHints":{"allow":["GET"]}}],"collection":[{"href":"https:\/\/hurt.wineport.pl\/index.php?rest_route=\/wp\/v2\/product"}],"about":[{"href":"https:\/\/hurt.wineport.pl\/index.php?rest_route=\/wp\/v2\/types\/product"}],"replies":[{"embeddable":true,"href":"https:\/\/hurt.wineport.pl\/index.php?rest_route=%2Fwp%2Fv2%2Fcomments&post=18581"}],"wp:featuredmedia":[{"embeddable":true,"href":"https:\/\/hurt.wineport.pl\/index.php?rest_route=\/wp\/v2\/media\/18580"}],"wp:attachment":[{"href":"https:\/\/hurt.wineport.pl\/index.php?rest_route=%2Fwp%2Fv2%2Fmedia&parent=18581"}],"wp:term":[{"taxonomy":"product_cat","embeddable":true,"href":"https:\/\/hurt.wineport.pl\/index.php?rest_route=%2Fwp%2Fv2%2Fproduct_cat&post=18581"},{"taxonomy":"product_tag","embeddable":true,"href":"https:\/\/hurt.wineport.pl\/index.php?rest_route=%2Fwp%2Fv2%2Fproduct_tag&post=18581"}],"curies":[{"name":"wp","href":"https:\/\/api.w.org\/{rel}","templated":true}]}}