{"id":18635,"date":"2024-05-18T00:39:24","date_gmt":"2024-05-17T22:39:24","guid":{"rendered":"https:\/\/hurt.wineport.pl\/?product=monte-tre-carlini-negroamaro-i-g-p-puglia-075l"},"modified":"2024-05-29T17:07:35","modified_gmt":"2024-05-29T15:07:35","slug":"monte-tre-carlini-negroamaro-i-g-p-puglia-075l","status":"publish","type":"product","link":"https:\/\/hurt.wineport.pl\/?product=monte-tre-carlini-negroamaro-i-g-p-puglia-075l","title":{"rendered":"MONTE TRE CARLINI Negroamaro I.G.P. Puglia 0,75L"},"content":{"rendered":"<p><font color=\"#000000\"><font face=\"Times New Roman, serif\"><font size=\"2\">Tenuta Girolomo to ma\u0142y rodzinny producent win w Pugli posiadaj\u0105cy 50 hektar\u00f3w winoro\u015bli i produkuj\u0105cy ok 300000 butelek rocznie. Winogrona do produkcji tego wina pochodz\u0105 z doliny Itria ok 450m nad poziomem morza. Negroamaro Monte Tre Carlini przez ok 12 miesi\u0119cy w beczkach z d\u0119bu francuskiego nast\u0119pnie przez minimum 6 miesi\u0119cy w butelkach. Bukiet posiada nuty je\u017cyny, wi\u015bni i \u015bliwki po\u0142\u0105czone z pikantnymi nutami cynamonu i kawy. Wino w smaku aksamitne i kr\u0105g\u0142e z wspania\u0142ym d\u0142ugim \u00a0finiszem. Intensywne taniny sprawi\u0105j\u0105 \u017ce wino te idealnie komponuj\u0119 si\u0119 z czerwonym mi\u0119sem zczegolnie z daniami z dziczyzny. Serwowa\u0107 w temperaturze od 16C do 18C. Zawarto\u015b\u0107 alkoholu \u00a014%.Wino otrzyma\u0142o 95pkt!!!!!!! w skali parkera od Luca Marconiego wybitnego someliera oraz tw\u00f3rc\u0119 przewodnika po winach w\u0142oskich!<\/font><\/font><\/font><\/p>\n<p><a href=\"http:\/\/www.tenutegirolamo.it\/\"><font color=\"#231f20\"><font face=\"Times New Roman, serif\"><font size=\"2\">http:\/\/www.tenutegirolamo.it<\/font><\/font><\/font><\/a><font color=\"#000000\"><font face=\"Times New Roman, serif\"><font size=\"2\">\u00a0<\/font><\/font><\/font><\/p>\n<p><font color=\"#000000\"><font face=\"Times New Roman, serif\"><font size=\"2\">Nagrody:<\/font><\/font><\/font><\/p>\n<p><a href=\"http:\/\/www.tenutegirolamo.it\/berliner-wein-trophy\/\"><font color=\"#231f20\"><font face=\"Times New Roman, serif\"><font size=\"2\">http:\/\/www.tenutegirolamo.it\/berliner-wein-trophy\/<\/font><\/font><\/font><\/a><\/p>\n<p><a href=\"http:\/\/www.tenutegirolamo.it\/decanter-asia-wine-awards\/\"><font color=\"#231f20\"><font face=\"Times New Roman, serif\"><font size=\"2\">http:\/\/www.tenutegirolamo.it\/decanter-asia-wine-awards\/<\/font><\/font><\/font><\/a><\/p>\n<p><a href=\"http:\/\/www.tenutegirolamo.it\/mundus.vini\/\"><font color=\"#231f20\"><font face=\"Times New Roman, serif\"><font size=\"2\">http:\/\/www.tenutegirolamo.it\/mundus.vini\/<\/font><\/font><\/font><\/a><\/p>\n<p><a href=\"http:\/\/www.tenutegirolamo.it\/wine-spectator\/\"><font color=\"#231f20\"><font face=\"Times New Roman, serif\"><font size=\"2\">http:\/\/www.tenutegirolamo.it\/wine-spectator\/<\/font><\/font><\/font><\/a><\/p><\/p>\n","protected":false},"excerpt":{"rendered":"<p><font color=\"#000000\"><font face=\"Times New Roman, serif\"><font size=\"2\">Tenuta Girolomo to ma\u0142y rodzinny producent win w Pugli posiadaj\u0105cy 50 hektar\u00f3w winoro\u015bli i produkuj\u0105cy ok 300000 butelek rocznie. Winogrona do produkcji tego wina pochodz\u0105 z doliny Itria ok 450m nad poziomem morza. Negroamaro Monte Tre Carlini przez ok 12 miesi\u0119cy w beczkach z d\u0119bu francuskiego nast\u0119pnie przez minimum 6 miesi\u0119cy w butelkach. Bukiet posiada nuty je\u017cyny, wi\u015bni i \u015bliwki po\u0142\u0105czone z pikantnymi nutami cynamonu i kawy. Wino w smaku aksamitne i kr\u0105g\u0142e z wspania\u0142ym d\u0142ugim \u00a0finiszem. Intensywne taniny sprawi\u0105j\u0105 \u017ce wino te idealnie komponuj\u0119 si\u0119 z czerwonym mi\u0119sem zczegolnie z daniami z dziczyzny. Serwowa\u0107 w temperaturze od 16C do 18C. Zawarto\u015b\u0107 alkoholu \u00a014%.Wino otrzyma\u0142o 95pkt!!!!!!! w skali parkera od Luca Marconiego wybitnego someliera oraz tw\u00f3rc\u0119 przewodnika po winach w\u0142oskich!<\/font><\/font><\/font><\/p>\n<p><a href=\"http:\/\/www.tenutegirolamo.it\/\"><font color=\"#231f20\"><font face=\"Times New Roman, serif\"><font size=\"2\">http:\/\/www.tenutegirolamo.it<\/font><\/font><\/font><\/a><font color=\"#000000\"><font face=\"Times New Roman, serif\"><font size=\"2\">\u00a0<\/font><\/font><\/font><\/p>\n<p><font color=\"#000000\"><font face=\"Times New Roman, serif\"><font size=\"2\">Nagrody:<\/font><\/font><\/font><\/p>\n<p><a href=\"http:\/\/www.tenutegirolamo.it\/berliner-wein-trophy\/\"><font color=\"#231f20\"><font face=\"Times New Roman, serif\"><font size=\"2\">http:\/\/www.tenutegirolamo.it\/berliner-wein-trophy\/<\/font><\/font><\/font><\/a><\/p>\n<p><a href=\"http:\/\/www.tenutegirolamo.it\/decanter-asia-wine-awards\/\"><font color=\"#231f20\"><font face=\"Times New Roman, serif\"><font size=\"2\">http:\/\/www.tenutegirolamo.it\/decanter-asia-wine-awards\/<\/font><\/font><\/font><\/a><\/p>\n<p><a href=\"http:\/\/www.tenutegirolamo.it\/mundus.vini\/\"><font color=\"#231f20\"><font face=\"Times New Roman, serif\"><font size=\"2\">http:\/\/www.tenutegirolamo.it\/mundus.vini\/<\/font><\/font><\/font><\/a><\/p>\n<p><a href=\"http:\/\/www.tenutegirolamo.it\/wine-spectator\/\"><font color=\"#231f20\"><font face=\"Times New Roman, serif\"><font size=\"2\">http:\/\/www.tenutegirolamo.it\/wine-spectator\/<\/font><\/font><\/font><\/a><\/p><\/p>\n","protected":false},"featured_media":18634,"comment_status":"open","ping_status":"closed","template":"","meta":[],"product_cat":[15,281,274,280],"product_tag":[],"class_list":{"0":"post-18635","1":"product","2":"type-product","3":"status-publish","4":"has-post-thumbnail","6":"product_cat-inne","7":"product_cat-wina","8":"product_cat-wlochy","9":"product_cat-puglia","11":"first","12":"instock","13":"sale","14":"shipping-taxable","15":"purchasable","16":"product-type-simple"},"_links":{"self":[{"href":"https:\/\/hurt.wineport.pl\/index.php?rest_route=\/wp\/v2\/product\/18635","targetHints":{"allow":["GET"]}}],"collection":[{"href":"https:\/\/hurt.wineport.pl\/index.php?rest_route=\/wp\/v2\/product"}],"about":[{"href":"https:\/\/hurt.wineport.pl\/index.php?rest_route=\/wp\/v2\/types\/product"}],"replies":[{"embeddable":true,"href":"https:\/\/hurt.wineport.pl\/index.php?rest_route=%2Fwp%2Fv2%2Fcomments&post=18635"}],"wp:featuredmedia":[{"embeddable":true,"href":"https:\/\/hurt.wineport.pl\/index.php?rest_route=\/wp\/v2\/media\/18634"}],"wp:attachment":[{"href":"https:\/\/hurt.wineport.pl\/index.php?rest_route=%2Fwp%2Fv2%2Fmedia&parent=18635"}],"wp:term":[{"taxonomy":"product_cat","embeddable":true,"href":"https:\/\/hurt.wineport.pl\/index.php?rest_route=%2Fwp%2Fv2%2Fproduct_cat&post=18635"},{"taxonomy":"product_tag","embeddable":true,"href":"https:\/\/hurt.wineport.pl\/index.php?rest_route=%2Fwp%2Fv2%2Fproduct_tag&post=18635"}],"curies":[{"name":"wp","href":"https:\/\/api.w.org\/{rel}","templated":true}]}}