{"id":19016,"date":"2024-05-18T00:53:00","date_gmt":"2024-05-17T22:53:00","guid":{"rendered":"https:\/\/hurt.wineport.pl\/?product=wino-cabernetrose-r-w-075l"},"modified":"2024-06-07T12:03:24","modified_gmt":"2024-06-07T10:03:24","slug":"wino-cabernetrose-r-w-075l","status":"publish","type":"product","link":"https:\/\/hurt.wineport.pl\/?product=wino-cabernetrose-r-w-075l","title":{"rendered":"Wino CabernetRose r\/w 0,75L"},"content":{"rendered":"<p>Winnica Rudi R\u00fcttger zosta\u0142a za\u0142o\u017cona w 1643r.<\/p>\n<p>Rocznik: 2017<\/p>\n<p>Region: Pfalz<\/p>\n<p>Alkohol: 12 % Vol<\/p>\n<p>Uprawiane na zboczu wzg\u00f3rza, na 300m N.P.M.<br \/>Przez wapienne ska\u0142y, kt\u00f3re znajduj\u0105 si\u0119 w okolicy to Ros\u00e9 smakuje do\u015b\u0107 niecodziennie.<br \/>Trawiasto-zielony smak i przyzwoite nutki pieprzu,<br \/>przypominaj\u0105 delikatnie czerwone wina.<br \/>Najlepsza temperatura serwowania: 9-11 \u00b0 C<\/p>\n","protected":false},"excerpt":{"rendered":"<p>Winnica Rudi R\u00fcttger zosta\u0142a za\u0142o\u017cona w 1643r.<\/p>\n<p>Rocznik: 2017<\/p>\n<p>Region: Pfalz<\/p>\n<p>Alkohol: 12 % Vol<\/p>\n<p>Uprawiane na zboczu wzg\u00f3rza, na 300m N.P.M.<br \/>Przez wapienne ska\u0142y, kt\u00f3re znajduj\u0105 si\u0119 w okolicy to Ros\u00e9 smakuje do\u015b\u0107 niecodziennie.<br \/>Trawiasto-zielony smak i przyzwoite nutki pieprzu,<br \/>przypominaj\u0105 delikatnie czerwone wina.<br \/>Najlepsza temperatura serwowania: 9-11 \u00b0 C<\/p>\n","protected":false},"featured_media":19015,"comment_status":"open","ping_status":"closed","template":"","meta":[],"product_cat":[15,281,290],"product_tag":[],"class_list":{"0":"post-19016","1":"product","2":"type-product","3":"status-publish","4":"has-post-thumbnail","6":"product_cat-inne","7":"product_cat-wina","8":"product_cat-niemcy","10":"first","11":"instock","12":"sale","13":"shipping-taxable","14":"purchasable","15":"product-type-simple"},"_links":{"self":[{"href":"https:\/\/hurt.wineport.pl\/index.php?rest_route=\/wp\/v2\/product\/19016","targetHints":{"allow":["GET"]}}],"collection":[{"href":"https:\/\/hurt.wineport.pl\/index.php?rest_route=\/wp\/v2\/product"}],"about":[{"href":"https:\/\/hurt.wineport.pl\/index.php?rest_route=\/wp\/v2\/types\/product"}],"replies":[{"embeddable":true,"href":"https:\/\/hurt.wineport.pl\/index.php?rest_route=%2Fwp%2Fv2%2Fcomments&post=19016"}],"wp:featuredmedia":[{"embeddable":true,"href":"https:\/\/hurt.wineport.pl\/index.php?rest_route=\/wp\/v2\/media\/19015"}],"wp:attachment":[{"href":"https:\/\/hurt.wineport.pl\/index.php?rest_route=%2Fwp%2Fv2%2Fmedia&parent=19016"}],"wp:term":[{"taxonomy":"product_cat","embeddable":true,"href":"https:\/\/hurt.wineport.pl\/index.php?rest_route=%2Fwp%2Fv2%2Fproduct_cat&post=19016"},{"taxonomy":"product_tag","embeddable":true,"href":"https:\/\/hurt.wineport.pl\/index.php?rest_route=%2Fwp%2Fv2%2Fproduct_tag&post=19016"}],"curies":[{"name":"wp","href":"https:\/\/api.w.org\/{rel}","templated":true}]}}