{"id":19100,"date":"2024-05-18T00:55:35","date_gmt":"2024-05-17T22:55:35","guid":{"rendered":"https:\/\/hurt.wineport.pl\/?product=chocolates-from-heaven-ekologiczna-czekolada-gorzka-72-z-jagodami-100g"},"modified":"2024-06-07T14:24:23","modified_gmt":"2024-06-07T12:24:23","slug":"chocolates-from-heaven-ekologiczna-czekolada-gorzka-72-z-jagodami-100g","status":"publish","type":"product","link":"https:\/\/hurt.wineport.pl\/?product=chocolates-from-heaven-ekologiczna-czekolada-gorzka-72-z-jagodami-100g","title":{"rendered":"Chocolates from Heaven Ekologiczna Czekolada gorzka 72% z jagodami 100g"},"content":{"rendered":"<p>Ekologiczna belgijska czekolada 72% ze sk\u00f3rk\u0105 pomara\u0144czow\u0105, wyprodukowana w Belgijskiej manufakturze Klingele.<br \/>Czekolada posiada certyfikat EcoBio i Fair Trade<\/p>\n<p>\u00a0Gramatura 100g<\/p>\n","protected":false},"excerpt":{"rendered":"<p>Ekologiczna belgijska czekolada 72% ze sk\u00f3rk\u0105 pomara\u0144czow\u0105, wyprodukowana w Belgijskiej manufakturze Klingele.<br \/>Czekolada posiada certyfikat EcoBio i Fair Trade<\/p>\n<p>\u00a0Gramatura 100g<\/p>\n","protected":false},"featured_media":19099,"comment_status":"open","ping_status":"closed","template":"","meta":[],"product_cat":[15,282,283],"product_tag":[],"class_list":{"0":"post-19100","1":"product","2":"type-product","3":"status-publish","4":"has-post-thumbnail","6":"product_cat-inne","7":"product_cat-delikatesy","8":"product_cat-wyroby-czekoladowe","10":"first","11":"instock","12":"sale","13":"shipping-taxable","14":"purchasable","15":"product-type-simple"},"_links":{"self":[{"href":"https:\/\/hurt.wineport.pl\/index.php?rest_route=\/wp\/v2\/product\/19100","targetHints":{"allow":["GET"]}}],"collection":[{"href":"https:\/\/hurt.wineport.pl\/index.php?rest_route=\/wp\/v2\/product"}],"about":[{"href":"https:\/\/hurt.wineport.pl\/index.php?rest_route=\/wp\/v2\/types\/product"}],"replies":[{"embeddable":true,"href":"https:\/\/hurt.wineport.pl\/index.php?rest_route=%2Fwp%2Fv2%2Fcomments&post=19100"}],"wp:featuredmedia":[{"embeddable":true,"href":"https:\/\/hurt.wineport.pl\/index.php?rest_route=\/wp\/v2\/media\/19099"}],"wp:attachment":[{"href":"https:\/\/hurt.wineport.pl\/index.php?rest_route=%2Fwp%2Fv2%2Fmedia&parent=19100"}],"wp:term":[{"taxonomy":"product_cat","embeddable":true,"href":"https:\/\/hurt.wineport.pl\/index.php?rest_route=%2Fwp%2Fv2%2Fproduct_cat&post=19100"},{"taxonomy":"product_tag","embeddable":true,"href":"https:\/\/hurt.wineport.pl\/index.php?rest_route=%2Fwp%2Fv2%2Fproduct_tag&post=19100"}],"curies":[{"name":"wp","href":"https:\/\/api.w.org\/{rel}","templated":true}]}}