{"id":19115,"date":"2024-05-18T00:56:25","date_gmt":"2024-05-17T22:56:25","guid":{"rendered":"https:\/\/hurt.wineport.pl\/?product=wino-promesa-crianza-d-o-c-rioja-075l"},"modified":"2024-05-29T16:30:49","modified_gmt":"2024-05-29T14:30:49","slug":"wino-promesa-crianza-d-o-c-rioja-075l","status":"publish","type":"product","link":"https:\/\/hurt.wineport.pl\/?product=wino-promesa-crianza-d-o-c-rioja-075l","title":{"rendered":"Wino Promesa Crianza D.O.C. RIOJA 0,75L"},"content":{"rendered":"<p>Region: Rioja Alta i Rioja Alavesa producent posiada 2 posiad\u0142o\u015bci w tych regionach,\u00a0w\u0142a\u015bnie z region\u00f3w Rioja Alta i Rioja Alavesa\u00a0pochodz\u0105 wszystkie najlepsze wina z Rioja!Szczep: 100% Tempranillo<\/p>\n<p>Zawarto\u015b\u0107 alkoholu: 13,5%<\/p>\n<p>Kolor:<\/p>\n<p>\u015arednio-wysoka intensywno\u015b\u0107, bordowy kolor z niebieskaw\u0105\u00a0po\u015bwiat\u0105.<\/p>\n<p>Zapach:<\/p>\n<p>Aromaty od je\u017cyn i bor\u00f3wek z nutami przypraw korzennych- go\u017adzik\u00f3w i cynamonu do d\u0119bu, \u0142agodnego tytoniu i lekkiego\u00a0octu balsamicznego. Typowe dla tej odmiany winogron elegancja i z\u0142o\u017cono\u015b\u0107.<\/p>\n<p>Smak:<\/p>\n<p>Spo\u015br\u00f3d z trzech atrybut\u00f3w wina, ten otrzymuje najwy\u017csze noty dzi\u0119ki \u015bwie\u017co\u015bci i g\u0142adko\u015bci na starcie, kt\u00f3re przeradzaj\u0105 si\u0119 w wyrafinowan\u0105 struktur\u0119. D\u0142ugi i zjawiskowy finisz.<\/p>\n<p>Nale\u017cy podawa\u0107 z:<\/p>\n<p>\u015brednio-dojrza\u0142ymi serami, bia\u0142ymi i czerwonymi mi\u0119sami, jagni\u0119cin\u0105, rybami i daniami z fasol\u0105.<\/p>\n","protected":false},"excerpt":{"rendered":"<p>Region: Rioja Alta i Rioja Alavesa producent posiada 2 posiad\u0142o\u015bci w tych regionach,\u00a0w\u0142a\u015bnie z region\u00f3w Rioja Alta i Rioja Alavesa\u00a0pochodz\u0105 wszystkie najlepsze wina z Rioja!<\/p>\n<p>Szczep: 100% Tempranillo<\/p>\n<p>Zawarto\u015b\u0107 alkoholu: 13,5%<\/p>\n<p>Kolor:<\/p>\n<p>\u015arednio-wysoka intensywno\u015b\u0107, bordowy kolor z niebieskaw\u0105\u00a0po\u015bwiat\u0105.<\/p>\n<p>Zapach:<\/p>\n<p>Aromaty od je\u017cyn i bor\u00f3wek z nutami przypraw korzennych- go\u017adzik\u00f3w i cynamonu do d\u0119bu, \u0142agodnego tytoniu i lekkiego\u00a0octu balsamicznego. Typowe dla tej odmiany winogron elegancja i z\u0142o\u017cono\u015b\u0107.<\/p>\n<p>Smak:<\/p>\n<p>Spo\u015br\u00f3d z trzech atrybut\u00f3w wina, ten otrzymuje najwy\u017csze noty dzi\u0119ki \u015bwie\u017co\u015bci i g\u0142adko\u015bci na starcie, kt\u00f3re przeradzaj\u0105 si\u0119 w wyrafinowan\u0105 struktur\u0119. D\u0142ugi i zjawiskowy finisz.<\/p>\n<p>Nale\u017cy podawa\u0107 z:<\/p>\n<p>\u015brednio-dojrza\u0142ymi serami, bia\u0142ymi i czerwonymi mi\u0119sami, jagni\u0119cin\u0105, rybami i daniami z fasol\u0105.<\/p>\n","protected":false},"featured_media":19114,"comment_status":"open","ping_status":"closed","template":"","meta":[],"product_cat":[15,281,275,308],"product_tag":[],"class_list":{"0":"post-19115","1":"product","2":"type-product","3":"status-publish","4":"has-post-thumbnail","6":"product_cat-inne","7":"product_cat-wina","8":"product_cat-hiszpania","9":"product_cat-rioja","11":"first","12":"instock","13":"sale","14":"shipping-taxable","15":"purchasable","16":"product-type-simple"},"_links":{"self":[{"href":"https:\/\/hurt.wineport.pl\/index.php?rest_route=\/wp\/v2\/product\/19115","targetHints":{"allow":["GET"]}}],"collection":[{"href":"https:\/\/hurt.wineport.pl\/index.php?rest_route=\/wp\/v2\/product"}],"about":[{"href":"https:\/\/hurt.wineport.pl\/index.php?rest_route=\/wp\/v2\/types\/product"}],"replies":[{"embeddable":true,"href":"https:\/\/hurt.wineport.pl\/index.php?rest_route=%2Fwp%2Fv2%2Fcomments&post=19115"}],"wp:featuredmedia":[{"embeddable":true,"href":"https:\/\/hurt.wineport.pl\/index.php?rest_route=\/wp\/v2\/media\/19114"}],"wp:attachment":[{"href":"https:\/\/hurt.wineport.pl\/index.php?rest_route=%2Fwp%2Fv2%2Fmedia&parent=19115"}],"wp:term":[{"taxonomy":"product_cat","embeddable":true,"href":"https:\/\/hurt.wineport.pl\/index.php?rest_route=%2Fwp%2Fv2%2Fproduct_cat&post=19115"},{"taxonomy":"product_tag","embeddable":true,"href":"https:\/\/hurt.wineport.pl\/index.php?rest_route=%2Fwp%2Fv2%2Fproduct_tag&post=19115"}],"curies":[{"name":"wp","href":"https:\/\/api.w.org\/{rel}","templated":true}]}}