{"id":19151,"date":"2024-05-18T00:57:05","date_gmt":"2024-05-17T22:57:05","guid":{"rendered":"https:\/\/hurt.wineport.pl\/?product=tokaji-tokaji-sargamuskotaly-polslodkie-gotz-pinceszet-075l"},"modified":"2024-06-07T12:04:59","modified_gmt":"2024-06-07T10:04:59","slug":"tokaji-tokaji-sargamuskotaly-polslodkie-gotz-pinceszet-075l","status":"publish","type":"product","link":"https:\/\/hurt.wineport.pl\/?product=tokaji-tokaji-sargamuskotaly-polslodkie-gotz-pinceszet-075l","title":{"rendered":"Tokaji Tokaji S\u00e1rgamuskot\u00e1ly p\u00f3\u0142s\u0142odkie G\u00f6tz Pinc\u00e9szet 0,75l"},"content":{"rendered":"<p>Wino bia\u0142e, p\u00f3\u0142s\u0142odkie, gronowe<\/p>\n<p>Kraj pochodzenia: W\u0119gry<\/p>\n<p>Zawarto\u015b\u0107 alkoholu: 11%<\/p>\n<p>Pojemno\u015b\u0107: 0,75l<\/p>\n<p>\u00a0<\/p>\n<p>S\u00e1rgamuskot\u00e1ly to wino o charakterystycznie intensywnym i przyjemnym zapachu oraz stonowanej kwasowo\u015bci.<\/p>\n<p>Jedno z ulubionych win konsument\u00f3w. Delikatna kwasowo\u015b\u0107 sprawia, \u017ce wino jest rze\u015bkie i lekkie w spo\u017cyciu.<\/p>\n<p>Wytwarzane w procesie redukcyjnym wino o niesamowitych walorach smakowych.\u00a0Winnica\u00a0G\u00f6tz Pinc\u00e9szet i jej zabytkowe piwniczki przypominaj\u0105ce wiosk\u0119 hobbit\u00f3w zosta\u0142y wpisane na list\u0119 dziedzictwa UNESCO.\u00a0<a href=\"https:\/\/gotzpinceszet.hu\/\">https:\/\/gotzpinceszet.hu\/<\/a>\u00a0<\/p>\n<h2 class=\"h3\">\u00a0<\/h2>\n","protected":false},"excerpt":{"rendered":"<p>Wino bia\u0142e, p\u00f3\u0142s\u0142odkie, gronowe<\/p>\n<p>Kraj pochodzenia: W\u0119gry<\/p>\n<p>Zawarto\u015b\u0107 alkoholu: 11%<\/p>\n<p>Pojemno\u015b\u0107: 0,75l<\/p>\n<p>\u00a0<\/p>\n<p>S\u00e1rgamuskot\u00e1ly to wino o charakterystycznie intensywnym i przyjemnym zapachu oraz stonowanej kwasowo\u015bci.<\/p>\n<p>Jedno z ulubionych win konsument\u00f3w. Delikatna kwasowo\u015b\u0107 sprawia, \u017ce wino jest rze\u015bkie i lekkie w spo\u017cyciu.<\/p>\n<p>Wytwarzane w procesie redukcyjnym wino o niesamowitych walorach smakowych.\u00a0<\/p>\n<p>Winnica\u00a0G\u00f6tz Pinc\u00e9szet i jej zabytkowe piwniczki przypominaj\u0105ce wiosk\u0119 hobbit\u00f3w zosta\u0142y wpisane na list\u0119 dziedzictwa UNESCO.\u00a0<a href=\"https:\/\/gotzpinceszet.hu\/\">https:\/\/gotzpinceszet.hu\/<\/a>\u00a0<\/p>\n<h2 class=\"h3\">\u00a0<\/h2>\n","protected":false},"featured_media":19150,"comment_status":"open","ping_status":"closed","template":"","meta":[],"product_cat":[15,281,277],"product_tag":[],"class_list":{"0":"post-19151","1":"product","2":"type-product","3":"status-publish","4":"has-post-thumbnail","6":"product_cat-inne","7":"product_cat-wina","8":"product_cat-wegry","10":"first","11":"instock","12":"sale","13":"shipping-taxable","14":"purchasable","15":"product-type-simple"},"_links":{"self":[{"href":"https:\/\/hurt.wineport.pl\/index.php?rest_route=\/wp\/v2\/product\/19151","targetHints":{"allow":["GET"]}}],"collection":[{"href":"https:\/\/hurt.wineport.pl\/index.php?rest_route=\/wp\/v2\/product"}],"about":[{"href":"https:\/\/hurt.wineport.pl\/index.php?rest_route=\/wp\/v2\/types\/product"}],"replies":[{"embeddable":true,"href":"https:\/\/hurt.wineport.pl\/index.php?rest_route=%2Fwp%2Fv2%2Fcomments&post=19151"}],"wp:featuredmedia":[{"embeddable":true,"href":"https:\/\/hurt.wineport.pl\/index.php?rest_route=\/wp\/v2\/media\/19150"}],"wp:attachment":[{"href":"https:\/\/hurt.wineport.pl\/index.php?rest_route=%2Fwp%2Fv2%2Fmedia&parent=19151"}],"wp:term":[{"taxonomy":"product_cat","embeddable":true,"href":"https:\/\/hurt.wineport.pl\/index.php?rest_route=%2Fwp%2Fv2%2Fproduct_cat&post=19151"},{"taxonomy":"product_tag","embeddable":true,"href":"https:\/\/hurt.wineport.pl\/index.php?rest_route=%2Fwp%2Fv2%2Fproduct_tag&post=19151"}],"curies":[{"name":"wp","href":"https:\/\/api.w.org\/{rel}","templated":true}]}}