{"id":19163,"date":"2024-05-18T00:58:22","date_gmt":"2024-05-17T22:58:22","guid":{"rendered":"https:\/\/hurt.wineport.pl\/?product=herbata-teaport-herbata-zielona-gunpowder-50g"},"modified":"2024-06-07T13:26:36","modified_gmt":"2024-06-07T11:26:36","slug":"herbata-teaport-herbata-zielona-gunpowder-50g","status":"publish","type":"product","link":"https:\/\/hurt.wineport.pl\/?product=herbata-teaport-herbata-zielona-gunpowder-50g","title":{"rendered":"Herbata TEAPORT Herbata Zielona gunpowder 50G"},"content":{"rendered":"<p>Herbata zielona GP1(gun powder). Listki gunpowder zwijane s\u0105 w trakcie przetwarzania w malutkie kuleczki. Ta herbata zawiera antyoksydanty (przeciwutleniacze) i kofein\u0119 kt\u00f3re pobudzaja, dodaje energii i doskonale oczyszcza organizm z toksyn. Wzmacnia uk\u0142ad oddechowy i nerwowy, pomaga w koncentracji, gdy\u017c aktywizuje prac\u0119 m\u00f3zgu. Napar tej herbaty ma bursztynowy kolor, mocny, troch\u0119 cierpki smak i s\u0142odkawy zarazem.<\/p>\n<p>Powinno si\u0119 j\u0105 zalewa\u0107 gor\u0105c\u0105 wod\u0105 (80st.C) i zaparza\u0107 od 3 do 4 minut.<\/p>\n<p><strong>\u00a0<\/strong><\/p>\n<p>Sk\u0142adniki: Mieszanka zielonych herbat GP1 20% zielonej herbaty z Cejlonu 80% herbaty z innych kraj\u00f3w<\/p>\n","protected":false},"excerpt":{"rendered":"<p>Herbata zielona GP1(gun powder). Listki gunpowder zwijane s\u0105 w trakcie przetwarzania w malutkie kuleczki. Ta herbata zawiera antyoksydanty (przeciwutleniacze) i kofein\u0119 kt\u00f3re pobudzaja, dodaje energii i doskonale oczyszcza organizm z toksyn. Wzmacnia uk\u0142ad oddechowy i nerwowy, pomaga w koncentracji, gdy\u017c aktywizuje prac\u0119 m\u00f3zgu. Napar tej herbaty ma bursztynowy kolor, mocny, troch\u0119 cierpki smak i s\u0142odkawy zarazem.<\/p>\n<p>Powinno si\u0119 j\u0105 zalewa\u0107 gor\u0105c\u0105 wod\u0105 (80st.C) i zaparza\u0107 od 3 do 4 minut.<\/p>\n<p><strong>\u00a0<\/strong><\/p>\n<p>Sk\u0142adniki: Mieszanka zielonych herbat GP1 20% zielonej herbaty z Cejlonu 80% herbaty z innych kraj\u00f3w<\/p>\n","protected":false},"featured_media":19162,"comment_status":"open","ping_status":"closed","template":"","meta":[],"product_cat":[15,282,285],"product_tag":[],"class_list":{"0":"post-19163","1":"product","2":"type-product","3":"status-publish","4":"has-post-thumbnail","6":"product_cat-inne","7":"product_cat-delikatesy","8":"product_cat-herbata","10":"first","11":"instock","12":"sale","13":"shipping-taxable","14":"purchasable","15":"product-type-simple"},"_links":{"self":[{"href":"https:\/\/hurt.wineport.pl\/index.php?rest_route=\/wp\/v2\/product\/19163","targetHints":{"allow":["GET"]}}],"collection":[{"href":"https:\/\/hurt.wineport.pl\/index.php?rest_route=\/wp\/v2\/product"}],"about":[{"href":"https:\/\/hurt.wineport.pl\/index.php?rest_route=\/wp\/v2\/types\/product"}],"replies":[{"embeddable":true,"href":"https:\/\/hurt.wineport.pl\/index.php?rest_route=%2Fwp%2Fv2%2Fcomments&post=19163"}],"wp:featuredmedia":[{"embeddable":true,"href":"https:\/\/hurt.wineport.pl\/index.php?rest_route=\/wp\/v2\/media\/19162"}],"wp:attachment":[{"href":"https:\/\/hurt.wineport.pl\/index.php?rest_route=%2Fwp%2Fv2%2Fmedia&parent=19163"}],"wp:term":[{"taxonomy":"product_cat","embeddable":true,"href":"https:\/\/hurt.wineport.pl\/index.php?rest_route=%2Fwp%2Fv2%2Fproduct_cat&post=19163"},{"taxonomy":"product_tag","embeddable":true,"href":"https:\/\/hurt.wineport.pl\/index.php?rest_route=%2Fwp%2Fv2%2Fproduct_tag&post=19163"}],"curies":[{"name":"wp","href":"https:\/\/api.w.org\/{rel}","templated":true}]}}