{"id":19184,"date":"2024-05-18T00:59:01","date_gmt":"2024-05-17T22:59:01","guid":{"rendered":"https:\/\/hurt.wineport.pl\/?product=ronfini-valdobbiadene-prosecco-superiore-docg-rive-di-col-s-martino-dry-075l"},"modified":"2024-06-07T14:06:14","modified_gmt":"2024-06-07T12:06:14","slug":"ronfini-valdobbiadene-prosecco-superiore-docg-rive-di-col-s-martino-dry-075l","status":"publish","type":"product","link":"https:\/\/hurt.wineport.pl\/?product=ronfini-valdobbiadene-prosecco-superiore-docg-rive-di-col-s-martino-dry-075l","title":{"rendered":"Ronfini Valdobbiadene Prosecco Superiore Docg &#8211; Rive di Col S.Martino &#8211; Dry 0,75l"},"content":{"rendered":"<p>Zawarto\u015b\u0107 alkoholu: 11,5%<\/p>\n<p>Zawarto\u015b\u0107 cukru: 19 g\/l<\/p>\n<p>Ci\u015bnienie w 20\u00b0C: 4,5 bara<\/p>\n<p>Szczep: Glera z dodatkiem odmian Verdiso, Bianchetta i Glera lungo<\/p>\n<p>Pojemno\u015b\u0107: 0,75l<\/p>\n<p>Ronfini to ma\u0142a rodzinna firma posiadaj\u0105ca swoje winnice w Valdobiadene Superiore to najlepsze miejsce we W\u0142oszech na produkcj\u0119 prosecco. Ronfini to firma produkuj\u0105ca swoje produkty dla gastronomii wina nie posiadaja nawet kod\u00f3w kreskowych. S\u0142omkowo\u017c\u00f3\u0142te z zielon\u0105 po\u015bwiat\u0105. Drobne i d\u0142ugo utrzymuj\u0105ce si\u0119 b\u0105belki. Elegancki i z\u0142o\u017cony zapach dojrza\u0142ych owoc\u00f3w i polnych kwiat\u00f3w. Wyrazisty i d\u0142ugo utrzymuj\u0105cy si\u0119 smak. Podawa\u0107 w temperaturze 6-8\u00b0C.<\/p>\n<p>Nagrody:<\/p>\n<p>The WineHunter Awards 2020<\/p>\n<p>Rosso Gold Medal 64\u00b0 Mostra Valdobbiadene Docg 2020<\/p>\n<p>5StarWines Vinitaly 2019 poit 88\/100<\/p>\n<p>Silver Medal Wine Competition \u201cSimposio dei Vini Veneti 2016\u201d<\/p>\n<p>Great Mention 22\u00b0 International Wine Competition Vinitaly 2015<\/p>\n","protected":false},"excerpt":{"rendered":"<p>Zawarto\u015b\u0107 alkoholu: 11,5%<\/p>\n<p>Zawarto\u015b\u0107 cukru: 19 g\/l<\/p>\n<p>Ci\u015bnienie w 20\u00b0C: 4,5 bara<\/p>\n<p>Szczep: Glera z dodatkiem odmian Verdiso, Bianchetta i Glera lungo<\/p>\n<p>Pojemno\u015b\u0107: 0,75l<\/p>\n<p>Ronfini to ma\u0142a rodzinna firma posiadaj\u0105ca swoje winnice w Valdobiadene Superiore to najlepsze miejsce we W\u0142oszech na produkcj\u0119 prosecco. Ronfini to firma produkuj\u0105ca swoje produkty dla gastronomii wina nie posiadaja nawet kod\u00f3w kreskowych. S\u0142omkowo\u017c\u00f3\u0142te z zielon\u0105 po\u015bwiat\u0105. Drobne i d\u0142ugo utrzymuj\u0105ce si\u0119 b\u0105belki. Elegancki i z\u0142o\u017cony zapach dojrza\u0142ych owoc\u00f3w i polnych kwiat\u00f3w. Wyrazisty i d\u0142ugo utrzymuj\u0105cy si\u0119 smak. Podawa\u0107 w temperaturze 6-8\u00b0C.<\/p>\n<p>Nagrody:<\/p>\n<p>The WineHunter Awards 2020<\/p>\n<p>Rosso Gold Medal 64\u00b0 Mostra Valdobbiadene Docg 2020<\/p>\n<p>5StarWines Vinitaly 2019 poit 88\/100<\/p>\n<p>Silver Medal Wine Competition \u201cSimposio dei Vini Veneti 2016\u201d<\/p>\n<p>Great Mention 22\u00b0 International Wine Competition Vinitaly 2015<\/p>\n","protected":false},"featured_media":19183,"comment_status":"open","ping_status":"closed","template":"","meta":[],"product_cat":[314,15,281,274],"product_tag":[],"class_list":{"0":"post-19184","1":"product","2":"type-product","3":"status-publish","4":"has-post-thumbnail","6":"product_cat-veneto","7":"product_cat-inne","8":"product_cat-wina","9":"product_cat-wlochy","11":"first","12":"instock","13":"sale","14":"shipping-taxable","15":"purchasable","16":"product-type-simple"},"_links":{"self":[{"href":"https:\/\/hurt.wineport.pl\/index.php?rest_route=\/wp\/v2\/product\/19184","targetHints":{"allow":["GET"]}}],"collection":[{"href":"https:\/\/hurt.wineport.pl\/index.php?rest_route=\/wp\/v2\/product"}],"about":[{"href":"https:\/\/hurt.wineport.pl\/index.php?rest_route=\/wp\/v2\/types\/product"}],"replies":[{"embeddable":true,"href":"https:\/\/hurt.wineport.pl\/index.php?rest_route=%2Fwp%2Fv2%2Fcomments&post=19184"}],"wp:featuredmedia":[{"embeddable":true,"href":"https:\/\/hurt.wineport.pl\/index.php?rest_route=\/wp\/v2\/media\/19183"}],"wp:attachment":[{"href":"https:\/\/hurt.wineport.pl\/index.php?rest_route=%2Fwp%2Fv2%2Fmedia&parent=19184"}],"wp:term":[{"taxonomy":"product_cat","embeddable":true,"href":"https:\/\/hurt.wineport.pl\/index.php?rest_route=%2Fwp%2Fv2%2Fproduct_cat&post=19184"},{"taxonomy":"product_tag","embeddable":true,"href":"https:\/\/hurt.wineport.pl\/index.php?rest_route=%2Fwp%2Fv2%2Fproduct_tag&post=19184"}],"curies":[{"name":"wp","href":"https:\/\/api.w.org\/{rel}","templated":true}]}}