{"id":19187,"date":"2024-05-18T00:59:02","date_gmt":"2024-05-17T22:59:02","guid":{"rendered":"https:\/\/hurt.wineport.pl\/?product=ronfini-prosecco-doc-treviso-rose-brut-075l"},"modified":"2024-06-07T14:06:14","modified_gmt":"2024-06-07T12:06:14","slug":"ronfini-prosecco-doc-treviso-rose-brut-075l","status":"publish","type":"product","link":"https:\/\/hurt.wineport.pl\/?product=ronfini-prosecco-doc-treviso-rose-brut-075l","title":{"rendered":"Ronfini Prosecco Doc Treviso &#8211; Ros\u00e8 &#8211; Brut 0,75l"},"content":{"rendered":"<p style=\"color: #111111; font-size: 12px; font-family: &quot;;\">\u00a0<\/p>\n<p>Ronfini to firma produkuj\u0105ca swoje produkty dla gastronomii wina nie posiadaja nawet kod\u00f3w kreskowych.<\/p>\n<p>Zawarto\u015b\u0107 alkoholu: 11,5%\u00a0<\/p>\n<p>Zawarto\u015b\u0107 cukru:\u00a08 g\/l<\/p>\n<p>Ci\u015bnienie w 20\u00b0C: 4 bary<\/p>\n<p>Szczep: Glera\u00a0+ Pinot Noir<\/p>\n<p>Pojemno\u015b\u0107: 0,75l<\/p>\n<p>Pudrowor\u00f3\u017cowy kolor. Drobne, d\u0142ugo utrzymuj\u0105ce si\u0119 b\u0105belki. Bukiet owocowy, z bia\u0142ymi kwiatami, typowy dla Glery, Pinot\u00a0Noir\u00a0dodaje z kolei nuty czerwonych owoc\u00f3w. W smaku u\u0142o\u017cone, delikatne, z przyjemnymi nutami owocowymi. W posmaku\u00a0wybijaj\u0105 si\u0119\u00a0czerwone owoce.\u00a0<\/p>\n","protected":false},"excerpt":{"rendered":"<p>Ronfini to firma produkuj\u0105ca swoje produkty dla gastronomii wina nie posiadaja nawet kod\u00f3w kreskowych.<\/p>\n<p>Zawarto\u015b\u0107 alkoholu: 11,5%\u00a0<\/p>\n<p>Zawarto\u015b\u0107 cukru:\u00a08 g\/l<\/p>\n<p>Ci\u015bnienie w 20\u00b0C: 4 bary<\/p>\n<p>Szczep: Glera\u00a0+ Pinot Noir<\/p>\n<p>Pojemno\u015b\u0107: 0,75l<\/p>\n<p>Pudrowor\u00f3\u017cowy kolor. Drobne, d\u0142ugo utrzymuj\u0105ce si\u0119 b\u0105belki. Bukiet owocowy, z bia\u0142ymi kwiatami, typowy dla Glery, Pinot\u00a0Noir\u00a0dodaje z kolei nuty czerwonych owoc\u00f3w. W smaku u\u0142o\u017cone, delikatne, z przyjemnymi nutami owocowymi. W posmaku\u00a0wybijaj\u0105 si\u0119\u00a0czerwone owoce.\u00a0<\/p>\n","protected":false},"featured_media":19186,"comment_status":"open","ping_status":"closed","template":"","meta":[],"product_cat":[314,15,281,274],"product_tag":[],"class_list":{"0":"post-19187","1":"product","2":"type-product","3":"status-publish","4":"has-post-thumbnail","6":"product_cat-veneto","7":"product_cat-inne","8":"product_cat-wina","9":"product_cat-wlochy","11":"first","12":"instock","13":"sale","14":"shipping-taxable","15":"purchasable","16":"product-type-simple"},"_links":{"self":[{"href":"https:\/\/hurt.wineport.pl\/index.php?rest_route=\/wp\/v2\/product\/19187","targetHints":{"allow":["GET"]}}],"collection":[{"href":"https:\/\/hurt.wineport.pl\/index.php?rest_route=\/wp\/v2\/product"}],"about":[{"href":"https:\/\/hurt.wineport.pl\/index.php?rest_route=\/wp\/v2\/types\/product"}],"replies":[{"embeddable":true,"href":"https:\/\/hurt.wineport.pl\/index.php?rest_route=%2Fwp%2Fv2%2Fcomments&post=19187"}],"wp:featuredmedia":[{"embeddable":true,"href":"https:\/\/hurt.wineport.pl\/index.php?rest_route=\/wp\/v2\/media\/19186"}],"wp:attachment":[{"href":"https:\/\/hurt.wineport.pl\/index.php?rest_route=%2Fwp%2Fv2%2Fmedia&parent=19187"}],"wp:term":[{"taxonomy":"product_cat","embeddable":true,"href":"https:\/\/hurt.wineport.pl\/index.php?rest_route=%2Fwp%2Fv2%2Fproduct_cat&post=19187"},{"taxonomy":"product_tag","embeddable":true,"href":"https:\/\/hurt.wineport.pl\/index.php?rest_route=%2Fwp%2Fv2%2Fproduct_tag&post=19187"}],"curies":[{"name":"wp","href":"https:\/\/api.w.org\/{rel}","templated":true}]}}