{"id":19190,"date":"2024-05-18T00:59:11","date_gmt":"2024-05-17T22:59:11","guid":{"rendered":"https:\/\/hurt.wineport.pl\/?product=oliwa-elizondo-select-coupage-500-ml"},"modified":"2024-06-07T13:58:45","modified_gmt":"2024-06-07T11:58:45","slug":"oliwa-elizondo-select-coupage-500-ml","status":"publish","type":"product","link":"https:\/\/hurt.wineport.pl\/?product=oliwa-elizondo-select-coupage-500-ml","title":{"rendered":"Oliwa Elizondo Select Coupage 500 ml"},"content":{"rendered":"<p>T\u0142oczona na zimno z oliwek zbieranych w listopadzie.<\/p>\n<p>Z\u0142otozielony kolor. W zapachu przede wszystkim owocowa, dominuj\u0105 nuty zielonych banan\u00f3w, jab\u0142ek i li\u015bci pomidora. W smaku \u015bwie\u017ca i zbalansowana z gorzkawym i umiarkowanie pikantnym, orzechowym posmakiem.<\/p>\n","protected":false},"excerpt":{"rendered":"<p>T\u0142oczona na zimno z oliwek zbieranych w listopadzie.<\/p>\n<p>Z\u0142otozielony kolor. W zapachu przede wszystkim owocowa, dominuj\u0105 nuty zielonych banan\u00f3w, jab\u0142ek i li\u015bci pomidora. W smaku \u015bwie\u017ca i zbalansowana z gorzkawym i umiarkowanie pikantnym, orzechowym posmakiem.<\/p>\n","protected":false},"featured_media":19189,"comment_status":"open","ping_status":"closed","template":"","meta":[],"product_cat":[15,282,286],"product_tag":[],"class_list":{"0":"post-19190","1":"product","2":"type-product","3":"status-publish","4":"has-post-thumbnail","6":"product_cat-inne","7":"product_cat-delikatesy","8":"product_cat-oliwa-z-oliwek","10":"first","11":"instock","12":"sale","13":"shipping-taxable","14":"purchasable","15":"product-type-simple"},"_links":{"self":[{"href":"https:\/\/hurt.wineport.pl\/index.php?rest_route=\/wp\/v2\/product\/19190","targetHints":{"allow":["GET"]}}],"collection":[{"href":"https:\/\/hurt.wineport.pl\/index.php?rest_route=\/wp\/v2\/product"}],"about":[{"href":"https:\/\/hurt.wineport.pl\/index.php?rest_route=\/wp\/v2\/types\/product"}],"replies":[{"embeddable":true,"href":"https:\/\/hurt.wineport.pl\/index.php?rest_route=%2Fwp%2Fv2%2Fcomments&post=19190"}],"wp:featuredmedia":[{"embeddable":true,"href":"https:\/\/hurt.wineport.pl\/index.php?rest_route=\/wp\/v2\/media\/19189"}],"wp:attachment":[{"href":"https:\/\/hurt.wineport.pl\/index.php?rest_route=%2Fwp%2Fv2%2Fmedia&parent=19190"}],"wp:term":[{"taxonomy":"product_cat","embeddable":true,"href":"https:\/\/hurt.wineport.pl\/index.php?rest_route=%2Fwp%2Fv2%2Fproduct_cat&post=19190"},{"taxonomy":"product_tag","embeddable":true,"href":"https:\/\/hurt.wineport.pl\/index.php?rest_route=%2Fwp%2Fv2%2Fproduct_tag&post=19190"}],"curies":[{"name":"wp","href":"https:\/\/api.w.org\/{rel}","templated":true}]}}