{"id":19193,"date":"2024-05-18T00:59:13","date_gmt":"2024-05-17T22:59:13","guid":{"rendered":"https:\/\/hurt.wineport.pl\/?product=oliwa-elizondo-no3-premium-picual-200-ml"},"modified":"2024-06-07T13:58:45","modified_gmt":"2024-06-07T11:58:45","slug":"oliwa-elizondo-no3-premium-picual-200-ml","status":"publish","type":"product","link":"https:\/\/hurt.wineport.pl\/?product=oliwa-elizondo-no3-premium-picual-200-ml","title":{"rendered":"Oliwa Elizondo N\u00ba3 Premium Picual 200 ml"},"content":{"rendered":"<p>Oliwa z oliwek Picual zbieranych w pierwszych tygodniach pa\u017adziernika.<\/p>\n<p>Intensywnie zielony kolor. W zapachu intensywna, owocowa, z nutami \u015bwie\u017co \u015bci\u0119tej trawy, jab\u0142ek, pomidor\u00f3w i li\u015bci figowych. W smaku \u015bwie\u017ca i zr\u00f3wnowa\u017cona delikatn\u0105 gorycz\u0105, pikantna, z migda\u0142owym posmakiem.<\/p>\n<p>Wersja bez ozdobnego kartonika.<\/p>\n","protected":false},"excerpt":{"rendered":"<p>Oliwa z oliwek Picual zbieranych w pierwszych tygodniach pa\u017adziernika.<\/p>\n<p>Intensywnie zielony kolor. W zapachu intensywna, owocowa, z nutami \u015bwie\u017co \u015bci\u0119tej trawy, jab\u0142ek, pomidor\u00f3w i li\u015bci figowych. W smaku \u015bwie\u017ca i zr\u00f3wnowa\u017cona delikatn\u0105 gorycz\u0105, pikantna, z migda\u0142owym posmakiem.<\/p>\n<p>Wersja bez ozdobnego kartonika.<\/p>\n","protected":false},"featured_media":19192,"comment_status":"open","ping_status":"closed","template":"","meta":[],"product_cat":[15,282,286],"product_tag":[],"class_list":{"0":"post-19193","1":"product","2":"type-product","3":"status-publish","4":"has-post-thumbnail","6":"product_cat-inne","7":"product_cat-delikatesy","8":"product_cat-oliwa-z-oliwek","10":"first","11":"instock","12":"sale","13":"shipping-taxable","14":"purchasable","15":"product-type-simple"},"_links":{"self":[{"href":"https:\/\/hurt.wineport.pl\/index.php?rest_route=\/wp\/v2\/product\/19193","targetHints":{"allow":["GET"]}}],"collection":[{"href":"https:\/\/hurt.wineport.pl\/index.php?rest_route=\/wp\/v2\/product"}],"about":[{"href":"https:\/\/hurt.wineport.pl\/index.php?rest_route=\/wp\/v2\/types\/product"}],"replies":[{"embeddable":true,"href":"https:\/\/hurt.wineport.pl\/index.php?rest_route=%2Fwp%2Fv2%2Fcomments&post=19193"}],"wp:featuredmedia":[{"embeddable":true,"href":"https:\/\/hurt.wineport.pl\/index.php?rest_route=\/wp\/v2\/media\/19192"}],"wp:attachment":[{"href":"https:\/\/hurt.wineport.pl\/index.php?rest_route=%2Fwp%2Fv2%2Fmedia&parent=19193"}],"wp:term":[{"taxonomy":"product_cat","embeddable":true,"href":"https:\/\/hurt.wineport.pl\/index.php?rest_route=%2Fwp%2Fv2%2Fproduct_cat&post=19193"},{"taxonomy":"product_tag","embeddable":true,"href":"https:\/\/hurt.wineport.pl\/index.php?rest_route=%2Fwp%2Fv2%2Fproduct_tag&post=19193"}],"curies":[{"name":"wp","href":"https:\/\/api.w.org\/{rel}","templated":true}]}}