{"id":19331,"date":"2024-05-18T01:02:47","date_gmt":"2024-05-17T23:02:47","guid":{"rendered":"https:\/\/hurt.wineport.pl\/?product=pinataro-aglianico-puglia-igp-13"},"modified":"2024-06-07T13:35:59","modified_gmt":"2024-06-07T11:35:59","slug":"pinataro-aglianico-puglia-igp-13","status":"publish","type":"product","link":"https:\/\/hurt.wineport.pl\/?product=pinataro-aglianico-puglia-igp-13","title":{"rendered":"Pinataro Aglianico Puglia IGP 13%"},"content":{"rendered":"<p><strong>Pinataro Aglianico Puglia zosta\u0142o nagrodzone przez Berliner Trophy Wein<\/strong><\/p>\n<p>Pinataro Aglianico Puglia IGP ma g\u0142\u0119boki i intensywny kolor rubinowy, kt\u00f3ry odzwierciedla jego bogat\u0105 struktur\u0119 i koncentracj\u0119.<\/p>\n<p>W nosie to wino rozwija intensywne aromaty ciemnych owoc\u00f3w, takich jak czarne wi\u015bnie i czarne jagody. Mo\u017cna tak\u017ce wyczu\u0107 nuty przypraw, takie jak pieprz i cynamon, oraz delikatne akcenty sk\u00f3rek pomara\u0144czy i d\u0119bu.<\/p>\n<p>Na podniebieniu Pinataro Aglianico zachwyca swoj\u0105 pe\u0142ni\u0105 smaku i z\u0142o\u017cono\u015bci\u0105. Smak jest owocowy, ale r\u00f3wnocze\u015bnie wytrawny, z dobrze zintegrowanymi taninami, kt\u00f3re nadaj\u0105 mu struktur\u0119. Wino ma tak\u017ce delikatn\u0105 kwasowo\u015b\u0107, kt\u00f3ra nadaje mu \u015bwie\u017co\u015bci i elegancji. Finisz jest d\u0142ugi i przyjemny, pozostawiaj\u0105c wra\u017cenie owocowej s\u0142odyczy.<\/p>\n<p>Zawarto\u015b\u0107 alkoholu w tym winie wynosi 13%, co jest typow\u0105 warto\u015bci\u0105 dla wielu w\u0142oskich czerwonych win.<\/p>\n<p>Pinataro Aglianico Puglia IGP jest doskona\u0142ym wyborem do potraw kuchni w\u0142oskiej, zw\u0142aszcza da\u0144 mi\u0119snych, takich jak dziczyzna, duszone mi\u0119sa czy dania z grilla. Pasuje tak\u017ce do ser\u00f3w, zw\u0142aszcza twardych i dojrza\u0142ych odmian.<\/p>\n<p>To wino to doskona\u0142a reprezentacja potencja\u0142u winiarskiego regionu Puglia i szczepu Aglianico. Jego pe\u0142nia smaku i wyra\u017ane cechy owocowe sprawiaj\u0105, \u017ce jest to wino godne uwagi dla mi\u0142o\u015bnik\u00f3w w\u0142oskich czerwonych win.<\/p>\n","protected":false},"excerpt":{"rendered":"<p><strong>Pinataro Aglianico Puglia zosta\u0142o nagrodzone przez Berliner Trophy Wein<\/strong><\/p>\n<p>Pinataro Aglianico Puglia IGP ma g\u0142\u0119boki i intensywny kolor rubinowy, kt\u00f3ry odzwierciedla jego bogat\u0105 struktur\u0119 i koncentracj\u0119.<\/p>\n<p>W nosie to wino rozwija intensywne aromaty ciemnych owoc\u00f3w, takich jak czarne wi\u015bnie i czarne jagody. Mo\u017cna tak\u017ce wyczu\u0107 nuty przypraw, takie jak pieprz i cynamon, oraz delikatne akcenty sk\u00f3rek pomara\u0144czy i d\u0119bu.<\/p>\n<p>Na podniebieniu Pinataro Aglianico zachwyca swoj\u0105 pe\u0142ni\u0105 smaku i z\u0142o\u017cono\u015bci\u0105. Smak jest owocowy, ale r\u00f3wnocze\u015bnie wytrawny, z dobrze zintegrowanymi taninami, kt\u00f3re nadaj\u0105 mu struktur\u0119. Wino ma tak\u017ce delikatn\u0105 kwasowo\u015b\u0107, kt\u00f3ra nadaje mu \u015bwie\u017co\u015bci i elegancji. Finisz jest d\u0142ugi i przyjemny, pozostawiaj\u0105c wra\u017cenie owocowej s\u0142odyczy.<\/p>\n<p>Zawarto\u015b\u0107 alkoholu w tym winie wynosi 13%, co jest typow\u0105 warto\u015bci\u0105 dla wielu w\u0142oskich czerwonych win.<\/p>\n<p>Pinataro Aglianico Puglia IGP jest doskona\u0142ym wyborem do potraw kuchni w\u0142oskiej, zw\u0142aszcza da\u0144 mi\u0119snych, takich jak dziczyzna, duszone mi\u0119sa czy dania z grilla. Pasuje tak\u017ce do ser\u00f3w, zw\u0142aszcza twardych i dojrza\u0142ych odmian.<\/p>\n<p>To wino to doskona\u0142a reprezentacja potencja\u0142u winiarskiego regionu Puglia i szczepu Aglianico. Jego pe\u0142nia smaku i wyra\u017ane cechy owocowe sprawiaj\u0105, \u017ce jest to wino godne uwagi dla mi\u0142o\u015bnik\u00f3w w\u0142oskich czerwonych win.<\/p>\n","protected":false},"featured_media":19330,"comment_status":"open","ping_status":"closed","template":"","meta":[],"product_cat":[15,281,274,280],"product_tag":[],"class_list":{"0":"post-19331","1":"product","2":"type-product","3":"status-publish","4":"has-post-thumbnail","6":"product_cat-inne","7":"product_cat-wina","8":"product_cat-wlochy","9":"product_cat-puglia","11":"first","12":"instock","13":"sale","14":"shipping-taxable","15":"purchasable","16":"product-type-simple"},"_links":{"self":[{"href":"https:\/\/hurt.wineport.pl\/index.php?rest_route=\/wp\/v2\/product\/19331","targetHints":{"allow":["GET"]}}],"collection":[{"href":"https:\/\/hurt.wineport.pl\/index.php?rest_route=\/wp\/v2\/product"}],"about":[{"href":"https:\/\/hurt.wineport.pl\/index.php?rest_route=\/wp\/v2\/types\/product"}],"replies":[{"embeddable":true,"href":"https:\/\/hurt.wineport.pl\/index.php?rest_route=%2Fwp%2Fv2%2Fcomments&post=19331"}],"wp:featuredmedia":[{"embeddable":true,"href":"https:\/\/hurt.wineport.pl\/index.php?rest_route=\/wp\/v2\/media\/19330"}],"wp:attachment":[{"href":"https:\/\/hurt.wineport.pl\/index.php?rest_route=%2Fwp%2Fv2%2Fmedia&parent=19331"}],"wp:term":[{"taxonomy":"product_cat","embeddable":true,"href":"https:\/\/hurt.wineport.pl\/index.php?rest_route=%2Fwp%2Fv2%2Fproduct_cat&post=19331"},{"taxonomy":"product_tag","embeddable":true,"href":"https:\/\/hurt.wineport.pl\/index.php?rest_route=%2Fwp%2Fv2%2Fproduct_tag&post=19331"}],"curies":[{"name":"wp","href":"https:\/\/api.w.org\/{rel}","templated":true}]}}