{"id":19337,"date":"2024-05-18T01:02:49","date_gmt":"2024-05-17T23:02:49","guid":{"rendered":"https:\/\/hurt.wineport.pl\/?product=passo-del-sud-appassimento-edizione-puglia-igp-15"},"modified":"2024-05-29T17:06:53","modified_gmt":"2024-05-29T15:06:53","slug":"passo-del-sud-appassimento-edizione-puglia-igp-15","status":"publish","type":"product","link":"https:\/\/hurt.wineport.pl\/?product=passo-del-sud-appassimento-edizione-puglia-igp-15","title":{"rendered":"PASSO DEL SUD APPASSIMENTO EDIZIONE PUGLIA IGP 15%"},"content":{"rendered":"<p><strong>Passo del Sud Appassimento Edizione Puglia Tagaro zosta\u0142o nagrodzone 97 punktami u Luca Maroni oraz 91 punktami u James&#8217;a Sucling.<\/strong><\/p>\n<p>Passo del Sud Appassimento Edizione Puglia IGP 15% to wino, kt\u00f3re pochodzi z regionu Puglia we W\u0142oszech, s\u0142ynnego z produkcji wyj\u0105tkowych win, a szczeg\u00f3lnie znane jest z procesu &#8220;appassimento&#8221;, kt\u00f3ry jest stosowany w przypadku wielu win z tego regionu.<\/p>\n<p>Passo del Sud ma g\u0142\u0119boki i intensywny purpurowy kolor, kt\u00f3ry odzwierciedla jego koncentracj\u0119 i bogactwo.<\/p>\n<p>W nosie to wino rozwija intensywne aromaty ciemnych owoc\u00f3w, takich jak czarne wi\u015bnie, \u015bliwki i jagody. Mo\u017cna tak\u017ce wyczu\u0107 nuty przypraw, jak cynamon, wanilia i ga\u0142ka muszkato\u0142owa, kt\u00f3re pochodz\u0105 z procesu appassimento.<\/p>\n<p>Passo del Sud zachwyca pe\u0142ni\u0105 smaku i z\u0142o\u017cono\u015bci\u0105. Smak jest owocowy i intensywny, z nutami czekolady, kakao i lukrecji, kt\u00f3re nadaj\u0105 mu g\u0142\u0119bi\u0119. Wino ma dobrze zintegrowane taniny i wywa\u017con\u0105 kwasowo\u015b\u0107, co nadaje mu struktur\u0119 i r\u00f3wnowag\u0119. Finisz jest d\u0142ugi i wyrazisty, pozostawiaj\u0105c wra\u017cenie s\u0142odkawych owoc\u00f3w i przypraw.<\/p>\n<p>Zawarto\u015b\u0107 alkoholu w tym winie wynosi 15%, co jest wy\u017csz\u0105 warto\u015bci\u0105 ni\u017c w przypadku wielu innych win, co dodatkowo podkre\u015bla jego pe\u0142ni\u0119 i intensywno\u015b\u0107.<\/p>\n<p>Passo del Sud Appassimento Edizione Puglia IGP doskonale komponuje si\u0119 z daniami mi\u0119snymi, zw\u0142aszcza z duszonym mi\u0119sem, grillowanym mi\u0119sem, pieczonymi kark\u00f3wkami oraz daniami kuchni w\u0142oskiej, takimi jak lasagne czy ravioli. Jest tak\u017ce znakomit\u0105 propozycj\u0105 dla mi\u0142o\u015bnik\u00f3w ser\u00f3w, zw\u0142aszcza tych dojrzewaj\u0105cych.<\/p>\n<p>To wino jest doskona\u0142ym przyk\u0142adem wina appassimento, kt\u00f3re zdobywa coraz wi\u0119ksz\u0105 popularno\u015b\u0107 ze wzgl\u0119du na swoj\u0105 intensywno\u015b\u0107 smaku i bogactwo aromat\u00f3w. Passo del Sud to wino, kt\u00f3re z pewno\u015bci\u0105 przypadnie do gustu mi\u0142o\u015bnikom czerwonych win o g\u0142\u0119bokim smaku i wyrazistym charakterze.<\/p>\n","protected":false},"excerpt":{"rendered":"<p><strong>Passo del Sud Appassimento Edizione Puglia Tagaro zosta\u0142o nagrodzone 97 punktami u Luca Maroni oraz 91 punktami u James&#8217;a Sucling.<\/strong><\/p>\n<p>Passo del Sud Appassimento Edizione Puglia IGP 15% to wino, kt\u00f3re pochodzi z regionu Puglia we W\u0142oszech, s\u0142ynnego z produkcji wyj\u0105tkowych win, a szczeg\u00f3lnie znane jest z procesu &#8220;appassimento&#8221;, kt\u00f3ry jest stosowany w przypadku wielu win z tego regionu.<\/p>\n<p>Passo del Sud ma g\u0142\u0119boki i intensywny purpurowy kolor, kt\u00f3ry odzwierciedla jego koncentracj\u0119 i bogactwo.<\/p>\n<p>W nosie to wino rozwija intensywne aromaty ciemnych owoc\u00f3w, takich jak czarne wi\u015bnie, \u015bliwki i jagody. Mo\u017cna tak\u017ce wyczu\u0107 nuty przypraw, jak cynamon, wanilia i ga\u0142ka muszkato\u0142owa, kt\u00f3re pochodz\u0105 z procesu appassimento.<\/p>\n<p>Passo del Sud zachwyca pe\u0142ni\u0105 smaku i z\u0142o\u017cono\u015bci\u0105. Smak jest owocowy i intensywny, z nutami czekolady, kakao i lukrecji, kt\u00f3re nadaj\u0105 mu g\u0142\u0119bi\u0119. Wino ma dobrze zintegrowane taniny i wywa\u017con\u0105 kwasowo\u015b\u0107, co nadaje mu struktur\u0119 i r\u00f3wnowag\u0119. Finisz jest d\u0142ugi i wyrazisty, pozostawiaj\u0105c wra\u017cenie s\u0142odkawych owoc\u00f3w i przypraw.<\/p>\n<p>Zawarto\u015b\u0107 alkoholu w tym winie wynosi 15%, co jest wy\u017csz\u0105 warto\u015bci\u0105 ni\u017c w przypadku wielu innych win, co dodatkowo podkre\u015bla jego pe\u0142ni\u0119 i intensywno\u015b\u0107.<\/p>\n<p>Passo del Sud Appassimento Edizione Puglia IGP doskonale komponuje si\u0119 z daniami mi\u0119snymi, zw\u0142aszcza z duszonym mi\u0119sem, grillowanym mi\u0119sem, pieczonymi kark\u00f3wkami oraz daniami kuchni w\u0142oskiej, takimi jak lasagne czy ravioli. Jest tak\u017ce znakomit\u0105 propozycj\u0105 dla mi\u0142o\u015bnik\u00f3w ser\u00f3w, zw\u0142aszcza tych dojrzewaj\u0105cych.<\/p>\n<p>To wino jest doskona\u0142ym przyk\u0142adem wina appassimento, kt\u00f3re zdobywa coraz wi\u0119ksz\u0105 popularno\u015b\u0107 ze wzgl\u0119du na swoj\u0105 intensywno\u015b\u0107 smaku i bogactwo aromat\u00f3w. Passo del Sud to wino, kt\u00f3re z pewno\u015bci\u0105 przypadnie do gustu mi\u0142o\u015bnikom czerwonych win o g\u0142\u0119bokim smaku i wyrazistym charakterze.<\/p>\n","protected":false},"featured_media":19336,"comment_status":"open","ping_status":"closed","template":"","meta":[],"product_cat":[15,281,274,280],"product_tag":[],"class_list":{"0":"post-19337","1":"product","2":"type-product","3":"status-publish","4":"has-post-thumbnail","6":"product_cat-inne","7":"product_cat-wina","8":"product_cat-wlochy","9":"product_cat-puglia","11":"first","12":"instock","13":"sale","14":"shipping-taxable","15":"purchasable","16":"product-type-simple"},"_links":{"self":[{"href":"https:\/\/hurt.wineport.pl\/index.php?rest_route=\/wp\/v2\/product\/19337","targetHints":{"allow":["GET"]}}],"collection":[{"href":"https:\/\/hurt.wineport.pl\/index.php?rest_route=\/wp\/v2\/product"}],"about":[{"href":"https:\/\/hurt.wineport.pl\/index.php?rest_route=\/wp\/v2\/types\/product"}],"replies":[{"embeddable":true,"href":"https:\/\/hurt.wineport.pl\/index.php?rest_route=%2Fwp%2Fv2%2Fcomments&post=19337"}],"wp:featuredmedia":[{"embeddable":true,"href":"https:\/\/hurt.wineport.pl\/index.php?rest_route=\/wp\/v2\/media\/19336"}],"wp:attachment":[{"href":"https:\/\/hurt.wineport.pl\/index.php?rest_route=%2Fwp%2Fv2%2Fmedia&parent=19337"}],"wp:term":[{"taxonomy":"product_cat","embeddable":true,"href":"https:\/\/hurt.wineport.pl\/index.php?rest_route=%2Fwp%2Fv2%2Fproduct_cat&post=19337"},{"taxonomy":"product_tag","embeddable":true,"href":"https:\/\/hurt.wineport.pl\/index.php?rest_route=%2Fwp%2Fv2%2Fproduct_tag&post=19337"}],"curies":[{"name":"wp","href":"https:\/\/api.w.org\/{rel}","templated":true}]}}