{"id":19367,"date":"2024-05-18T01:04:16","date_gmt":"2024-05-17T23:04:16","guid":{"rendered":"https:\/\/hurt.wineport.pl\/?product=diez-siglos-verdejo-ecologico-d-o-rueda-075l"},"modified":"2024-06-07T13:32:16","modified_gmt":"2024-06-07T11:32:16","slug":"diez-siglos-verdejo-ecologico-d-o-rueda-075l","status":"publish","type":"product","link":"https:\/\/hurt.wineport.pl\/?product=diez-siglos-verdejo-ecologico-d-o-rueda-075l","title":{"rendered":"DIEZ SIGLOS Verdejo ECOL\u00d3GICO D.O. Rueda 0,75l"},"content":{"rendered":"<p>To bia\u0142e wytrawne wino, w 100% ze szczepu Verdejo, tworzone jest w zbalansowany spos\u00f3b, w zgodzie z natur\u0105 i \u015brodowiskiem.<br \/>Kr\u00f3tka, trwaj\u0105ca 3 miesi\u0105ce fermantacja nadaje winu wyj\u0105tkowo\u015bci.<br \/>Wino otrzyma\u0142o z\u0142oty medal Gran Bacchus, srebrny medal Concours Mondial Bruxelles oraz\u00a0 br\u0105zowy medal Decanter world wine awards.<\/p>\n<p>Organiczne, wega\u0144skie, unikatowe.<\/p>\n","protected":false},"excerpt":{"rendered":"<p>To bia\u0142e wytrawne wino, w 100% ze szczepu Verdejo, tworzone jest w zbalansowany spos\u00f3b, w zgodzie z natur\u0105 i \u015brodowiskiem.<br \/>Kr\u00f3tka, trwaj\u0105ca 3 miesi\u0105ce fermantacja nadaje winu wyj\u0105tkowo\u015bci.<br \/>Wino otrzyma\u0142o z\u0142oty medal Gran Bacchus, srebrny medal Concours Mondial Bruxelles oraz\u00a0 br\u0105zowy medal Decanter world wine awards.<\/p>\n<p>Organiczne, wega\u0144skie, unikatowe.<\/p>\n","protected":false},"featured_media":19366,"comment_status":"open","ping_status":"closed","template":"","meta":[],"product_cat":[311,15,281,275],"product_tag":[],"class_list":{"0":"post-19367","1":"product","2":"type-product","3":"status-publish","4":"has-post-thumbnail","6":"product_cat-rueda","7":"product_cat-inne","8":"product_cat-wina","9":"product_cat-hiszpania","11":"first","12":"instock","13":"sale","14":"shipping-taxable","15":"purchasable","16":"product-type-simple"},"_links":{"self":[{"href":"https:\/\/hurt.wineport.pl\/index.php?rest_route=\/wp\/v2\/product\/19367","targetHints":{"allow":["GET"]}}],"collection":[{"href":"https:\/\/hurt.wineport.pl\/index.php?rest_route=\/wp\/v2\/product"}],"about":[{"href":"https:\/\/hurt.wineport.pl\/index.php?rest_route=\/wp\/v2\/types\/product"}],"replies":[{"embeddable":true,"href":"https:\/\/hurt.wineport.pl\/index.php?rest_route=%2Fwp%2Fv2%2Fcomments&post=19367"}],"wp:featuredmedia":[{"embeddable":true,"href":"https:\/\/hurt.wineport.pl\/index.php?rest_route=\/wp\/v2\/media\/19366"}],"wp:attachment":[{"href":"https:\/\/hurt.wineport.pl\/index.php?rest_route=%2Fwp%2Fv2%2Fmedia&parent=19367"}],"wp:term":[{"taxonomy":"product_cat","embeddable":true,"href":"https:\/\/hurt.wineport.pl\/index.php?rest_route=%2Fwp%2Fv2%2Fproduct_cat&post=19367"},{"taxonomy":"product_tag","embeddable":true,"href":"https:\/\/hurt.wineport.pl\/index.php?rest_route=%2Fwp%2Fv2%2Fproduct_tag&post=19367"}],"curies":[{"name":"wp","href":"https:\/\/api.w.org\/{rel}","templated":true}]}}