{"id":19370,"date":"2024-05-18T01:04:17","date_gmt":"2024-05-17T23:04:17","guid":{"rendered":"https:\/\/hurt.wineport.pl\/?product=wino-rudi-ruttger-neuleininger-sonnenberg-sauvignon-blanc-075-b-w"},"modified":"2024-06-07T12:03:24","modified_gmt":"2024-06-07T10:03:24","slug":"wino-rudi-ruttger-neuleininger-sonnenberg-sauvignon-blanc-075-b-w","status":"publish","type":"product","link":"https:\/\/hurt.wineport.pl\/?product=wino-rudi-ruttger-neuleininger-sonnenberg-sauvignon-blanc-075-b-w","title":{"rendered":"Wino RUDI RUTTGER Neuleininger Sonnenberg Sauvignon Blanc 0,75 b\/w"},"content":{"rendered":"<p>Wino Rudi Ruttger Neuleininger Sonnenberg Sauvignon Blanc to bia\u0142e wino pochodz\u0105ce z Niemiec, a dok\u0142adniej z regionu Palatynatu.<\/p>\n<p>Jest to wyr\u00f3b z odmiany Sauvignon Blanc, kt\u00f3ra jest znana ze swojego intensywnego aromatu i charakterystycznych nut cytrusowych, zio\u0142owych i tropikalnych.\u00a0Wino to cechuje si\u0119 wyrazistym aromatem owoc\u00f3w tropikalnych, takich jak marakuja, mango i ananas, uzupe\u0142nionym nutami zi\u00f3\u0142, trawy cytrynowej i bia\u0142ych kwiat\u00f3w. W smaku jest \u015bwie\u017ce, owocowe, o dobrze zbalansowanej kwasowo\u015bci i delikatnym finiszu.\u00a0To wino doskonale sprawdza si\u0119 jako aperitif lub towarzysz potraw kuchni azjatyckiej, ryb, owoc\u00f3w morza oraz da\u0144 z kurczaka. Mo\u017ce by\u0107 r\u00f3wnie\u017c \u015bwietnym towarzyszem podczas letnich piknik\u00f3w i imprez na \u015bwie\u017cym powietrzu.<\/p>\n","protected":false},"excerpt":{"rendered":"<p>Wino Rudi Ruttger Neuleininger Sonnenberg Sauvignon Blanc to bia\u0142e wino pochodz\u0105ce z Niemiec, a dok\u0142adniej z regionu Palatynatu.<\/p>\n<p>Jest to wyr\u00f3b z odmiany Sauvignon Blanc, kt\u00f3ra jest znana ze swojego intensywnego aromatu i charakterystycznych nut cytrusowych, zio\u0142owych i tropikalnych.\u00a0Wino to cechuje si\u0119 wyrazistym aromatem owoc\u00f3w tropikalnych, takich jak marakuja, mango i ananas, uzupe\u0142nionym nutami zi\u00f3\u0142, trawy cytrynowej i bia\u0142ych kwiat\u00f3w. W smaku jest \u015bwie\u017ce, owocowe, o dobrze zbalansowanej kwasowo\u015bci i delikatnym finiszu.\u00a0To wino doskonale sprawdza si\u0119 jako aperitif lub towarzysz potraw kuchni azjatyckiej, ryb, owoc\u00f3w morza oraz da\u0144 z kurczaka. Mo\u017ce by\u0107 r\u00f3wnie\u017c \u015bwietnym towarzyszem podczas letnich piknik\u00f3w i imprez na \u015bwie\u017cym powietrzu.<\/p>\n","protected":false},"featured_media":19369,"comment_status":"open","ping_status":"closed","template":"","meta":[],"product_cat":[15,281,290],"product_tag":[],"class_list":{"0":"post-19370","1":"product","2":"type-product","3":"status-publish","4":"has-post-thumbnail","6":"product_cat-inne","7":"product_cat-wina","8":"product_cat-niemcy","10":"first","11":"instock","12":"sale","13":"shipping-taxable","14":"purchasable","15":"product-type-simple"},"_links":{"self":[{"href":"https:\/\/hurt.wineport.pl\/index.php?rest_route=\/wp\/v2\/product\/19370","targetHints":{"allow":["GET"]}}],"collection":[{"href":"https:\/\/hurt.wineport.pl\/index.php?rest_route=\/wp\/v2\/product"}],"about":[{"href":"https:\/\/hurt.wineport.pl\/index.php?rest_route=\/wp\/v2\/types\/product"}],"replies":[{"embeddable":true,"href":"https:\/\/hurt.wineport.pl\/index.php?rest_route=%2Fwp%2Fv2%2Fcomments&post=19370"}],"wp:featuredmedia":[{"embeddable":true,"href":"https:\/\/hurt.wineport.pl\/index.php?rest_route=\/wp\/v2\/media\/19369"}],"wp:attachment":[{"href":"https:\/\/hurt.wineport.pl\/index.php?rest_route=%2Fwp%2Fv2%2Fmedia&parent=19370"}],"wp:term":[{"taxonomy":"product_cat","embeddable":true,"href":"https:\/\/hurt.wineport.pl\/index.php?rest_route=%2Fwp%2Fv2%2Fproduct_cat&post=19370"},{"taxonomy":"product_tag","embeddable":true,"href":"https:\/\/hurt.wineport.pl\/index.php?rest_route=%2Fwp%2Fv2%2Fproduct_tag&post=19370"}],"curies":[{"name":"wp","href":"https:\/\/api.w.org\/{rel}","templated":true}]}}