{"id":19436,"date":"2024-05-25T01:59:47","date_gmt":"2024-05-24T23:59:47","guid":{"rendered":"https:\/\/hurt.wineport.pl\/?product=balance-belgian-luxury-chocolate-85g-luscious-dark-70-2"},"modified":"2024-06-07T14:48:20","modified_gmt":"2024-06-07T12:48:20","slug":"balance-belgian-luxury-chocolate-85g-luscious-dark-70-2","status":"publish","type":"product","link":"https:\/\/hurt.wineport.pl\/?product=balance-belgian-luxury-chocolate-85g-luscious-dark-70-2","title":{"rendered":"Balance Belgian LUXURY Chocolate 85G LUSCIOUS DARK 70%"},"content":{"rendered":"<p><font face=\"Times New Roman, serif\"><font size=\"2\"><font color=\"#000000\">Balance to czekolady z prawdziwej ma\u0142ej belgiskiej rodzinnej manufaktury. Belgia s\u0142ynie z najlepszych na \u015bwiecie czekolad. Rodzina Klingele zacze\u0142a robi\u0107 czekolady w domowej manufakturze od 1995. W tej chwili maj\u0105 ju\u017c sw\u00f3j zak\u0142ad produkcyjny ale jako\u015b\u0107 czekolady mocno odbiega od innych belgijskich producent\u00f3w masowych. Linia LUXURY to kwintesencja tego jak powinna smakowa\u0107 gorzka czekolada.\u00a0LUSCIOUS DARK 70%\u00a0 gladki i kremowy smak kakao klasy premium.\u00a0Czekolada ta idealnie kompunuj\u0119 sie z czerwonym wytrawnym winem!<\/font> <\/font><\/font><\/p>\n","protected":false},"excerpt":{"rendered":"<p><font face=\"Times New Roman, serif\"><font size=\"2\"><font color=\"#000000\">Balance to czekolady z prawdziwej ma\u0142ej belgiskiej rodzinnej manufaktury. Belgia s\u0142ynie z najlepszych na \u015bwiecie czekolad. Rodzina Klingele zacze\u0142a robi\u0107 czekolady w domowej manufakturze od 1995. W tej chwili maj\u0105 ju\u017c sw\u00f3j zak\u0142ad produkcyjny ale jako\u015b\u0107 czekolady mocno odbiega od innych belgijskich producent\u00f3w masowych. Linia LUXURY to kwintesencja tego jak powinna smakowa\u0107 gorzka czekolada.\u00a0LUSCIOUS DARK 70%\u00a0 gladki i kremowy smak kakao klasy premium.\u00a0Czekolada ta idealnie kompunuj\u0119 sie z czerwonym wytrawnym winem!<\/font> <\/font><\/font><\/p>\n","protected":false},"featured_media":18459,"comment_status":"open","ping_status":"closed","template":"","meta":[],"product_cat":[15,282,283],"product_tag":[],"class_list":{"0":"post-19436","1":"product","2":"type-product","3":"status-publish","4":"has-post-thumbnail","6":"product_cat-inne","7":"product_cat-delikatesy","8":"product_cat-wyroby-czekoladowe","10":"first","11":"onbackorder","12":"shipping-taxable","13":"purchasable","14":"product-type-simple"},"_links":{"self":[{"href":"https:\/\/hurt.wineport.pl\/index.php?rest_route=\/wp\/v2\/product\/19436","targetHints":{"allow":["GET"]}}],"collection":[{"href":"https:\/\/hurt.wineport.pl\/index.php?rest_route=\/wp\/v2\/product"}],"about":[{"href":"https:\/\/hurt.wineport.pl\/index.php?rest_route=\/wp\/v2\/types\/product"}],"replies":[{"embeddable":true,"href":"https:\/\/hurt.wineport.pl\/index.php?rest_route=%2Fwp%2Fv2%2Fcomments&post=19436"}],"wp:featuredmedia":[{"embeddable":true,"href":"https:\/\/hurt.wineport.pl\/index.php?rest_route=\/wp\/v2\/media\/18459"}],"wp:attachment":[{"href":"https:\/\/hurt.wineport.pl\/index.php?rest_route=%2Fwp%2Fv2%2Fmedia&parent=19436"}],"wp:term":[{"taxonomy":"product_cat","embeddable":true,"href":"https:\/\/hurt.wineport.pl\/index.php?rest_route=%2Fwp%2Fv2%2Fproduct_cat&post=19436"},{"taxonomy":"product_tag","embeddable":true,"href":"https:\/\/hurt.wineport.pl\/index.php?rest_route=%2Fwp%2Fv2%2Fproduct_tag&post=19436"}],"curies":[{"name":"wp","href":"https:\/\/api.w.org\/{rel}","templated":true}]}}