{"id":19451,"date":"2024-05-25T01:59:49","date_gmt":"2024-05-24T23:59:49","guid":{"rendered":"https:\/\/hurt.wineport.pl\/?product=wino-esteban-martin-rose-075l-2"},"modified":"2024-06-07T13:47:37","modified_gmt":"2024-06-07T11:47:37","slug":"wino-esteban-martin-rose-075l-2","status":"publish","type":"product","link":"https:\/\/hurt.wineport.pl\/?product=wino-esteban-martin-rose-075l-2","title":{"rendered":"Wino Esteban Martin Rose 0,75l"},"content":{"rendered":"<p><span style=\"font-family: 'Times New Roman', serif;\"><span style=\"font-size: small;\"><span style=\"color: #000000;\">Wino pochodz\u0105ce z\u00a0D.O.P. Cari\u00f1ena stworzone ze szczepu Garnacha.<br \/><\/span><\/span><\/span>Wino Esteban Martin Rose ma jasny, r\u00f3\u017cowy kolor i intensywny aromat owoc\u00f3w le\u015bnych, w szczeg\u00f3lno\u015bci malin i truskawek, z nutami kwiatowymi i przyprawowymi. W smaku jest lekkie i orze\u017awiaj\u0105ce, z dobrze zr\u00f3wnowa\u017con\u0105 kwasowo\u015bci\u0105 i d\u0142ugim, przyjemnym finiszem.<\/p>\n<p>Wino Esteban Martin Rose najlepiej podawa\u0107 sch\u0142odzone, w temperaturze od 8 do 10 stopni Celsjusza. Doskonale komponuje si\u0119 z lekkimi daniami, takimi jak sa\u0142atki, owoce morza, sushi, grillowane mi\u0119sa i warzywa, a tak\u017ce jako aperitif.<\/p>\n","protected":false},"excerpt":{"rendered":"<p><span style=\"font-family: 'Times New Roman', serif;\"><span style=\"font-size: small;\"><span style=\"color: #000000;\">Wino pochodz\u0105ce z\u00a0D.O.P. Cari\u00f1ena stworzone ze szczepu Garnacha.<br \/><\/span><\/span><\/span>Wino Esteban Martin Rose ma jasny, r\u00f3\u017cowy kolor i intensywny aromat owoc\u00f3w le\u015bnych, w szczeg\u00f3lno\u015bci malin i truskawek, z nutami kwiatowymi i przyprawowymi. W smaku jest lekkie i orze\u017awiaj\u0105ce, z dobrze zr\u00f3wnowa\u017con\u0105 kwasowo\u015bci\u0105 i d\u0142ugim, przyjemnym finiszem.<\/p>\n<p>Wino Esteban Martin Rose najlepiej podawa\u0107 sch\u0142odzone, w temperaturze od 8 do 10 stopni Celsjusza. Doskonale komponuje si\u0119 z lekkimi daniami, takimi jak sa\u0142atki, owoce morza, sushi, grillowane mi\u0119sa i warzywa, a tak\u017ce jako aperitif.<\/p>\n","protected":false},"featured_media":18504,"comment_status":"open","ping_status":"closed","template":"","meta":[],"product_cat":[312,15,281,275],"product_tag":[],"class_list":{"0":"post-19451","1":"product","2":"type-product","3":"status-publish","4":"has-post-thumbnail","6":"product_cat-carinena","7":"product_cat-inne","8":"product_cat-wina","9":"product_cat-hiszpania","11":"first","12":"instock","13":"sale","14":"shipping-taxable","15":"purchasable","16":"product-type-simple"},"_links":{"self":[{"href":"https:\/\/hurt.wineport.pl\/index.php?rest_route=\/wp\/v2\/product\/19451","targetHints":{"allow":["GET"]}}],"collection":[{"href":"https:\/\/hurt.wineport.pl\/index.php?rest_route=\/wp\/v2\/product"}],"about":[{"href":"https:\/\/hurt.wineport.pl\/index.php?rest_route=\/wp\/v2\/types\/product"}],"replies":[{"embeddable":true,"href":"https:\/\/hurt.wineport.pl\/index.php?rest_route=%2Fwp%2Fv2%2Fcomments&post=19451"}],"wp:featuredmedia":[{"embeddable":true,"href":"https:\/\/hurt.wineport.pl\/index.php?rest_route=\/wp\/v2\/media\/18504"}],"wp:attachment":[{"href":"https:\/\/hurt.wineport.pl\/index.php?rest_route=%2Fwp%2Fv2%2Fmedia&parent=19451"}],"wp:term":[{"taxonomy":"product_cat","embeddable":true,"href":"https:\/\/hurt.wineport.pl\/index.php?rest_route=%2Fwp%2Fv2%2Fproduct_cat&post=19451"},{"taxonomy":"product_tag","embeddable":true,"href":"https:\/\/hurt.wineport.pl\/index.php?rest_route=%2Fwp%2Fv2%2Fproduct_tag&post=19451"}],"curies":[{"name":"wp","href":"https:\/\/api.w.org\/{rel}","templated":true}]}}