{"id":19453,"date":"2024-05-25T01:59:49","date_gmt":"2024-05-24T23:59:49","guid":{"rendered":"https:\/\/hurt.wineport.pl\/?product=wino-esteban-martin-reserva-czerwone-wytrawne-075l-2"},"modified":"2024-06-07T13:47:37","modified_gmt":"2024-06-07T11:47:37","slug":"wino-esteban-martin-reserva-czerwone-wytrawne-075l-2","status":"publish","type":"product","link":"https:\/\/hurt.wineport.pl\/?product=wino-esteban-martin-reserva-czerwone-wytrawne-075l-2","title":{"rendered":"Wino Esteban Martin RESERVA czerwone wytrawne 0,75L"},"content":{"rendered":"<p style=\"font-size: 12px; font-family: Lato;\">Wspania\u0142a relacja jako\u015bci do ceny. Nagrody i wyr\u00f3\u017cnienia takie jak:<\/p>\n<p style=\"font-size: 12px; font-family: Lato;\">&#8211; pierwsza 100 najlepszych win \u00a0Hiszpa\u0144skich na najwi\u0119kszych na \u015bwiecie tagach winiarskich Prowein 2016 (spo\u015b<\/p>\n<p style=\"font-size: 12px; font-family: Lato;\">&#8211; z\u0142oty medal na konkursie \u015bwiatowym MONDUS VINI 2016<\/p>\n<p style=\"font-size: 12px; font-family: Lato;\">&#8211; srebrny medal Bacchus 2016<\/p>\n<p style=\"font-size: 12px; font-family: Lato;\">Mieszanka szczep\u00f3w Garnacha i Cabernet sav. Wino doj\u017cewa 14 miesi\u0119cy w beczkach z francuskiego d\u0119bu. Ciemny wi\u015bniowy kolor, wyczuwalne aromaty\u00a0toffee i jag\u00f3d wymieszane z nutami czekolady i tytoniu. \u015awietnie zbalansowane na podniebieniu, \u0142agodne, bogate, \u015bwie\u017ce taniny.<br \/>Wino nale\u017cy otworzy\u0107 minimum 60 minut przed konsumpcj\u0105!\u00a0<\/p>\n","protected":false},"excerpt":{"rendered":"<p style=\"font-size: 12px; font-family: Lato;\">Wspania\u0142a relacja jako\u015bci do ceny. Nagrody i wyr\u00f3\u017cnienia takie jak:<\/p>\n<p style=\"font-size: 12px; font-family: Lato;\">&#8211; pierwsza 100 najlepszych win \u00a0Hiszpa\u0144skich na najwi\u0119kszych na \u015bwiecie tagach winiarskich Prowein 2016 (spo\u015b<\/p>\n<p style=\"font-size: 12px; font-family: Lato;\">&#8211; z\u0142oty medal na konkursie \u015bwiatowym MONDUS VINI 2016<\/p>\n<p style=\"font-size: 12px; font-family: Lato;\">&#8211; srebrny medal Bacchus 2016<\/p>\n<p style=\"font-size: 12px; font-family: Lato;\">Mieszanka szczep\u00f3w Garnacha i Cabernet sav. Wino doj\u017cewa 14 miesi\u0119cy w beczkach z francuskiego d\u0119bu. Ciemny wi\u015bniowy kolor, wyczuwalne aromaty\u00a0toffee i jag\u00f3d wymieszane z nutami czekolady i tytoniu. \u015awietnie zbalansowane na podniebieniu, \u0142agodne, bogate, \u015bwie\u017ce taniny.<br \/>Wino nale\u017cy otworzy\u0107 minimum 60 minut przed konsumpcj\u0105!\u00a0<\/p>\n","protected":false},"featured_media":18510,"comment_status":"open","ping_status":"closed","template":"","meta":[],"product_cat":[312,15,281,275],"product_tag":[],"class_list":{"0":"post-19453","1":"product","2":"type-product","3":"status-publish","4":"has-post-thumbnail","6":"product_cat-carinena","7":"product_cat-inne","8":"product_cat-wina","9":"product_cat-hiszpania","11":"first","12":"instock","13":"sale","14":"shipping-taxable","15":"purchasable","16":"product-type-simple"},"_links":{"self":[{"href":"https:\/\/hurt.wineport.pl\/index.php?rest_route=\/wp\/v2\/product\/19453","targetHints":{"allow":["GET"]}}],"collection":[{"href":"https:\/\/hurt.wineport.pl\/index.php?rest_route=\/wp\/v2\/product"}],"about":[{"href":"https:\/\/hurt.wineport.pl\/index.php?rest_route=\/wp\/v2\/types\/product"}],"replies":[{"embeddable":true,"href":"https:\/\/hurt.wineport.pl\/index.php?rest_route=%2Fwp%2Fv2%2Fcomments&post=19453"}],"wp:featuredmedia":[{"embeddable":true,"href":"https:\/\/hurt.wineport.pl\/index.php?rest_route=\/wp\/v2\/media\/18510"}],"wp:attachment":[{"href":"https:\/\/hurt.wineport.pl\/index.php?rest_route=%2Fwp%2Fv2%2Fmedia&parent=19453"}],"wp:term":[{"taxonomy":"product_cat","embeddable":true,"href":"https:\/\/hurt.wineport.pl\/index.php?rest_route=%2Fwp%2Fv2%2Fproduct_cat&post=19453"},{"taxonomy":"product_tag","embeddable":true,"href":"https:\/\/hurt.wineport.pl\/index.php?rest_route=%2Fwp%2Fv2%2Fproduct_tag&post=19453"}],"curies":[{"name":"wp","href":"https:\/\/api.w.org\/{rel}","templated":true}]}}