{"id":19623,"date":"2024-05-25T03:56:34","date_gmt":"2024-05-25T01:56:34","guid":{"rendered":"https:\/\/hurt.wineport.pl\/?product=wino-dornfelder-cz-s-075l-2"},"modified":"2024-06-07T12:03:23","modified_gmt":"2024-06-07T10:03:23","slug":"wino-dornfelder-cz-s-075l-2","status":"publish","type":"product","link":"https:\/\/hurt.wineport.pl\/?product=wino-dornfelder-cz-s-075l-2","title":{"rendered":"Wino DORNFELDER cz\/s 0,75L"},"content":{"rendered":"<p>Winnica Rudi R\u00fcttger zosta\u0142a za\u0142o\u017cona w 1643r.<br \/>Vintage: 2016<br \/>Region: Pfalz<br \/>Alkohol: 10% obj<br \/>Kolor: ciemno-fioletowy-czerwony<br \/>Smak: dojrza\u0142e wi\u015bnie, maliny, zio\u0142a.<br \/>Smak: s\u0142odki, g\u0142adki, okr\u0105g\u0142y &#8211; ciemna barwa jest myl\u0105ca:<br \/>Jest to raczej lekki, \u015bwie\u017cy i owocowy rodzaj s\u0142odkiej czerwieni.<br \/>Temperatura serwowania: 14-16 \u00b0 C<br \/>Dobrze \u0142\u0105czy si\u0119 z: Talerzami z sera lub ciemnym grillowanym mi\u0119sem.<br \/>Wino przed butelkowaniem jest naturalnie dos\u0142adzane s\u0142odkim sokiem, kt\u00f3ry nie zosta\u0142 poddany procesowi fermentacji.<\/p>\n","protected":false},"excerpt":{"rendered":"<p>Winnica Rudi R\u00fcttger zosta\u0142a za\u0142o\u017cona w 1643r.<br \/>Vintage: 2016<br \/>Region: Pfalz<br \/>Alkohol: 10% obj<br \/>Kolor: ciemno-fioletowy-czerwony<br \/>Smak: dojrza\u0142e wi\u015bnie, maliny, zio\u0142a.<br \/>Smak: s\u0142odki, g\u0142adki, okr\u0105g\u0142y &#8211; ciemna barwa jest myl\u0105ca:<br \/>Jest to raczej lekki, \u015bwie\u017cy i owocowy rodzaj s\u0142odkiej czerwieni.<br \/>Temperatura serwowania: 14-16 \u00b0 C<br \/>Dobrze \u0142\u0105czy si\u0119 z: Talerzami z sera lub ciemnym grillowanym mi\u0119sem.<br \/>Wino przed butelkowaniem jest naturalnie dos\u0142adzane s\u0142odkim sokiem, kt\u00f3ry nie zosta\u0142 poddany procesowi fermentacji.<\/p>\n","protected":false},"featured_media":19018,"comment_status":"open","ping_status":"closed","template":"","meta":[],"product_cat":[15,281,290],"product_tag":[],"class_list":{"0":"post-19623","1":"product","2":"type-product","3":"status-publish","4":"has-post-thumbnail","6":"product_cat-inne","7":"product_cat-wina","8":"product_cat-niemcy","10":"first","11":"instock","12":"sale","13":"shipping-taxable","14":"purchasable","15":"product-type-simple"},"_links":{"self":[{"href":"https:\/\/hurt.wineport.pl\/index.php?rest_route=\/wp\/v2\/product\/19623","targetHints":{"allow":["GET"]}}],"collection":[{"href":"https:\/\/hurt.wineport.pl\/index.php?rest_route=\/wp\/v2\/product"}],"about":[{"href":"https:\/\/hurt.wineport.pl\/index.php?rest_route=\/wp\/v2\/types\/product"}],"replies":[{"embeddable":true,"href":"https:\/\/hurt.wineport.pl\/index.php?rest_route=%2Fwp%2Fv2%2Fcomments&post=19623"}],"wp:featuredmedia":[{"embeddable":true,"href":"https:\/\/hurt.wineport.pl\/index.php?rest_route=\/wp\/v2\/media\/19018"}],"wp:attachment":[{"href":"https:\/\/hurt.wineport.pl\/index.php?rest_route=%2Fwp%2Fv2%2Fmedia&parent=19623"}],"wp:term":[{"taxonomy":"product_cat","embeddable":true,"href":"https:\/\/hurt.wineport.pl\/index.php?rest_route=%2Fwp%2Fv2%2Fproduct_cat&post=19623"},{"taxonomy":"product_tag","embeddable":true,"href":"https:\/\/hurt.wineport.pl\/index.php?rest_route=%2Fwp%2Fv2%2Fproduct_tag&post=19623"}],"curies":[{"name":"wp","href":"https:\/\/api.w.org\/{rel}","templated":true}]}}