{"id":19624,"date":"2024-05-25T03:56:34","date_gmt":"2024-05-25T01:56:34","guid":{"rendered":"https:\/\/hurt.wineport.pl\/?product=wino-gewurztraminer-spatlese-biale-slodkie-075l-2"},"modified":"2024-06-07T12:03:23","modified_gmt":"2024-06-07T10:03:23","slug":"wino-gewurztraminer-spatlese-biale-slodkie-075l-2","status":"publish","type":"product","link":"https:\/\/hurt.wineport.pl\/?product=wino-gewurztraminer-spatlese-biale-slodkie-075l-2","title":{"rendered":"Wino Gew\u00fcrztraminer Sp\u00e4tlese bia\u0142e s\u0142odkie 0,75L"},"content":{"rendered":"<p>Winnica Rudi R\u00fcttger zosta\u0142a za\u0142o\u017cona w 1643r.<\/p>\n<p>Vintage: 2017<br \/>Region: Pfalz<br \/>Alkohol: 10% obj<br \/>16 godzin maceracji, fermentacja w 18-19 \u00b0 Celsjusza.<br \/>S\u0142odki smak r\u00f3\u017c i go\u017adzik\u00f3w.<br \/>Smak pe\u0142ny, intensywny,<br \/>g\u0142adkie na podniebieniu z do\u015b\u0107 d\u0142ugim zako\u0144czeniem.<br \/>Wysoki cukier resztkowy jest dobrze zr\u00f3wnowa\u017cony dobr\u0105 kwasowo\u015bci\u0105.<br \/>Dobrze \u0142\u0105czy si\u0119 z pikantnymi serowymi talerzami, a nawet s\u0142odkim deserem.<br \/>Wysoki potencja\u0142 starzenia od 5 do 10 lat.<br \/>Zalecana porcja Temperatura:<br \/>11-13 \u00b0 Celsjusza<\/p>\n","protected":false},"excerpt":{"rendered":"<p>Winnica Rudi R\u00fcttger zosta\u0142a za\u0142o\u017cona w 1643r.<\/p>\n<p>Vintage: 2017<br \/>Region: Pfalz<br \/>Alkohol: 10% obj<br \/>16 godzin maceracji, fermentacja w 18-19 \u00b0 Celsjusza.<br \/>S\u0142odki smak r\u00f3\u017c i go\u017adzik\u00f3w.<br \/>Smak pe\u0142ny, intensywny,<br \/>g\u0142adkie na podniebieniu z do\u015b\u0107 d\u0142ugim zako\u0144czeniem.<br \/>Wysoki cukier resztkowy jest dobrze zr\u00f3wnowa\u017cony dobr\u0105 kwasowo\u015bci\u0105.<br \/>Dobrze \u0142\u0105czy si\u0119 z pikantnymi serowymi talerzami, a nawet s\u0142odkim deserem.<br \/>Wysoki potencja\u0142 starzenia od 5 do 10 lat.<br \/>Zalecana porcja Temperatura:<br \/>11-13 \u00b0 Celsjusza<\/p>\n","protected":false},"featured_media":19021,"comment_status":"open","ping_status":"closed","template":"","meta":[],"product_cat":[15,281,290],"product_tag":[],"class_list":{"0":"post-19624","1":"product","2":"type-product","3":"status-publish","4":"has-post-thumbnail","6":"product_cat-inne","7":"product_cat-wina","8":"product_cat-niemcy","10":"first","11":"instock","12":"sale","13":"shipping-taxable","14":"purchasable","15":"product-type-simple"},"_links":{"self":[{"href":"https:\/\/hurt.wineport.pl\/index.php?rest_route=\/wp\/v2\/product\/19624","targetHints":{"allow":["GET"]}}],"collection":[{"href":"https:\/\/hurt.wineport.pl\/index.php?rest_route=\/wp\/v2\/product"}],"about":[{"href":"https:\/\/hurt.wineport.pl\/index.php?rest_route=\/wp\/v2\/types\/product"}],"replies":[{"embeddable":true,"href":"https:\/\/hurt.wineport.pl\/index.php?rest_route=%2Fwp%2Fv2%2Fcomments&post=19624"}],"wp:featuredmedia":[{"embeddable":true,"href":"https:\/\/hurt.wineport.pl\/index.php?rest_route=\/wp\/v2\/media\/19021"}],"wp:attachment":[{"href":"https:\/\/hurt.wineport.pl\/index.php?rest_route=%2Fwp%2Fv2%2Fmedia&parent=19624"}],"wp:term":[{"taxonomy":"product_cat","embeddable":true,"href":"https:\/\/hurt.wineport.pl\/index.php?rest_route=%2Fwp%2Fv2%2Fproduct_cat&post=19624"},{"taxonomy":"product_tag","embeddable":true,"href":"https:\/\/hurt.wineport.pl\/index.php?rest_route=%2Fwp%2Fv2%2Fproduct_tag&post=19624"}],"curies":[{"name":"wp","href":"https:\/\/api.w.org\/{rel}","templated":true}]}}