{"id":19628,"date":"2024-05-25T03:56:35","date_gmt":"2024-05-25T01:56:35","guid":{"rendered":"https:\/\/hurt.wineport.pl\/?product=wino-spatburgunder-cz-w-075l-2"},"modified":"2024-06-07T12:03:23","modified_gmt":"2024-06-07T10:03:23","slug":"wino-spatburgunder-cz-w-075l-2","status":"publish","type":"product","link":"https:\/\/hurt.wineport.pl\/?product=wino-spatburgunder-cz-w-075l-2","title":{"rendered":"Wino Sp\u00e4tburgunder cz\/w 0,75L"},"content":{"rendered":"<p>Winnica Rudi R\u00fcttger zosta\u0142a za\u0142o\u017cona w 1643r.<\/p>\n<p>Vintage: 2017<br \/>Kraj: Niemcy<br \/>Region: Pfalz<br \/>Alkohol: 13% obj<br \/>M\u0142ode winoro\u015bla na glebie wapiennej. 10 dni maceracji<br \/>w temperaturze 25-28 \u00b0 C.<br \/>Fermentacja i fermentacja malolaktyczna w zbiornikach betonowych<br \/>dla 80%, 20% w starych beczkach.<br \/>Elegancki, owocowy typ Pinot. Bardzo g\u0142adkie i mi\u0119kkie odczucie w ustach, struktura mineralna.<br \/>Aromaty jag\u00f3d i wi\u015bni.<br \/>Mo\u017cna si\u0119 cieszy\u0107, starzenie si\u0119 zmniejszy owoce i<br \/>poprawiaj\u0105 grubo\u015b\u0107 i cia\u0142o. Potencja\u0142 starzenia: 2022<br \/>Zalecana temperatura serwowania: 17 &#8211; 19 \u00b0 C<\/p>\n","protected":false},"excerpt":{"rendered":"<p>Winnica Rudi R\u00fcttger zosta\u0142a za\u0142o\u017cona w 1643r.<\/p>\n<p>Vintage: 2017<br \/>Kraj: Niemcy<br \/>Region: Pfalz<br \/>Alkohol: 13% obj<br \/>M\u0142ode winoro\u015bla na glebie wapiennej. 10 dni maceracji<br \/>w temperaturze 25-28 \u00b0 C.<br \/>Fermentacja i fermentacja malolaktyczna w zbiornikach betonowych<br \/>dla 80%, 20% w starych beczkach.<br \/>Elegancki, owocowy typ Pinot. Bardzo g\u0142adkie i mi\u0119kkie odczucie w ustach, struktura mineralna.<br \/>Aromaty jag\u00f3d i wi\u015bni.<br \/>Mo\u017cna si\u0119 cieszy\u0107, starzenie si\u0119 zmniejszy owoce i<br \/>poprawiaj\u0105 grubo\u015b\u0107 i cia\u0142o. Potencja\u0142 starzenia: 2022<br \/>Zalecana temperatura serwowania: 17 &#8211; 19 \u00b0 C<\/p>\n","protected":false},"featured_media":19033,"comment_status":"open","ping_status":"closed","template":"","meta":[],"product_cat":[15,281,290],"product_tag":[],"class_list":{"0":"post-19628","1":"product","2":"type-product","3":"status-publish","4":"has-post-thumbnail","6":"product_cat-inne","7":"product_cat-wina","8":"product_cat-niemcy","10":"first","11":"instock","12":"sale","13":"shipping-taxable","14":"purchasable","15":"product-type-simple"},"_links":{"self":[{"href":"https:\/\/hurt.wineport.pl\/index.php?rest_route=\/wp\/v2\/product\/19628","targetHints":{"allow":["GET"]}}],"collection":[{"href":"https:\/\/hurt.wineport.pl\/index.php?rest_route=\/wp\/v2\/product"}],"about":[{"href":"https:\/\/hurt.wineport.pl\/index.php?rest_route=\/wp\/v2\/types\/product"}],"replies":[{"embeddable":true,"href":"https:\/\/hurt.wineport.pl\/index.php?rest_route=%2Fwp%2Fv2%2Fcomments&post=19628"}],"wp:featuredmedia":[{"embeddable":true,"href":"https:\/\/hurt.wineport.pl\/index.php?rest_route=\/wp\/v2\/media\/19033"}],"wp:attachment":[{"href":"https:\/\/hurt.wineport.pl\/index.php?rest_route=%2Fwp%2Fv2%2Fmedia&parent=19628"}],"wp:term":[{"taxonomy":"product_cat","embeddable":true,"href":"https:\/\/hurt.wineport.pl\/index.php?rest_route=%2Fwp%2Fv2%2Fproduct_cat&post=19628"},{"taxonomy":"product_tag","embeddable":true,"href":"https:\/\/hurt.wineport.pl\/index.php?rest_route=%2Fwp%2Fv2%2Fproduct_tag&post=19628"}],"curies":[{"name":"wp","href":"https:\/\/api.w.org\/{rel}","templated":true}]}}