{"id":19645,"date":"2024-05-25T04:10:36","date_gmt":"2024-05-25T02:10:36","guid":{"rendered":"https:\/\/hurt.wineport.pl\/?product=giribaldi-barbera-dalba-d-o-c-superiore-caj-075l-2"},"modified":"2024-05-29T17:24:02","modified_gmt":"2024-05-29T15:24:02","slug":"giribaldi-barbera-dalba-d-o-c-superiore-caj-075l-2","status":"publish","type":"product","link":"https:\/\/hurt.wineport.pl\/?product=giribaldi-barbera-dalba-d-o-c-superiore-caj-075l-2","title":{"rendered":"Giribaldi BARBERA D&#8217;ALBA D.O.C. SUPERIORE CAJ 0,75L"},"content":{"rendered":"<p>Barbera pochodzi z winnicy w Albie, kt\u00f3ra znajduje si\u0119 380 m nad poziomem morza i ma powierzchni\u0119 3,96 ha na cienkiej wapiennej glebie. Po odpoczynku w stali nierdzewnej wino dojrzewa w 30hl d\u0119bowych beczkach przez oko\u0142o 8 miesi\u0119cy, potem zostawiane jest w butelce na co najmniej 3 miesi\u0105ce. Wino posiada europejski certyfikat ECO BIO.<\/p>\n<p>Wino to charakteryzuje si\u0119 intensywn\u0105, rubinow\u0105 barw\u0105 i wyrazistym, z\u0142o\u017conym bukietem aromatycznym. Wyczuwalne s\u0105 nuty ciemnych owoc\u00f3w, takich jak czarna porzeczka, wi\u015bnie i \u015bliwki, po\u0142\u0105czone z subtelniejszymi tonami przypraw, kakao i wanilii. W ustach wyr\u00f3\u017cnia si\u0119 pe\u0142nym, harmonijnym smakiem, z dobrze zintegrowanymi taninami i wyra\u017anym, d\u0142ugim finiszem.<\/p>\n<p>Giribaldi Barbera d&#8217;Alba D.O.C. Superiore Caj to wino, kt\u00f3re doskonale komponuje si\u0119 z daniami kuchni w\u0142oskiej, takimi jak mi\u0119sa duszone w sosach pomidorowych, pieczone ryby, makarony z mi\u0119sem oraz dojrzewaj\u0105ce sery.<\/p>\n","protected":false},"excerpt":{"rendered":"<p>Barbera pochodzi z winnicy w Albie, kt\u00f3ra znajduje si\u0119 380 m nad poziomem morza i ma powierzchni\u0119 3,96 ha na cienkiej wapiennej glebie. Po odpoczynku w stali nierdzewnej wino dojrzewa w 30hl d\u0119bowych beczkach przez oko\u0142o 8 miesi\u0119cy, potem zostawiane jest w butelce na co najmniej 3 miesi\u0105ce. Wino posiada europejski certyfikat ECO BIO.<\/p>\n<p>Wino to charakteryzuje si\u0119 intensywn\u0105, rubinow\u0105 barw\u0105 i wyrazistym, z\u0142o\u017conym bukietem aromatycznym. Wyczuwalne s\u0105 nuty ciemnych owoc\u00f3w, takich jak czarna porzeczka, wi\u015bnie i \u015bliwki, po\u0142\u0105czone z subtelniejszymi tonami przypraw, kakao i wanilii. W ustach wyr\u00f3\u017cnia si\u0119 pe\u0142nym, harmonijnym smakiem, z dobrze zintegrowanymi taninami i wyra\u017anym, d\u0142ugim finiszem.<\/p>\n<p>Giribaldi Barbera d&#8217;Alba D.O.C. Superiore Caj to wino, kt\u00f3re doskonale komponuje si\u0119 z daniami kuchni w\u0142oskiej, takimi jak mi\u0119sa duszone w sosach pomidorowych, pieczone ryby, makarony z mi\u0119sem oraz dojrzewaj\u0105ce sery.<\/p>\n","protected":false},"featured_media":19084,"comment_status":"open","ping_status":"closed","template":"","meta":[],"product_cat":[316,15,281,274],"product_tag":[],"class_list":{"0":"post-19645","1":"product","2":"type-product","3":"status-publish","4":"has-post-thumbnail","6":"product_cat-piemont","7":"product_cat-inne","8":"product_cat-wina","9":"product_cat-wlochy","11":"first","12":"instock","13":"sale","14":"shipping-taxable","15":"purchasable","16":"product-type-simple"},"_links":{"self":[{"href":"https:\/\/hurt.wineport.pl\/index.php?rest_route=\/wp\/v2\/product\/19645","targetHints":{"allow":["GET"]}}],"collection":[{"href":"https:\/\/hurt.wineport.pl\/index.php?rest_route=\/wp\/v2\/product"}],"about":[{"href":"https:\/\/hurt.wineport.pl\/index.php?rest_route=\/wp\/v2\/types\/product"}],"replies":[{"embeddable":true,"href":"https:\/\/hurt.wineport.pl\/index.php?rest_route=%2Fwp%2Fv2%2Fcomments&post=19645"}],"wp:featuredmedia":[{"embeddable":true,"href":"https:\/\/hurt.wineport.pl\/index.php?rest_route=\/wp\/v2\/media\/19084"}],"wp:attachment":[{"href":"https:\/\/hurt.wineport.pl\/index.php?rest_route=%2Fwp%2Fv2%2Fmedia&parent=19645"}],"wp:term":[{"taxonomy":"product_cat","embeddable":true,"href":"https:\/\/hurt.wineport.pl\/index.php?rest_route=%2Fwp%2Fv2%2Fproduct_cat&post=19645"},{"taxonomy":"product_tag","embeddable":true,"href":"https:\/\/hurt.wineport.pl\/index.php?rest_route=%2Fwp%2Fv2%2Fproduct_tag&post=19645"}],"curies":[{"name":"wp","href":"https:\/\/api.w.org\/{rel}","templated":true}]}}