{"id":19646,"date":"2024-05-25T04:10:36","date_gmt":"2024-05-25T02:10:36","guid":{"rendered":"https:\/\/hurt.wineport.pl\/?product=giribaldi-dolcetto-dalba-doc-calupo-075l-2"},"modified":"2024-05-29T17:24:02","modified_gmt":"2024-05-29T15:24:02","slug":"giribaldi-dolcetto-dalba-doc-calupo-075l-2","status":"publish","type":"product","link":"https:\/\/hurt.wineport.pl\/?product=giribaldi-dolcetto-dalba-doc-calupo-075l-2","title":{"rendered":"Giribaldi DOLCETTO d\u2019ALBA doc calupo 0,75L"},"content":{"rendered":"<p>To Dolcetto pochodzi z winnicy &#8220;Schiena del Corttino&#8221; o powierzchni 4,85ha w Rodello. Winnica le\u017cy na pag\u00f3rkowym terenie z wapienn\u0105 i kamienist\u0105 gleb\u0105. Po odpoczynku w stali nierdzewnej wino dojrzewa w d\u0119bowych beczkach o pojemno\u015bci 30hl przez ok. 2 miesi\u0105ce a nast\u0119pnie jest zostawione w butelce przez co najmniej 6 miesi\u0119cy. Wino ma europejski certyfikat ECO BIO.<\/p>\n<p>Charakteryzuje si\u0119 ono g\u0142\u0119bok\u0105 rubinow\u0105 barw\u0105 i intensywnym aromatem, w kt\u00f3rym dominuj\u0105 nuty owocowe, takie jak jagody, czere\u015bnie i wi\u015bnie, po\u0142\u0105czone z subtelnymi nutami zio\u0142owymi i pikantnymi. W ustach wyr\u00f3\u017cnia si\u0119 pe\u0142nym, z\u0142o\u017conym smakiem, z dobrze zintegrowanymi taninami i przyjemnym, d\u0142ugim finiszem.<\/p>\n<p>Giribaldi Dolcetto d&#8217;Alba DOC Calupo to wino, kt\u00f3re doskonale komponuje si\u0119 z potrawami kuchni w\u0142oskiej, takimi jak makarony, pizze, mi\u0119sa w sosach pomidorowych oraz dojrzewaj\u0105ce sery.<\/p>\n","protected":false},"excerpt":{"rendered":"<p>To Dolcetto pochodzi z winnicy &#8220;Schiena del Corttino&#8221; o powierzchni 4,85ha w Rodello. Winnica le\u017cy na pag\u00f3rkowym terenie z wapienn\u0105 i kamienist\u0105 gleb\u0105. Po odpoczynku w stali nierdzewnej wino dojrzewa w d\u0119bowych beczkach o pojemno\u015bci 30hl przez ok. 2 miesi\u0105ce a nast\u0119pnie jest zostawione w butelce przez co najmniej 6 miesi\u0119cy. Wino ma europejski certyfikat ECO BIO.<\/p>\n<p>Charakteryzuje si\u0119 ono g\u0142\u0119bok\u0105 rubinow\u0105 barw\u0105 i intensywnym aromatem, w kt\u00f3rym dominuj\u0105 nuty owocowe, takie jak jagody, czere\u015bnie i wi\u015bnie, po\u0142\u0105czone z subtelnymi nutami zio\u0142owymi i pikantnymi. W ustach wyr\u00f3\u017cnia si\u0119 pe\u0142nym, z\u0142o\u017conym smakiem, z dobrze zintegrowanymi taninami i przyjemnym, d\u0142ugim finiszem.<\/p>\n<p>Giribaldi Dolcetto d&#8217;Alba DOC Calupo to wino, kt\u00f3re doskonale komponuje si\u0119 z potrawami kuchni w\u0142oskiej, takimi jak makarony, pizze, mi\u0119sa w sosach pomidorowych oraz dojrzewaj\u0105ce sery.<\/p>\n","protected":false},"featured_media":19087,"comment_status":"open","ping_status":"closed","template":"","meta":[],"product_cat":[316,15,281,274],"product_tag":[],"class_list":{"0":"post-19646","1":"product","2":"type-product","3":"status-publish","4":"has-post-thumbnail","6":"product_cat-piemont","7":"product_cat-inne","8":"product_cat-wina","9":"product_cat-wlochy","11":"first","12":"instock","13":"sale","14":"shipping-taxable","15":"purchasable","16":"product-type-simple"},"_links":{"self":[{"href":"https:\/\/hurt.wineport.pl\/index.php?rest_route=\/wp\/v2\/product\/19646","targetHints":{"allow":["GET"]}}],"collection":[{"href":"https:\/\/hurt.wineport.pl\/index.php?rest_route=\/wp\/v2\/product"}],"about":[{"href":"https:\/\/hurt.wineport.pl\/index.php?rest_route=\/wp\/v2\/types\/product"}],"replies":[{"embeddable":true,"href":"https:\/\/hurt.wineport.pl\/index.php?rest_route=%2Fwp%2Fv2%2Fcomments&post=19646"}],"wp:featuredmedia":[{"embeddable":true,"href":"https:\/\/hurt.wineport.pl\/index.php?rest_route=\/wp\/v2\/media\/19087"}],"wp:attachment":[{"href":"https:\/\/hurt.wineport.pl\/index.php?rest_route=%2Fwp%2Fv2%2Fmedia&parent=19646"}],"wp:term":[{"taxonomy":"product_cat","embeddable":true,"href":"https:\/\/hurt.wineport.pl\/index.php?rest_route=%2Fwp%2Fv2%2Fproduct_cat&post=19646"},{"taxonomy":"product_tag","embeddable":true,"href":"https:\/\/hurt.wineport.pl\/index.php?rest_route=%2Fwp%2Fv2%2Fproduct_tag&post=19646"}],"curies":[{"name":"wp","href":"https:\/\/api.w.org\/{rel}","templated":true}]}}