{"id":19647,"date":"2024-05-25T04:10:37","date_gmt":"2024-05-25T02:10:37","guid":{"rendered":"https:\/\/hurt.wineport.pl\/?product=giribaldi-langhe-bianco-doc-campo-dei-fichi-0-75l-2"},"modified":"2024-05-29T17:24:02","modified_gmt":"2024-05-29T15:24:02","slug":"giribaldi-langhe-bianco-doc-campo-dei-fichi-0-75l-2","status":"publish","type":"product","link":"https:\/\/hurt.wineport.pl\/?product=giribaldi-langhe-bianco-doc-campo-dei-fichi-0-75l-2","title":{"rendered":"Giribaldi LANGHE BIANCO doc campo dei fichi 0.75L"},"content":{"rendered":"<p>To Chardonnay pochodzi z okolic Rodello. Winnica le\u017cy 460m nad poziomem morza na pag\u00f3rkowatym\u00a0terenie\u00a0z gleb\u0105 wapienn\u0105 bogat\u0105 w w\u0119glan wapnia. Le\u017cakuje w beczce d\u0119bowej przez 120 dni a nast\u0119pnie zostawia si\u0119 je w butelce\u00a0na minimum 6 miesi\u0119cy. Wino posiada europejski certyfikat ECO BIO.<\/p>\n<p>Charakteryzuje si\u0119 jasno\u017c\u00f3\u0142t\u0105 barw\u0105 i bogatym, z\u0142o\u017conym bukietem aromatycznym. Wyczuwalne s\u0105 nuty cytrusowe, takie jak limonka i grejpfrut, po\u0142\u0105czone z delikatnymi nutami kwiatowymi i mineralnymi. W ustach wyr\u00f3\u017cnia si\u0119 pe\u0142nym, \u015bwie\u017cym smakiem, z dobrze zintegrowan\u0105 kwasowo\u015bci\u0105 i przyjemnym, d\u0142ugim finiszem. Wino doskonale komponuje si\u0119 z kuchni\u0105 w\u0142osk\u0105, tak\u0105 jak ryby, owoce morza, sa\u0142atki z krewetkami, sery i dania z jajek.<\/p>\n","protected":false},"excerpt":{"rendered":"<p>To Chardonnay pochodzi z okolic Rodello. Winnica le\u017cy 460m nad poziomem morza na pag\u00f3rkowatym\u00a0terenie\u00a0z gleb\u0105 wapienn\u0105 bogat\u0105 w w\u0119glan wapnia. Le\u017cakuje w beczce d\u0119bowej przez 120 dni a nast\u0119pnie zostawia si\u0119 je w butelce\u00a0na minimum 6 miesi\u0119cy. Wino posiada europejski certyfikat ECO BIO.<\/p>\n<p>Charakteryzuje si\u0119 jasno\u017c\u00f3\u0142t\u0105 barw\u0105 i bogatym, z\u0142o\u017conym bukietem aromatycznym. Wyczuwalne s\u0105 nuty cytrusowe, takie jak limonka i grejpfrut, po\u0142\u0105czone z delikatnymi nutami kwiatowymi i mineralnymi. W ustach wyr\u00f3\u017cnia si\u0119 pe\u0142nym, \u015bwie\u017cym smakiem, z dobrze zintegrowan\u0105 kwasowo\u015bci\u0105 i przyjemnym, d\u0142ugim finiszem. Wino doskonale komponuje si\u0119 z kuchni\u0105 w\u0142osk\u0105, tak\u0105 jak ryby, owoce morza, sa\u0142atki z krewetkami, sery i dania z jajek.<\/p>\n","protected":false},"featured_media":19090,"comment_status":"open","ping_status":"closed","template":"","meta":[],"product_cat":[316,15,281,274],"product_tag":[],"class_list":{"0":"post-19647","1":"product","2":"type-product","3":"status-publish","4":"has-post-thumbnail","6":"product_cat-piemont","7":"product_cat-inne","8":"product_cat-wina","9":"product_cat-wlochy","11":"first","12":"instock","13":"sale","14":"shipping-taxable","15":"purchasable","16":"product-type-simple"},"_links":{"self":[{"href":"https:\/\/hurt.wineport.pl\/index.php?rest_route=\/wp\/v2\/product\/19647","targetHints":{"allow":["GET"]}}],"collection":[{"href":"https:\/\/hurt.wineport.pl\/index.php?rest_route=\/wp\/v2\/product"}],"about":[{"href":"https:\/\/hurt.wineport.pl\/index.php?rest_route=\/wp\/v2\/types\/product"}],"replies":[{"embeddable":true,"href":"https:\/\/hurt.wineport.pl\/index.php?rest_route=%2Fwp%2Fv2%2Fcomments&post=19647"}],"wp:featuredmedia":[{"embeddable":true,"href":"https:\/\/hurt.wineport.pl\/index.php?rest_route=\/wp\/v2\/media\/19090"}],"wp:attachment":[{"href":"https:\/\/hurt.wineport.pl\/index.php?rest_route=%2Fwp%2Fv2%2Fmedia&parent=19647"}],"wp:term":[{"taxonomy":"product_cat","embeddable":true,"href":"https:\/\/hurt.wineport.pl\/index.php?rest_route=%2Fwp%2Fv2%2Fproduct_cat&post=19647"},{"taxonomy":"product_tag","embeddable":true,"href":"https:\/\/hurt.wineport.pl\/index.php?rest_route=%2Fwp%2Fv2%2Fproduct_tag&post=19647"}],"curies":[{"name":"wp","href":"https:\/\/api.w.org\/{rel}","templated":true}]}}