{"id":19648,"date":"2024-05-25T04:10:37","date_gmt":"2024-05-25T02:10:37","guid":{"rendered":"https:\/\/hurt.wineport.pl\/?product=giribaldi-barolo-docg-075l-2"},"modified":"2024-05-29T17:24:02","modified_gmt":"2024-05-29T15:24:02","slug":"giribaldi-barolo-docg-075l-2","status":"publish","type":"product","link":"https:\/\/hurt.wineport.pl\/?product=giribaldi-barolo-docg-075l-2","title":{"rendered":"Giribaldi BAROLO docg 0,75L"},"content":{"rendered":"<p>To wino pochodzi z winnicy w Novello 400m nad poziomem morza. Gleba to margiel i glina o dobrej przepuszczalno\u015bci. Tradycyjna winifikacja przez 20 dni w kontrolowanej temperaturze 30\/35*C. Po odpoczynku w stali nierdzewnej przez 4 miesi\u0105ce wino dojrzewa w beczkach z francuskiego d\u0119bu przez 2 lata a nast\u0119pnie jest zostawiane w butelce w podziemnej piwnicy w sta\u0142ej temperaturze 16*C a\u017c do sprzeda\u017cy.\u00a0<\/p>\n<p>Intensywny rubinowy kolor z ceglano-pomara\u0144czowymi refleksami, kt\u00f3re staj\u0105 si\u0119 widoczne po kilku latach starzenia.<\/p>\n<p>Wyczuwalna wo\u0144 czerwonych owoc\u00f3w, wi\u015bni, truskawki i czarnych le\u015bnych owoc\u00f3w.<\/p>\n<p>Ciep\u0142e doznania waniliowe w ustach, czerwone owoce, wytrawne i mi\u0119kkie ze s\u0142odkimi i pikantnymi nutkami.<\/p>\n<p>Eleganckie wino doskona\u0142e do czerwonych mi\u0119s i dziczyzny, pieczonych mi\u0119s i gulaszu. \u015awietne do medytacji. Po starzeniu wino to \u0142\u0105czy si\u0119 wyj\u0105tkowo z ciemn\u0105 czekolad\u0105 i budyniami czekoladowymi.<\/p>\n","protected":false},"excerpt":{"rendered":"<p>To wino pochodzi z winnicy w Novello 400m nad poziomem morza. Gleba to margiel i glina o dobrej przepuszczalno\u015bci. Tradycyjna winifikacja przez 20 dni w kontrolowanej temperaturze 30\/35*C. Po odpoczynku w stali nierdzewnej przez 4 miesi\u0105ce wino dojrzewa w beczkach z francuskiego d\u0119bu przez 2 lata a nast\u0119pnie jest zostawiane w butelce w podziemnej piwnicy w sta\u0142ej temperaturze 16*C a\u017c do sprzeda\u017cy.\u00a0<\/p>\n<p>Intensywny rubinowy kolor z ceglano-pomara\u0144czowymi refleksami, kt\u00f3re staj\u0105 si\u0119 widoczne po kilku latach starzenia.<\/p>\n<p>Wyczuwalna wo\u0144 czerwonych owoc\u00f3w, wi\u015bni, truskawki i czarnych le\u015bnych owoc\u00f3w.<\/p>\n<p>Ciep\u0142e doznania waniliowe w ustach, czerwone owoce, wytrawne i mi\u0119kkie ze s\u0142odkimi i pikantnymi nutkami.<\/p>\n<p>Eleganckie wino doskona\u0142e do czerwonych mi\u0119s i dziczyzny, pieczonych mi\u0119s i gulaszu. \u015awietne do medytacji. Po starzeniu wino to \u0142\u0105czy si\u0119 wyj\u0105tkowo z ciemn\u0105 czekolad\u0105 i budyniami czekoladowymi.<\/p>\n","protected":false},"featured_media":19093,"comment_status":"open","ping_status":"closed","template":"","meta":[],"product_cat":[316,15,281,274],"product_tag":[],"class_list":{"0":"post-19648","1":"product","2":"type-product","3":"status-publish","4":"has-post-thumbnail","6":"product_cat-piemont","7":"product_cat-inne","8":"product_cat-wina","9":"product_cat-wlochy","11":"first","12":"instock","13":"sale","14":"shipping-taxable","15":"purchasable","16":"product-type-simple"},"_links":{"self":[{"href":"https:\/\/hurt.wineport.pl\/index.php?rest_route=\/wp\/v2\/product\/19648","targetHints":{"allow":["GET"]}}],"collection":[{"href":"https:\/\/hurt.wineport.pl\/index.php?rest_route=\/wp\/v2\/product"}],"about":[{"href":"https:\/\/hurt.wineport.pl\/index.php?rest_route=\/wp\/v2\/types\/product"}],"replies":[{"embeddable":true,"href":"https:\/\/hurt.wineport.pl\/index.php?rest_route=%2Fwp%2Fv2%2Fcomments&post=19648"}],"wp:featuredmedia":[{"embeddable":true,"href":"https:\/\/hurt.wineport.pl\/index.php?rest_route=\/wp\/v2\/media\/19093"}],"wp:attachment":[{"href":"https:\/\/hurt.wineport.pl\/index.php?rest_route=%2Fwp%2Fv2%2Fmedia&parent=19648"}],"wp:term":[{"taxonomy":"product_cat","embeddable":true,"href":"https:\/\/hurt.wineport.pl\/index.php?rest_route=%2Fwp%2Fv2%2Fproduct_cat&post=19648"},{"taxonomy":"product_tag","embeddable":true,"href":"https:\/\/hurt.wineport.pl\/index.php?rest_route=%2Fwp%2Fv2%2Fproduct_tag&post=19648"}],"curies":[{"name":"wp","href":"https:\/\/api.w.org\/{rel}","templated":true}]}}