{"id":19662,"date":"2024-05-25T04:10:38","date_gmt":"2024-05-25T02:10:38","guid":{"rendered":"https:\/\/hurt.wineport.pl\/?product=tokaji-furmint-wytrawne-gotz-pinceszet-075l-2"},"modified":"2024-06-07T12:04:59","modified_gmt":"2024-06-07T10:04:59","slug":"tokaji-furmint-wytrawne-gotz-pinceszet-075l-2","status":"publish","type":"product","link":"https:\/\/hurt.wineport.pl\/?product=tokaji-furmint-wytrawne-gotz-pinceszet-075l-2","title":{"rendered":"Tokaji Furmint wytrawne G\u00f6tz Pinc\u00e9szet 0,75l"},"content":{"rendered":"<p>Wino bia\u0142e, wytrawne, gronowe<\/p>\n<p>Kraj pochodzenia: W\u0119gry<\/p>\n<p>Zawarto\u015b\u0107 alkoholu: 11%<\/p>\n<p>Pojemno\u015b\u0107: 0,75l<\/p>\n<p>\u00a0<\/p>\n<p>Wino wytrawne produkowane z g\u0142\u00f3wnego szczepu regionu winiarskiego Tokaj-Hegyalja, po wyselekcjonowanych zbiorach poddawane starannemu przetwarzaniu oraz kontrolowanej fermentacji.<\/p>\n<p>W bukiecie dominuj\u0105 pierwotne aromaty tej odmiany winoro\u015bli. \u015awie\u017cy, rze\u015bki smak, orze\u017awiaj\u0105ca kwasowo\u015b\u0107.<\/p>\n<p>Niezwyk\u0142a harmonia zawarto\u015bci kwasowo\u015bci i ekstraktu. Pe\u0142ne, d\u0142ugie wino. Posmak utrzymuje si\u0119 w ustach przez kilka minut.\u00a0<\/p>\n<p>innica\u00a0G\u00f6tz Pinc\u00e9szet i jej zabytkowe piwniczki przypominaj\u0105ce wiosk\u0119 hobbit\u00f3w zosta\u0142y wpisane na list\u0119 dziedzictwa UNESCO.\u00a0<a href=\"https:\/\/gotzpinceszet.hu\/\">https:\/\/gotzpinceszet.hu\/<\/a>\u00a0\u00a0<\/p>\n","protected":false},"excerpt":{"rendered":"<p>Wino bia\u0142e, wytrawne, gronowe<\/p>\n<p>Kraj pochodzenia: W\u0119gry<\/p>\n<p>Zawarto\u015b\u0107 alkoholu: 11%<\/p>\n<p>Pojemno\u015b\u0107: 0,75l<\/p>\n<p>\u00a0<\/p>\n<p>Wino wytrawne produkowane z g\u0142\u00f3wnego szczepu regionu winiarskiego Tokaj-Hegyalja, po wyselekcjonowanych zbiorach poddawane starannemu przetwarzaniu oraz kontrolowanej fermentacji.<\/p>\n<p>W bukiecie dominuj\u0105 pierwotne aromaty tej odmiany winoro\u015bli. \u015awie\u017cy, rze\u015bki smak, orze\u017awiaj\u0105ca kwasowo\u015b\u0107.<\/p>\n<p>Niezwyk\u0142a harmonia zawarto\u015bci kwasowo\u015bci i ekstraktu. Pe\u0142ne, d\u0142ugie wino. Posmak utrzymuje si\u0119 w ustach przez kilka minut.\u00a0<\/p>\n<p>innica\u00a0G\u00f6tz Pinc\u00e9szet i jej zabytkowe piwniczki przypominaj\u0105ce wiosk\u0119 hobbit\u00f3w zosta\u0142y wpisane na list\u0119 dziedzictwa UNESCO.\u00a0<a href=\"https:\/\/gotzpinceszet.hu\/\">https:\/\/gotzpinceszet.hu\/<\/a>\u00a0\u00a0<\/p>\n","protected":false},"featured_media":19135,"comment_status":"open","ping_status":"closed","template":"","meta":[],"product_cat":[15,281,277],"product_tag":[],"class_list":{"0":"post-19662","1":"product","2":"type-product","3":"status-publish","4":"has-post-thumbnail","6":"product_cat-inne","7":"product_cat-wina","8":"product_cat-wegry","10":"first","11":"instock","12":"sale","13":"shipping-taxable","14":"purchasable","15":"product-type-simple"},"_links":{"self":[{"href":"https:\/\/hurt.wineport.pl\/index.php?rest_route=\/wp\/v2\/product\/19662","targetHints":{"allow":["GET"]}}],"collection":[{"href":"https:\/\/hurt.wineport.pl\/index.php?rest_route=\/wp\/v2\/product"}],"about":[{"href":"https:\/\/hurt.wineport.pl\/index.php?rest_route=\/wp\/v2\/types\/product"}],"replies":[{"embeddable":true,"href":"https:\/\/hurt.wineport.pl\/index.php?rest_route=%2Fwp%2Fv2%2Fcomments&post=19662"}],"wp:featuredmedia":[{"embeddable":true,"href":"https:\/\/hurt.wineport.pl\/index.php?rest_route=\/wp\/v2\/media\/19135"}],"wp:attachment":[{"href":"https:\/\/hurt.wineport.pl\/index.php?rest_route=%2Fwp%2Fv2%2Fmedia&parent=19662"}],"wp:term":[{"taxonomy":"product_cat","embeddable":true,"href":"https:\/\/hurt.wineport.pl\/index.php?rest_route=%2Fwp%2Fv2%2Fproduct_cat&post=19662"},{"taxonomy":"product_tag","embeddable":true,"href":"https:\/\/hurt.wineport.pl\/index.php?rest_route=%2Fwp%2Fv2%2Fproduct_tag&post=19662"}],"curies":[{"name":"wp","href":"https:\/\/api.w.org\/{rel}","templated":true}]}}