{"id":19663,"date":"2024-05-25T04:10:38","date_gmt":"2024-05-25T02:10:38","guid":{"rendered":"https:\/\/hurt.wineport.pl\/?product=tokaji-tokaji-sargamuskotaly-wytrawne-gotz-pinceszet-075l-2"},"modified":"2024-06-07T12:04:59","modified_gmt":"2024-06-07T10:04:59","slug":"tokaji-tokaji-sargamuskotaly-wytrawne-gotz-pinceszet-075l-2","status":"publish","type":"product","link":"https:\/\/hurt.wineport.pl\/?product=tokaji-tokaji-sargamuskotaly-wytrawne-gotz-pinceszet-075l-2","title":{"rendered":"Tokaji Tokaji S\u00e1rgamuskot\u00e1ly wytrawne G\u00f6tz Pinc\u00e9szet 0,75l"},"content":{"rendered":"<p>Wino bia\u0142e, wytrawne, gronowe<\/p>\n<p>Kraj pochodzenia: W\u0119gry<\/p>\n<p>Zawarto\u015b\u0107 alkoholu: 11%<\/p>\n<p>Pojemno\u015b\u0107: 0,75l<\/p>\n<p>\u00a0<\/p>\n<p>Jako aromatyczna odmiana, jest to jedno z najbardziej lubianych przez konsument\u00f3w win tokajskich.<\/p>\n<p>Przygotowywane w procesie fermentacji kontrolowanej.<\/p>\n<p>S\u00e1rgamuskot\u00e1ly jest tym winem, kt\u00f3re- je\u015bli kto\u015b nie zwyk\u0142 pi\u0107 wina lub nie jest mi\u0142o\u015bnikiem tego trunku\u2013 nadaje si\u0119 jako wst\u0119p do kultury picia wina.\u00a0Winnica\u00a0G\u00f6tz Pinc\u00e9szet i jej zabytkowe piwniczki przypominaj\u0105ce wiosk\u0119 hobbit\u00f3w zosta\u0142y wpisane na list\u0119 dziedzictwa UNESCO.\u00a0<a href=\"https:\/\/gotzpinceszet.hu\/\">https:\/\/gotzpinceszet.hu\/<\/a>\u00a0\u00a0<\/p>\n","protected":false},"excerpt":{"rendered":"<p>Wino bia\u0142e, wytrawne, gronowe<\/p>\n<p>Kraj pochodzenia: W\u0119gry<\/p>\n<p>Zawarto\u015b\u0107 alkoholu: 11%<\/p>\n<p>Pojemno\u015b\u0107: 0,75l<\/p>\n<p>\u00a0<\/p>\n<p>Jako aromatyczna odmiana, jest to jedno z najbardziej lubianych przez konsument\u00f3w win tokajskich.<\/p>\n<p>Przygotowywane w procesie fermentacji kontrolowanej.<\/p>\n<p>S\u00e1rgamuskot\u00e1ly jest tym winem, kt\u00f3re- je\u015bli kto\u015b nie zwyk\u0142 pi\u0107 wina lub nie jest mi\u0142o\u015bnikiem tego trunku\u2013 nadaje si\u0119 jako wst\u0119p do kultury picia wina.\u00a0innica\u00a0G\u00f6tz Pinc\u00e9szet i jej zabytkowe piwniczki przypominaj\u0105ce wiosk\u0119 hobbit\u00f3w zosta\u0142y wpisane na list\u0119 dziedzictwa UNESCO.\u00a0<a href=\"https:\/\/gotzpinceszet.hu\/\">https:\/\/gotzpinceszet.hu\/<\/a>\u00a0\u00a0<\/p>\n","protected":false},"featured_media":19138,"comment_status":"open","ping_status":"closed","template":"","meta":[],"product_cat":[15,281,277],"product_tag":[],"class_list":{"0":"post-19663","1":"product","2":"type-product","3":"status-publish","4":"has-post-thumbnail","6":"product_cat-inne","7":"product_cat-wina","8":"product_cat-wegry","10":"first","11":"instock","12":"sale","13":"shipping-taxable","14":"purchasable","15":"product-type-simple"},"_links":{"self":[{"href":"https:\/\/hurt.wineport.pl\/index.php?rest_route=\/wp\/v2\/product\/19663","targetHints":{"allow":["GET"]}}],"collection":[{"href":"https:\/\/hurt.wineport.pl\/index.php?rest_route=\/wp\/v2\/product"}],"about":[{"href":"https:\/\/hurt.wineport.pl\/index.php?rest_route=\/wp\/v2\/types\/product"}],"replies":[{"embeddable":true,"href":"https:\/\/hurt.wineport.pl\/index.php?rest_route=%2Fwp%2Fv2%2Fcomments&post=19663"}],"wp:featuredmedia":[{"embeddable":true,"href":"https:\/\/hurt.wineport.pl\/index.php?rest_route=\/wp\/v2\/media\/19138"}],"wp:attachment":[{"href":"https:\/\/hurt.wineport.pl\/index.php?rest_route=%2Fwp%2Fv2%2Fmedia&parent=19663"}],"wp:term":[{"taxonomy":"product_cat","embeddable":true,"href":"https:\/\/hurt.wineport.pl\/index.php?rest_route=%2Fwp%2Fv2%2Fproduct_cat&post=19663"},{"taxonomy":"product_tag","embeddable":true,"href":"https:\/\/hurt.wineport.pl\/index.php?rest_route=%2Fwp%2Fv2%2Fproduct_tag&post=19663"}],"curies":[{"name":"wp","href":"https:\/\/api.w.org\/{rel}","templated":true}]}}