{"id":19664,"date":"2024-05-25T04:10:38","date_gmt":"2024-05-25T02:10:38","guid":{"rendered":"https:\/\/hurt.wineport.pl\/?product=tokaji-aszu-6-puttonyos-gotz-pinceszet-05l-2"},"modified":"2024-06-07T12:04:59","modified_gmt":"2024-06-07T10:04:59","slug":"tokaji-aszu-6-puttonyos-gotz-pinceszet-05l-2","status":"publish","type":"product","link":"https:\/\/hurt.wineport.pl\/?product=tokaji-aszu-6-puttonyos-gotz-pinceszet-05l-2","title":{"rendered":"Tokaji Asz\u00fa 6 puttonyos G\u00f6tz Pinc\u00e9szet 0,5l"},"content":{"rendered":"<p>Winnica\u00a0G\u00f6tz Pinc\u00e9szet i jej zabytkowe piwniczki przypominaj\u0105ce wiosk\u0119 hobbit\u00f3w zosta\u0142y wpisane na list\u0119 dziedzictwa UNESCO.\u00a0<a href=\"https:\/\/gotzpinceszet.hu\/\">https:\/\/gotzpinceszet.hu\/<\/a><\/p>\n<p>Tokaji Asz\u00fa 6 puttonyos G\u00f6tz Pinc\u00e9szet ma intensywny z\u0142oty kolor i kompleksowy bukiet aromatyczny, w kt\u00f3rym wyczuwalne s\u0105 nuty suszonych owoc\u00f3w, miodu, rodzynk\u00f3w, kwiat\u00f3w i korzenia imbiru. W smaku jest s\u0142odkie, ale dobrze zr\u00f3wnowa\u017cone, z nutami miodu, karmelu, suszonych owoc\u00f3w, orzech\u00f3w i przypraw. Jest to wino o bogatej strukturze i d\u0142ugim finiszu.<\/p>\n<p>Wino najlepiej podawa\u0107 lekko sch\u0142odzone, w temperaturze oko\u0142o 12-14 stopni Celsjusza. To wino doskonale pasuje do deser\u00f3w, np. szarlotki, tarty z owocami, deser\u00f3w z karmelem, ser\u00f3w ple\u015bniowych, ale tak\u017ce mo\u017ce by\u0107 degustowane jako aperitif.<\/p>\n<h2 class=\"h3\">\u00a0<\/h2>\n","protected":false},"excerpt":{"rendered":"<p>Winnica\u00a0G\u00f6tz Pinc\u00e9szet i jej zabytkowe piwniczki przypominaj\u0105ce wiosk\u0119 hobbit\u00f3w zosta\u0142y wpisane na list\u0119 dziedzictwa UNESCO.\u00a0<a href=\"https:\/\/gotzpinceszet.hu\/\">https:\/\/gotzpinceszet.hu\/<\/a><\/p>\n<p>Tokaji Asz\u00fa 6 puttonyos G\u00f6tz Pinc\u00e9szet ma intensywny z\u0142oty kolor i kompleksowy bukiet aromatyczny, w kt\u00f3rym wyczuwalne s\u0105 nuty suszonych owoc\u00f3w, miodu, rodzynk\u00f3w, kwiat\u00f3w i korzenia imbiru. W smaku jest s\u0142odkie, ale dobrze zr\u00f3wnowa\u017cone, z nutami miodu, karmelu, suszonych owoc\u00f3w, orzech\u00f3w i przypraw. Jest to wino o bogatej strukturze i d\u0142ugim finiszu.<\/p>\n<p>Wino\u00a0najlepiej podawa\u0107 lekko sch\u0142odzone, w temperaturze oko\u0142o 12-14 stopni Celsjusza. To wino doskonale pasuje do deser\u00f3w, np. szarlotki, tarty z owocami, deser\u00f3w z karmelem, ser\u00f3w ple\u015bniowych, ale tak\u017ce mo\u017ce by\u0107 degustowane jako aperitif.<\/p>\n","protected":false},"featured_media":19141,"comment_status":"open","ping_status":"closed","template":"","meta":[],"product_cat":[15,281,277],"product_tag":[],"class_list":{"0":"post-19664","1":"product","2":"type-product","3":"status-publish","4":"has-post-thumbnail","6":"product_cat-inne","7":"product_cat-wina","8":"product_cat-wegry","10":"first","11":"instock","12":"sale","13":"shipping-taxable","14":"purchasable","15":"product-type-simple"},"_links":{"self":[{"href":"https:\/\/hurt.wineport.pl\/index.php?rest_route=\/wp\/v2\/product\/19664","targetHints":{"allow":["GET"]}}],"collection":[{"href":"https:\/\/hurt.wineport.pl\/index.php?rest_route=\/wp\/v2\/product"}],"about":[{"href":"https:\/\/hurt.wineport.pl\/index.php?rest_route=\/wp\/v2\/types\/product"}],"replies":[{"embeddable":true,"href":"https:\/\/hurt.wineport.pl\/index.php?rest_route=%2Fwp%2Fv2%2Fcomments&post=19664"}],"wp:featuredmedia":[{"embeddable":true,"href":"https:\/\/hurt.wineport.pl\/index.php?rest_route=\/wp\/v2\/media\/19141"}],"wp:attachment":[{"href":"https:\/\/hurt.wineport.pl\/index.php?rest_route=%2Fwp%2Fv2%2Fmedia&parent=19664"}],"wp:term":[{"taxonomy":"product_cat","embeddable":true,"href":"https:\/\/hurt.wineport.pl\/index.php?rest_route=%2Fwp%2Fv2%2Fproduct_cat&post=19664"},{"taxonomy":"product_tag","embeddable":true,"href":"https:\/\/hurt.wineport.pl\/index.php?rest_route=%2Fwp%2Fv2%2Fproduct_tag&post=19664"}],"curies":[{"name":"wp","href":"https:\/\/api.w.org\/{rel}","templated":true}]}}