{"id":19668,"date":"2024-05-25T04:10:39","date_gmt":"2024-05-25T02:10:39","guid":{"rendered":"https:\/\/hurt.wineport.pl\/?product=tokaji-cuvee-late-harvest-slodkie-gotz-pinceszet-05l-2"},"modified":"2024-06-07T12:04:59","modified_gmt":"2024-06-07T10:04:59","slug":"tokaji-cuvee-late-harvest-slodkie-gotz-pinceszet-05l-2","status":"publish","type":"product","link":"https:\/\/hurt.wineport.pl\/?product=tokaji-cuvee-late-harvest-slodkie-gotz-pinceszet-05l-2","title":{"rendered":"Tokaji Cuv\u00e9e late harvest s\u0142odkie G\u00f6tz Pinc\u00e9szet 0,5l"},"content":{"rendered":"<p>Wino bia\u0142e, s\u0142odkie, gronowe<\/p>\n<p>Kraj pochodzenia: W\u0119gry<\/p>\n<p>Zawarto\u015b\u0107 alkoholu: 12%<\/p>\n<p>Pojemno\u015b\u0107: 0,5l<\/p>\n<p>\u00a0<\/p>\n<p>Wino wyprodukowane z trzech odmian winogron. \u0141\u0105czy w sobie aromaty ananasa i kwiat\u00f3w winoro\u015bli. Charakteryzuje si\u0119 czystym smakiem, bogatym aromatem i \u015bwietnie zbalansowan\u0105 kwa\u015bn\u0105 s\u0142odycz\u0105. Dzi\u0119ki p\u00f3\u017anemu zbiorowi winogron wino daje harmonijny, d\u0142ugi finisz. Winnica\u00a0G\u00f6tz Pinc\u00e9szet i jej zabytkowe piwniczki przypominaj\u0105ce wiosk\u0119 hobbit\u00f3w zosta\u0142y wpisane na list\u0119 dziedzictwa UNESCO.\u00a0<a href=\"https:\/\/gotzpinceszet.hu\/\">https:\/\/gotzpinceszet.hu\/<\/a>\u00a0<\/p>\n<h2 class=\"h3\">\u00a0<\/h2>\n<h2 class=\"h3\">G\u00f6tz Pinc\u00e9szet<\/h2>\n<h2 class=\"h3\">G\u00f6tz Pinc\u00e9szet\u00a0<\/h2>\n","protected":false},"excerpt":{"rendered":"<p>Wino bia\u0142e, s\u0142odkie, gronowe<\/p>\n<p>Kraj pochodzenia: W\u0119gry<\/p>\n<p>Zawarto\u015b\u0107 alkoholu: 12%<\/p>\n<p>Pojemno\u015b\u0107: 0,5l<\/p>\n<p>\u00a0<\/p>\n<p>Wino wyprodukowane z trzech odmian winogron. \u0141\u0105czy w sobie aromaty ananasa i kwiat\u00f3w winoro\u015bli. Charakteryzuje si\u0119 czystym smakiem, bogatym aromatem i \u015bwietnie zbalansowan\u0105 kwa\u015bn\u0105 s\u0142odycz\u0105. Dzi\u0119ki p\u00f3\u017anemu zbiorowi winogron wino daje harmonijny, d\u0142ugi finisz.\u00a0Winnica\u00a0G\u00f6tz Pinc\u00e9szet i jej zabytkowe piwniczki przypominaj\u0105ce wiosk\u0119 hobbit\u00f3w zosta\u0142y wpisane na list\u0119 dziedzictwa UNESCO.\u00a0<a href=\"https:\/\/gotzpinceszet.hu\/\">https:\/\/gotzpinceszet.hu\/<\/a>\u00a0<\/p>\n<h2 class=\"h3\">\u00a0<\/h2>\n","protected":false},"featured_media":19153,"comment_status":"open","ping_status":"closed","template":"","meta":[],"product_cat":[15,281,277],"product_tag":[],"class_list":{"0":"post-19668","1":"product","2":"type-product","3":"status-publish","4":"has-post-thumbnail","6":"product_cat-inne","7":"product_cat-wina","8":"product_cat-wegry","10":"first","11":"instock","12":"sale","13":"shipping-taxable","14":"purchasable","15":"product-type-simple"},"_links":{"self":[{"href":"https:\/\/hurt.wineport.pl\/index.php?rest_route=\/wp\/v2\/product\/19668","targetHints":{"allow":["GET"]}}],"collection":[{"href":"https:\/\/hurt.wineport.pl\/index.php?rest_route=\/wp\/v2\/product"}],"about":[{"href":"https:\/\/hurt.wineport.pl\/index.php?rest_route=\/wp\/v2\/types\/product"}],"replies":[{"embeddable":true,"href":"https:\/\/hurt.wineport.pl\/index.php?rest_route=%2Fwp%2Fv2%2Fcomments&post=19668"}],"wp:featuredmedia":[{"embeddable":true,"href":"https:\/\/hurt.wineport.pl\/index.php?rest_route=\/wp\/v2\/media\/19153"}],"wp:attachment":[{"href":"https:\/\/hurt.wineport.pl\/index.php?rest_route=%2Fwp%2Fv2%2Fmedia&parent=19668"}],"wp:term":[{"taxonomy":"product_cat","embeddable":true,"href":"https:\/\/hurt.wineport.pl\/index.php?rest_route=%2Fwp%2Fv2%2Fproduct_cat&post=19668"},{"taxonomy":"product_tag","embeddable":true,"href":"https:\/\/hurt.wineport.pl\/index.php?rest_route=%2Fwp%2Fv2%2Fproduct_tag&post=19668"}],"curies":[{"name":"wp","href":"https:\/\/api.w.org\/{rel}","templated":true}]}}