{"id":19669,"date":"2024-05-25T04:10:39","date_gmt":"2024-05-25T02:10:39","guid":{"rendered":"https:\/\/hurt.wineport.pl\/?product=herbata-teaport-herbata-owoce-lesne-50g-2"},"modified":"2024-06-07T13:26:36","modified_gmt":"2024-06-07T11:26:36","slug":"herbata-teaport-herbata-owoce-lesne-50g-2","status":"publish","type":"product","link":"https:\/\/hurt.wineport.pl\/?product=herbata-teaport-herbata-owoce-lesne-50g-2","title":{"rendered":"Herbata TEAPORT Herbata Owoce Le\u015bne 50G"},"content":{"rendered":"<p>Herbata Owoce Le\u015bne Teaport to bardzo wyj\u0105tkowa herbata. Napar z suszu czarnej herbaty FBOP Flowery Broken Orange Pekoe nabywa specyficznego aromatu dzi\u0119ki suszonym owocom r\u00f3\u017cy, kawa\u0142kom suszonych poziomek oraz aromatowi owoc\u00f3w le\u015bnych. Opr\u00f3cz wspania\u0142ego smaku Herbata Owoce Le\u015bne pobudza nasze zmys\u0142y i polepsza nasze samopoczucie. . Herbata ta zawiera du\u017ce ilo\u015bci teiny o silnym stymuluj\u0105cym dzia\u0142aniu, minera\u0142y i przeciwutleniacze chroni\u0105ce przed chorobami serca, mia\u017cd\u017cyc\u0105 i nowotworami, flawonoidy przeciwdzia\u0142aj\u0105ce zakrzepom krwi i du\u017c\u0105 dawk\u0119 fluoru, chroni\u0105c\u0105 z\u0119by przed pr\u00f3chnic\u0105. Herbata ta ma r\u00f3wnie\u017c dzia\u0142anie uspokajaj\u0105ce i relaksuj\u0105ce.<\/p>\n<p>Powinno si\u0119 j\u0105 zalewa\u0107 prawie wrz\u0105c\u0105 wod\u0105 (95st.C) i zaparza\u0107 od 3 do 5 minut.<\/p>\n<p>\u00a0<\/p>\n<p>\u00a0<\/p>\n<p>Sk\u0142adniki: Czarna Cejlo\u0144ska Herbata FBOP 93%, suszone owoce r\u00f3\u017cy 2%, zapach owoc\u00f3w le\u015bnych 2%, kawa\u0142ki suszonych poziomek 1,5%, p\u0142atki r\u00f3\u017cy 1%, li\u015bcie poziomek 1%<\/p>\n","protected":false},"excerpt":{"rendered":"<p>Herbata Owoce Le\u015bne Teaport to bardzo wyj\u0105tkowa herbata. Napar z suszu czarnej herbaty FBOP Flowery Broken Orange Pekoe nabywa specyficznego aromatu dzi\u0119ki suszonym owocom r\u00f3\u017cy, kawa\u0142kom suszonych poziomek oraz aromatowi owoc\u00f3w le\u015bnych. Opr\u00f3cz wspania\u0142ego smaku Herbata Owoce Le\u015bne pobudza nasze zmys\u0142y i polepsza nasze samopoczucie. . Herbata ta zawiera du\u017ce ilo\u015bci teiny o silnym stymuluj\u0105cym dzia\u0142aniu, minera\u0142y i przeciwutleniacze chroni\u0105ce przed chorobami serca, mia\u017cd\u017cyc\u0105 i nowotworami, flawonoidy przeciwdzia\u0142aj\u0105ce zakrzepom krwi i du\u017c\u0105 dawk\u0119 fluoru, chroni\u0105c\u0105 z\u0119by przed pr\u00f3chnic\u0105. Herbata ta ma r\u00f3wnie\u017c dzia\u0142anie uspokajaj\u0105ce i relaksuj\u0105ce.<\/p>\n<p>Powinno si\u0119 j\u0105 zalewa\u0107 prawie wrz\u0105c\u0105 wod\u0105 (95st.C) i zaparza\u0107 od 3 do 5 minut.<\/p>\n<p>\u00a0<\/p>\n<p>\u00a0<\/p>\n<p>Sk\u0142adniki: Czarna Cejlo\u0144ska Herbata FBOP 93%, suszone owoce r\u00f3\u017cy 2%, zapach owoc\u00f3w le\u015bnych 2%, kawa\u0142ki suszonych poziomek 1,5%, p\u0142atki r\u00f3\u017cy 1%, li\u015bcie poziomek 1%<\/p>\n","protected":false},"featured_media":19156,"comment_status":"open","ping_status":"closed","template":"","meta":[],"product_cat":[15,282,285],"product_tag":[],"class_list":{"0":"post-19669","1":"product","2":"type-product","3":"status-publish","4":"has-post-thumbnail","6":"product_cat-inne","7":"product_cat-delikatesy","8":"product_cat-herbata","10":"first","11":"instock","12":"sale","13":"shipping-taxable","14":"purchasable","15":"product-type-simple"},"_links":{"self":[{"href":"https:\/\/hurt.wineport.pl\/index.php?rest_route=\/wp\/v2\/product\/19669","targetHints":{"allow":["GET"]}}],"collection":[{"href":"https:\/\/hurt.wineport.pl\/index.php?rest_route=\/wp\/v2\/product"}],"about":[{"href":"https:\/\/hurt.wineport.pl\/index.php?rest_route=\/wp\/v2\/types\/product"}],"replies":[{"embeddable":true,"href":"https:\/\/hurt.wineport.pl\/index.php?rest_route=%2Fwp%2Fv2%2Fcomments&post=19669"}],"wp:featuredmedia":[{"embeddable":true,"href":"https:\/\/hurt.wineport.pl\/index.php?rest_route=\/wp\/v2\/media\/19156"}],"wp:attachment":[{"href":"https:\/\/hurt.wineport.pl\/index.php?rest_route=%2Fwp%2Fv2%2Fmedia&parent=19669"}],"wp:term":[{"taxonomy":"product_cat","embeddable":true,"href":"https:\/\/hurt.wineport.pl\/index.php?rest_route=%2Fwp%2Fv2%2Fproduct_cat&post=19669"},{"taxonomy":"product_tag","embeddable":true,"href":"https:\/\/hurt.wineport.pl\/index.php?rest_route=%2Fwp%2Fv2%2Fproduct_tag&post=19669"}],"curies":[{"name":"wp","href":"https:\/\/api.w.org\/{rel}","templated":true}]}}