{"id":19672,"date":"2024-05-25T04:11:27","date_gmt":"2024-05-25T02:11:27","guid":{"rendered":"https:\/\/hurt.wineport.pl\/?product=herbata-teaport-herbata-earl-grey-50g-2"},"modified":"2024-06-07T13:26:36","modified_gmt":"2024-06-07T11:26:36","slug":"herbata-teaport-herbata-earl-grey-50g-2","status":"publish","type":"product","link":"https:\/\/hurt.wineport.pl\/?product=herbata-teaport-herbata-earl-grey-50g-2","title":{"rendered":"Herbata TEAPORT Herbata Earl Grey 50G"},"content":{"rendered":"<p>Earl Gray Teaport to bardzo wyj\u0105tkowa herbata. Napar z suszu czarnej herbaty FBOP Flowery Broken Orange Pekoe nabywa specyficznego aromatu dzi\u0119ki gorzkiemu olejkowi ze sk\u00f3rki bergamotowej pomara\u0144czy oraz suszonym sk\u00f3rkom pomara\u0144czy. Opr\u00f3cz wspania\u0142ego smaku Earl Grey pobudza prac\u0119 m\u00f3zgu i polepsza nasze samopoczucie. . Herbata ta zawiera du\u017ce ilo\u015bci kofeiny o silnym stymuluj\u0105cym dzia\u0142aniu, minera\u0142y i przeciwutleniacze chroni\u0105ce przed chorobami serca, mia\u017cd\u017cyc\u0105 i nowotworami, flawonoidy przeciwdzia\u0142aj\u0105ce zakrzepom krwi i du\u017c\u0105 dawk\u0119 fluoru, chroni\u0105c\u0105 z\u0119by przed pr\u00f3chnic\u0105. Herbata ta ma r\u00f3wnie\u017c dzia\u0142anie uspokajaj\u0105ce i relaksuj\u0105ce.<\/p>\n<p>\u00a0<\/p>\n<p>Powinno si\u0119 j\u0105 zalewa\u0107 prawie wrz\u0105c\u0105 wod\u0105 (95st.C) i zaparza\u0107 od 3 do 5 minut.<\/p>\n<p>Sk\u0142adniki: Czarna Cejlo\u0144ska Herbata FBOP 97.2% suszone sk\u00f3rki pomara\u0144czy &#8211; 2% aromat bergamoty\u00a0 &#8211; 0.8%<\/p>\n","protected":false},"excerpt":{"rendered":"<p>Earl Gray Teaport to bardzo wyj\u0105tkowa herbata. Napar z suszu czarnej herbaty FBOP Flowery Broken Orange Pekoe nabywa specyficznego aromatu dzi\u0119ki gorzkiemu olejkowi ze sk\u00f3rki bergamotowej pomara\u0144czy oraz suszonym sk\u00f3rkom pomara\u0144czy. Opr\u00f3cz wspania\u0142ego smaku Earl Grey pobudza prac\u0119 m\u00f3zgu i polepsza nasze samopoczucie. . Herbata ta zawiera du\u017ce ilo\u015bci kofeiny o silnym stymuluj\u0105cym dzia\u0142aniu, minera\u0142y i przeciwutleniacze chroni\u0105ce przed chorobami serca, mia\u017cd\u017cyc\u0105 i nowotworami, flawonoidy przeciwdzia\u0142aj\u0105ce zakrzepom krwi i du\u017c\u0105 dawk\u0119 fluoru, chroni\u0105c\u0105 z\u0119by przed pr\u00f3chnic\u0105. Herbata ta ma r\u00f3wnie\u017c dzia\u0142anie uspokajaj\u0105ce i relaksuj\u0105ce.<\/p>\n<p>\u00a0<\/p>\n<p>Powinno si\u0119 j\u0105 zalewa\u0107 prawie wrz\u0105c\u0105 wod\u0105 (95st.C) i zaparza\u0107 od 3 do 5 minut.<\/p>\n<p>Sk\u0142adniki: Czarna Cejlo\u0144ska Herbata FBOP 97.2% suszone sk\u00f3rki pomara\u0144czy &#8211; 2% aromat bergamoty\u00a0 &#8211; 0.8%<\/p>\n","protected":false},"featured_media":19165,"comment_status":"open","ping_status":"closed","template":"","meta":[],"product_cat":[15,282,285],"product_tag":[],"class_list":{"0":"post-19672","1":"product","2":"type-product","3":"status-publish","4":"has-post-thumbnail","6":"product_cat-inne","7":"product_cat-delikatesy","8":"product_cat-herbata","10":"first","11":"instock","12":"sale","13":"shipping-taxable","14":"purchasable","15":"product-type-simple"},"_links":{"self":[{"href":"https:\/\/hurt.wineport.pl\/index.php?rest_route=\/wp\/v2\/product\/19672","targetHints":{"allow":["GET"]}}],"collection":[{"href":"https:\/\/hurt.wineport.pl\/index.php?rest_route=\/wp\/v2\/product"}],"about":[{"href":"https:\/\/hurt.wineport.pl\/index.php?rest_route=\/wp\/v2\/types\/product"}],"replies":[{"embeddable":true,"href":"https:\/\/hurt.wineport.pl\/index.php?rest_route=%2Fwp%2Fv2%2Fcomments&post=19672"}],"wp:featuredmedia":[{"embeddable":true,"href":"https:\/\/hurt.wineport.pl\/index.php?rest_route=\/wp\/v2\/media\/19165"}],"wp:attachment":[{"href":"https:\/\/hurt.wineport.pl\/index.php?rest_route=%2Fwp%2Fv2%2Fmedia&parent=19672"}],"wp:term":[{"taxonomy":"product_cat","embeddable":true,"href":"https:\/\/hurt.wineport.pl\/index.php?rest_route=%2Fwp%2Fv2%2Fproduct_cat&post=19672"},{"taxonomy":"product_tag","embeddable":true,"href":"https:\/\/hurt.wineport.pl\/index.php?rest_route=%2Fwp%2Fv2%2Fproduct_tag&post=19672"}],"curies":[{"name":"wp","href":"https:\/\/api.w.org\/{rel}","templated":true}]}}