{"id":19688,"date":"2024-05-25T04:11:29","date_gmt":"2024-05-25T02:11:29","guid":{"rendered":"https:\/\/hurt.wineport.pl\/?product=elizondo-luxury-zestaw-oliw-smakowych-3x200-ml-2"},"modified":"2024-06-07T13:58:41","modified_gmt":"2024-06-07T11:58:41","slug":"elizondo-luxury-zestaw-oliw-smakowych-3x200-ml-2","status":"publish","type":"product","link":"https:\/\/hurt.wineport.pl\/?product=elizondo-luxury-zestaw-oliw-smakowych-3x200-ml-2","title":{"rendered":"Elizondo Luxury zestaw oliw smakowych 3&#215;200 ml"},"content":{"rendered":"<p>Seria Elizondo Luxury to mieszanka oliw przenikni\u0119ta aromatami naturalnych dodatk\u00f3w. Przy ich u\u017cyciu w \u0142atwy spos\u00f3b mo\u017cna nada\u0107 potrawom wyszukane\u00a0akcenty.<\/p>\n<p>Zestaw 3 butelek oliw z oliwek z naturalnymi dodatkami: czarnym czosnkiem, czarn\u0105 trufl\u0105 oraz ziarnem kakaowca.<\/p>\n<p>Oliwa z oliwek z czarnym czosnkiem, kt\u00f3ry\u00a0otrzymuje si\u0119\u00a0dzi\u0119ki japo\u0144skiej metodzie d\u0142ugotrwa\u0142ej fermentacji, jest uniwersalnym dodatkiem do potraw. Idealnie nada si\u0119 do sa\u0142atek, mi\u0119s, ryb czy makaron\u00f3w. Nadaje potrawom niespodziewanej g\u0142\u0119bi.\u00a0<\/p>\n<p>Oliwa z oliwek z czarn\u0105 trufl\u0105. To sk\u0142adnik, kt\u00f3ry podkre\u015bla i podnosi walory r\u00f3\u017cnych potraw, szczeg\u00f3lnie mi\u0119s, ser\u00f3w i da\u0144 z makaronu czy ry\u017cu. Z racji wyj\u0105tkowo\u015bci czarnej trufli, polecamy \u0142\u0105czy\u0107 t\u0119 oliw\u0119 z innymi produktami wysokiej jako\u015bci, aby\u00a0uzyska\u0107 jeszcze bardziej spektakularne wra\u017cenia smakowe.\u00a0<\/p>\n<p>Oliwa z oliwek z\u00a0ziarnem kakaowca. Ju\u017c staro\u017cytni Majowie doceniali ten pyszny dar natury, \u017ar\u00f3d\u0142o antyoksydant\u00f3w i antydepresant\u00f3w. Do dzi\u015b jest po\u017c\u0105danym sk\u0142adnikiem, a wytwarzan\u0105 z niego czekolad\u0119 uwa\u017ca si\u0119 za jedn\u0105 z najwi\u0119kszych gastronomicznych przyjemno\u015bci w historii ludzko\u015bci. Oliw\u0119 t\u0119 polecamy \u0142\u0105czy\u0107 z mi\u0119sami oraz deserami.<\/p>\n<p>Ca\u0142o\u015b\u0107 zapakowana w ozdobny kartonik.<\/p>\n","protected":false},"excerpt":{"rendered":"<p>Seria Elizondo Luxury to mieszanka oliw przenikni\u0119ta aromatami naturalnych dodatk\u00f3w. Przy ich u\u017cyciu w \u0142atwy spos\u00f3b mo\u017cna nada\u0107 potrawom wyszukane\u00a0akcenty.<\/p>\n<p>Zestaw 3 butelek oliw z oliwek z naturalnymi dodatkami: czarnym czosnkiem, czarn\u0105 trufl\u0105 oraz ziarnem kakaowca.<\/p>\n<p>Oliwa z oliwek z czarnym czosnkiem, kt\u00f3ry\u00a0otrzymuje si\u0119\u00a0dzi\u0119ki japo\u0144skiej metodzie d\u0142ugotrwa\u0142ej fermentacji, jest uniwersalnym dodatkiem do potraw. Idealnie nada si\u0119 do sa\u0142atek, mi\u0119s, ryb czy makaron\u00f3w. Nadaje potrawom niespodziewanej g\u0142\u0119bi.\u00a0<\/p>\n<p>Oliwa z oliwek z czarn\u0105 trufl\u0105. To sk\u0142adnik, kt\u00f3ry podkre\u015bla i podnosi walory r\u00f3\u017cnych potraw, szczeg\u00f3lnie mi\u0119s, ser\u00f3w i da\u0144 z makaronu czy ry\u017cu. Z racji wyj\u0105tkowo\u015bci czarnej trufli, polecamy \u0142\u0105czy\u0107 t\u0119 oliw\u0119 z innymi produktami wysokiej jako\u015bci, aby\u00a0uzyska\u0107 jeszcze bardziej spektakularne wra\u017cenia smakowe.\u00a0<\/p>\n<p>Oliwa z oliwek z\u00a0ziarnem kakaowca. Ju\u017c staro\u017cytni Majowie doceniali ten pyszny dar natury, \u017ar\u00f3d\u0142o antyoksydant\u00f3w i antydepresant\u00f3w. Do dzi\u015b jest po\u017c\u0105danym sk\u0142adnikiem, a wytwarzan\u0105 z niego czekolad\u0119 uwa\u017ca si\u0119 za jedn\u0105 z najwi\u0119kszych gastronomicznych przyjemno\u015bci w historii ludzko\u015bci. Oliw\u0119 t\u0119 polecamy \u0142\u0105czy\u0107 z mi\u0119sami oraz deserami.<\/p>\n<p>Ca\u0142o\u015b\u0107 zapakowana w ozdobny kartonik.<\/p>\n","protected":false},"featured_media":19213,"comment_status":"open","ping_status":"closed","template":"","meta":[],"product_cat":[15,282,286],"product_tag":[],"class_list":{"0":"post-19688","1":"product","2":"type-product","3":"status-publish","4":"has-post-thumbnail","6":"product_cat-inne","7":"product_cat-delikatesy","8":"product_cat-oliwa-z-oliwek","10":"first","11":"instock","12":"sale","13":"shipping-taxable","14":"purchasable","15":"product-type-simple"},"_links":{"self":[{"href":"https:\/\/hurt.wineport.pl\/index.php?rest_route=\/wp\/v2\/product\/19688","targetHints":{"allow":["GET"]}}],"collection":[{"href":"https:\/\/hurt.wineport.pl\/index.php?rest_route=\/wp\/v2\/product"}],"about":[{"href":"https:\/\/hurt.wineport.pl\/index.php?rest_route=\/wp\/v2\/types\/product"}],"replies":[{"embeddable":true,"href":"https:\/\/hurt.wineport.pl\/index.php?rest_route=%2Fwp%2Fv2%2Fcomments&post=19688"}],"wp:featuredmedia":[{"embeddable":true,"href":"https:\/\/hurt.wineport.pl\/index.php?rest_route=\/wp\/v2\/media\/19213"}],"wp:attachment":[{"href":"https:\/\/hurt.wineport.pl\/index.php?rest_route=%2Fwp%2Fv2%2Fmedia&parent=19688"}],"wp:term":[{"taxonomy":"product_cat","embeddable":true,"href":"https:\/\/hurt.wineport.pl\/index.php?rest_route=%2Fwp%2Fv2%2Fproduct_cat&post=19688"},{"taxonomy":"product_tag","embeddable":true,"href":"https:\/\/hurt.wineport.pl\/index.php?rest_route=%2Fwp%2Fv2%2Fproduct_tag&post=19688"}],"curies":[{"name":"wp","href":"https:\/\/api.w.org\/{rel}","templated":true}]}}