{"id":19711,"date":"2024-05-25T04:28:21","date_gmt":"2024-05-25T02:28:21","guid":{"rendered":"https:\/\/hurt.wineport.pl\/?product=la-vigilia-corvina-veronese-igt-075l-2"},"modified":"2025-05-14T09:34:45","modified_gmt":"2025-05-14T07:34:45","slug":"la-vigilia-corvina-veronese-igt-075l-2","status":"publish","type":"product","link":"https:\/\/hurt.wineport.pl\/?product=la-vigilia-corvina-veronese-igt-075l-2","title":{"rendered":"LA VIGILIA Corvina Veronese IGT 0,75l"},"content":{"rendered":"<p><strong>Nagrody:<\/strong>\u00a094 pkt od Luca Maroni!<br \/><strong>Terroir:<\/strong>\u00a0Pag\u00f3rkowata winnica na obszarze Valpolicella, w pobli\u017cu Werony, w regionie Veneto.<br \/><strong>Winogrona:<\/strong>\u00a0100% Corvina.<br \/><strong>Zawarto\u015b\u0107 alkoholu:<\/strong>\u00a013,5%<br \/><strong>Kolor:<\/strong>\u00a0G\u0142\u0119boka rubinowa czerwie\u0144.<br \/><strong>Smak:<\/strong>\u00a0Aksamitnie g\u0142adki, ciep\u0142y, ze zbalansowan\u0105 kwasowo\u015bci\u0105 posmaku.<br \/><strong>Bukiet:<\/strong>\u00a0Wi\u015bniowy, z nutami ostrego kadzid\u0142a i pieprzu, typowy dla winogron Corvina.<br \/><strong>Sugestie kulinarne:<\/strong>\u00a0Wyraziste dania takie jak g\u0119ste zupy, pieczona lub grillowana wo\u0142owina.<br \/><strong>Temperatura podania:<\/strong>\u00a018-19<span style=\"font-size: 11.9px; font-family: sans-serif; background-color: #f8f8f8;\">\u00b0C<\/span><\/p>\n","protected":false},"excerpt":{"rendered":"<p><strong>Nagrody:<\/strong>\u00a094 pkt od Luca Maroni!<br \/><strong>Terroir:<\/strong>\u00a0Pag\u00f3rkowata winnica na obszarze Valpolicella, w pobli\u017cu Werony, w regionie Veneto.<br \/><strong>Winogrona:<\/strong>\u00a0100% Corvina.<br \/><strong>Zawarto\u015b\u0107 alkoholu:<\/strong>\u00a013,5%<br \/><strong>Kolor:<\/strong>\u00a0G\u0142\u0119boka rubinowa czerwie\u0144.<br \/><strong>Smak:<\/strong>\u00a0Aksamitnie g\u0142adki, ciep\u0142y, ze zbalansowan\u0105 kwasowo\u015bci\u0105 posmaku.<br \/><strong>Bukiet:<\/strong>\u00a0Wi\u015bniowy, z nutami ostrego kadzid\u0142a i pieprzu, typowy dla winogron Corvina.<br \/><strong>Sugestie kulinarne:<\/strong>\u00a0Wyraziste dania takie jak g\u0119ste zupy, pieczona lub grillowana wo\u0142owina.<br \/><strong>Temperatura podania:<\/strong>\u00a018-19<span style=\"font-size: 11.9px; font-family: sans-serif; background-color: #f8f8f8;\">\u00b0C<\/span><\/p>\n","protected":false},"featured_media":19282,"comment_status":"open","ping_status":"closed","template":"","meta":[],"product_cat":[314,15,274],"product_tag":[],"class_list":{"0":"post-19711","1":"product","2":"type-product","3":"status-publish","4":"has-post-thumbnail","6":"product_cat-veneto","7":"product_cat-inne","8":"product_cat-wlochy","10":"first","11":"instock","12":"sale","13":"shipping-taxable","14":"purchasable","15":"product-type-simple"},"_links":{"self":[{"href":"https:\/\/hurt.wineport.pl\/index.php?rest_route=\/wp\/v2\/product\/19711","targetHints":{"allow":["GET"]}}],"collection":[{"href":"https:\/\/hurt.wineport.pl\/index.php?rest_route=\/wp\/v2\/product"}],"about":[{"href":"https:\/\/hurt.wineport.pl\/index.php?rest_route=\/wp\/v2\/types\/product"}],"replies":[{"embeddable":true,"href":"https:\/\/hurt.wineport.pl\/index.php?rest_route=%2Fwp%2Fv2%2Fcomments&post=19711"}],"wp:featuredmedia":[{"embeddable":true,"href":"https:\/\/hurt.wineport.pl\/index.php?rest_route=\/wp\/v2\/media\/19282"}],"wp:attachment":[{"href":"https:\/\/hurt.wineport.pl\/index.php?rest_route=%2Fwp%2Fv2%2Fmedia&parent=19711"}],"wp:term":[{"taxonomy":"product_cat","embeddable":true,"href":"https:\/\/hurt.wineport.pl\/index.php?rest_route=%2Fwp%2Fv2%2Fproduct_cat&post=19711"},{"taxonomy":"product_tag","embeddable":true,"href":"https:\/\/hurt.wineport.pl\/index.php?rest_route=%2Fwp%2Fv2%2Fproduct_tag&post=19711"}],"curies":[{"name":"wp","href":"https:\/\/api.w.org\/{rel}","templated":true}]}}