{"id":19770,"date":"2024-06-01T05:37:21","date_gmt":"2024-06-01T03:37:21","guid":{"rendered":"https:\/\/hurt.wineport.pl\/?product=kawa-coffeeport-brazylia-santos-250g-mielona"},"modified":"2024-06-07T13:45:38","modified_gmt":"2024-06-07T11:45:38","slug":"kawa-coffeeport-brazylia-santos-250g-mielona","status":"publish","type":"product","link":"https:\/\/hurt.wineport.pl\/?product=kawa-coffeeport-brazylia-santos-250g-mielona","title":{"rendered":"KAWA COFFEEPORT Brazylia Santos- 250g MIELONA"},"content":{"rendered":"<p>Kawy COFFEEPORT to najwy\u017cszej jako\u015bci gatunki kaw \u015bwie\u017co palonych z ca\u0142ego \u015bwiata. Selekcja kaw i dob\u00f3r mieszanek odbywa si\u0119 pod okiem grupy utytu\u0142owanych specjalist\u00f3w. Kawy s\u0105 wypalane w naszej manufakturze przez wybitnego specjalist\u0119 w ma\u0142ych piecach kultowej firmy Probat, kt\u00f3r\u0105 mo\u017cna przyr\u00f3wna\u0107 do Rolls Royce\u2019a w \u015bwiecie manufakturowych piec\u00f3w do kawy. Za jednym razem mo\u017cna w nim wypali\u0107 jedynie 100 kg ziaren. Po wypaleniu kawa ch\u0142odzona jest powietrzem, a nie wod\u0105, jak w przypadku procesu przemys\u0142owego. Pozwala to zachowa\u0107 pe\u0142ni\u0119 walor\u00f3w produktu. Ca\u0142a procedura ma miejsce tu\u017c przed wysy\u0142k\u0105- kawa zawsze dotrze do Pa\u0144stwa \u015bwie\u017ca. Nasze kawy s\u0105 pakowane w opakowania ze specjalnym wentylem umo\u017cliwiaj\u0105cym pozbycie si\u0119 nadmiaru gaz\u00f3w a zarazem zapobiegaj\u0105cym dostaniu si\u0119 tlenu do opakowania, co zapobiega zakwaszaniu si\u0119 kawy.<\/p>\n<p>\u00a0\u00a0<strong>Brazylia Santos- (Jednorodna) 250G<\/strong><\/p>\n<p>Jej nazwa pochodzi od brazylijskiego portu. Jest to najbardziej znana marka brazylijskiej kawy, uprawianej w rejonie Sao Paulo. Smak tej Arabiki jest s\u0142odkawy, \u0142agodny, delikatny oraz lekko kwaskowaty zbli\u017cony nieco do smaku czekolady. Kawa Brazylia Santos to prawdziwa uczta dla naszych zmys\u0142\u00f3w. 35 % ziaren na \u015bwiecie pochodzi z Brazylii co sprawia, \u017ce ten kraj jest najwi\u0119kszym producentem kawy na \u015bwiecie. Gatunek Santos pochodzi ze stanu Sao Paulo i reprezentuje najwy\u017csz\u0105 jako\u015b\u0107.\u00a0<\/p>\n","protected":false},"excerpt":{"rendered":"<p>Kawy COFFEEPORT to najwy\u017cszej jako\u015bci gatunki kaw \u015bwie\u017co palonych z ca\u0142ego \u015bwiata. Selekcja kaw i dob\u00f3r mieszanek odbywa si\u0119 pod okiem grupy utytu\u0142owanych specjalist\u00f3w. Kawy s\u0105 wypalane w naszej manufakturze przez wybitnego specjalist\u0119 w ma\u0142ych piecach kultowej firmy Probat, kt\u00f3r\u0105 mo\u017cna przyr\u00f3wna\u0107 do Rolls Royce\u2019a w \u015bwiecie manufakturowych piec\u00f3w do kawy. Za jednym razem mo\u017cna w nim wypali\u0107 jedynie 100 kg ziaren. Po wypaleniu kawa ch\u0142odzona jest powietrzem, a nie wod\u0105, jak w przypadku procesu przemys\u0142owego. Pozwala to zachowa\u0107 pe\u0142ni\u0119 walor\u00f3w produktu. Ca\u0142a procedura ma miejsce tu\u017c przed wysy\u0142k\u0105- kawa zawsze dotrze do Pa\u0144stwa \u015bwie\u017ca. Nasze kawy s\u0105 pakowane w opakowania ze specjalnym wentylem umo\u017cliwiaj\u0105cym pozbycie si\u0119 nadmiaru gaz\u00f3w a zarazem zapobiegaj\u0105cym dostaniu si\u0119 tlenu do opakowania, co zapobiega zakwaszaniu si\u0119 kawy.<\/p>\n<p>\u00a0\u00a0<strong>Brazylia Santos- (Jednorodna)\u00a0250G<\/strong><\/p>\n<p>Jej nazwa pochodzi od brazylijskiego portu. Jest to najbardziej znana marka brazylijskiej kawy, uprawianej w rejonie Sao Paulo. Smak tej Arabiki jest s\u0142odkawy, \u0142agodny, delikatny oraz lekko kwaskowaty zbli\u017cony nieco do smaku czekolady. Kawa Brazylia Santos to prawdziwa uczta dla naszych zmys\u0142\u00f3w. 35 % ziaren na \u015bwiecie pochodzi z Brazylii co sprawia, \u017ce ten kraj jest najwi\u0119kszym producentem kawy na \u015bwiecie. Gatunek Santos pochodzi ze stanu Sao Paulo i reprezentuje najwy\u017csz\u0105 jako\u015b\u0107.\u00a0<\/p>\n","protected":false},"featured_media":18354,"comment_status":"open","ping_status":"closed","template":"","meta":[],"product_cat":[15,282,284],"product_tag":[],"class_list":{"0":"post-19770","1":"product","2":"type-product","3":"status-publish","4":"has-post-thumbnail","6":"product_cat-inne","7":"product_cat-delikatesy","8":"product_cat-kawa","10":"first","11":"instock","12":"sale","13":"shipping-taxable","14":"purchasable","15":"product-type-simple"},"_links":{"self":[{"href":"https:\/\/hurt.wineport.pl\/index.php?rest_route=\/wp\/v2\/product\/19770","targetHints":{"allow":["GET"]}}],"collection":[{"href":"https:\/\/hurt.wineport.pl\/index.php?rest_route=\/wp\/v2\/product"}],"about":[{"href":"https:\/\/hurt.wineport.pl\/index.php?rest_route=\/wp\/v2\/types\/product"}],"replies":[{"embeddable":true,"href":"https:\/\/hurt.wineport.pl\/index.php?rest_route=%2Fwp%2Fv2%2Fcomments&post=19770"}],"wp:featuredmedia":[{"embeddable":true,"href":"https:\/\/hurt.wineport.pl\/index.php?rest_route=\/wp\/v2\/media\/18354"}],"wp:attachment":[{"href":"https:\/\/hurt.wineport.pl\/index.php?rest_route=%2Fwp%2Fv2%2Fmedia&parent=19770"}],"wp:term":[{"taxonomy":"product_cat","embeddable":true,"href":"https:\/\/hurt.wineport.pl\/index.php?rest_route=%2Fwp%2Fv2%2Fproduct_cat&post=19770"},{"taxonomy":"product_tag","embeddable":true,"href":"https:\/\/hurt.wineport.pl\/index.php?rest_route=%2Fwp%2Fv2%2Fproduct_tag&post=19770"}],"curies":[{"name":"wp","href":"https:\/\/api.w.org\/{rel}","templated":true}]}}