{"id":19866,"date":"2024-06-01T06:19:55","date_gmt":"2024-06-01T04:19:55","guid":{"rendered":"https:\/\/hurt.wineport.pl\/?product=conte-giangirolamo-rosso-i-g-t-puglia-075l"},"modified":"2024-06-07T14:59:43","modified_gmt":"2024-06-07T12:59:43","slug":"conte-giangirolamo-rosso-i-g-t-puglia-075l","status":"publish","type":"product","link":"https:\/\/hurt.wineport.pl\/?product=conte-giangirolamo-rosso-i-g-t-puglia-075l","title":{"rendered":"CONTE GIANGIROLAMO Rosso I.G.T. Puglia 0,75L"},"content":{"rendered":"<p><span style=\"color: #000000;\"><span style=\"font-family: 'Times New Roman', serif;\"><span style=\"font-size: small;\">Tenuta Girolomo to ma\u0142y rodzinny producent win w Pugli posiadaj\u0105cy 50 hektar\u00f3w winoro\u015bli i produkuj\u0105cy ok 300000 butelek rocznie. Flagowe wino Conte Giangiralomo powstaje w 50% z primitivo i 50% z negroamaro zbieranego z doliny\u00a0Itria ok 450m nad poziomem morza. Wino to \u00a0doj\u017cewa prze ok 24 miesi\u0105ce w beczkach z d\u0119bu francuskiego nast\u0119pnie przez minimum 6 miesi\u0119cy w butelkach. Wyczuwalne nuty wi\u015bni je\u017cyny i czarnej porzeczki po\u0142\u0105czone z eleganckimi nutami wanilii i gorzkiej czekolady. Wino na podniebieniu jest aksamitne i harmonijne i bardzo d\u0142ugie, to produkt absolutnie dla najbardziej wymagaj\u0105cych. Wino idealnie komponuje si\u0119 z pol\u0119dwic\u0105 wo\u0142ow\u0105. Serwowa\u0107 w temperaturze od 16C do 18C. Zawarto\u015b\u0107 alkoholu \u00a014,5%.\u00a0Wino otrzyma\u0142o 98pkt! w skali parkera od Luca Marconiego wybitnego someliera oraz tw\u00f3rc\u0119 przewodnika po winach w\u0142oskich!<\/span><\/span><\/span><\/p>\n<p>\u00a0<\/p>\n","protected":false},"excerpt":{"rendered":"<p>Tenuta Girolomo to ma\u0142y rodzinny producent win w Pugli posiadaj\u0105cy 50 hektar\u00f3w winoro\u015bli i produkuj\u0105cy ok 300000 butelek rocznie. Flagowe wino Conte Giangiralomo powstaje w 50% z primitivo i 50% z negroamaro zbieranego z doliny\u00a0Itria ok 450m nad poziomem morza. Wino to \u00a0doj\u017cewa prze ok 24 miesi\u0105ce w beczkach z d\u0119bu francuskiego nast\u0119pnie przez minimum 6 miesi\u0119cy w butelkach. Wyczuwalne nuty wi\u015bni je\u017cyny i czarnej porzeczki po\u0142\u0105czone z eleganckimi nutami wanilii i gorzkiej czekolady. Wino na podniebieniu jest aksamitne i harmonijne i bardzo d\u0142ugie, to produkt absolutnie dla najbardziej wymagaj\u0105cych. Wino idealnie komponuje si\u0119 z pol\u0119dwic\u0105 wo\u0142ow\u0105. Serwowa\u0107 w temperaturze od 16C do 18C. Zawarto\u015b\u0107 alkoholu \u00a014,5%.\u00a0Wino otrzyma\u0142o 98pkt! w skali parkera od Luca Marconiego wybitnego someliera oraz tw\u00f3rc\u0119 przewodnika po winach w\u0142oskich!<\/p>\n","protected":false},"featured_media":18640,"comment_status":"open","ping_status":"closed","template":"","meta":[],"product_cat":[15,280],"product_tag":[],"class_list":{"0":"post-19866","1":"product","2":"type-product","3":"status-publish","4":"has-post-thumbnail","6":"product_cat-inne","7":"product_cat-puglia","9":"first","10":"instock","11":"sale","12":"shipping-taxable","13":"purchasable","14":"product-type-simple"},"_links":{"self":[{"href":"https:\/\/hurt.wineport.pl\/index.php?rest_route=\/wp\/v2\/product\/19866","targetHints":{"allow":["GET"]}}],"collection":[{"href":"https:\/\/hurt.wineport.pl\/index.php?rest_route=\/wp\/v2\/product"}],"about":[{"href":"https:\/\/hurt.wineport.pl\/index.php?rest_route=\/wp\/v2\/types\/product"}],"replies":[{"embeddable":true,"href":"https:\/\/hurt.wineport.pl\/index.php?rest_route=%2Fwp%2Fv2%2Fcomments&post=19866"}],"wp:featuredmedia":[{"embeddable":true,"href":"https:\/\/hurt.wineport.pl\/index.php?rest_route=\/wp\/v2\/media\/18640"}],"wp:attachment":[{"href":"https:\/\/hurt.wineport.pl\/index.php?rest_route=%2Fwp%2Fv2%2Fmedia&parent=19866"}],"wp:term":[{"taxonomy":"product_cat","embeddable":true,"href":"https:\/\/hurt.wineport.pl\/index.php?rest_route=%2Fwp%2Fv2%2Fproduct_cat&post=19866"},{"taxonomy":"product_tag","embeddable":true,"href":"https:\/\/hurt.wineport.pl\/index.php?rest_route=%2Fwp%2Fv2%2Fproduct_tag&post=19866"}],"curies":[{"name":"wp","href":"https:\/\/api.w.org\/{rel}","templated":true}]}}