{"id":19899,"date":"2024-06-01T06:27:46","date_gmt":"2024-06-01T04:27:46","guid":{"rendered":"https:\/\/hurt.wineport.pl\/?product=herbata-teaport-z-graviola"},"modified":"2024-06-07T13:45:37","modified_gmt":"2024-06-07T11:45:37","slug":"herbata-teaport-z-graviola","status":"publish","type":"product","link":"https:\/\/hurt.wineport.pl\/?product=herbata-teaport-z-graviola","title":{"rendered":"Herbata TEAPORT Z GRAVIOL\u0104"},"content":{"rendered":"<p><font color=\"#000000\"><font face=\"Times New Roman, serif\"><font size=\"2\">Herbata z Graviol\u0105 to bardzo wyj\u0105tkowa herbata. Napar z suszu czarnej herbaty nabywa specyficznego aromatu dzi\u0119ki kawa\u0142om owoc\u00f3w Gravioli Opr\u00f3cz wspania\u0142ego smaku Herbata z Graviol\u0105 pobudza nasze zmys\u0142y i polepsza samopoczucie Owoce Gravioli uodporniaj\u0105 organizm, oraz wykazuj\u0105 dzia\u0142anie antybakteryjne. Herbata ta ma r\u00f3wnie\u017c dzia\u0142anie uspokajaj\u0105ce i relaksuj\u0105ce. Powinno si\u0119 j\u0105 zalewa\u0107 prawie wrz\u0105c\u0105 wod\u0105 (95st.C) i zaparza\u0107 od 3 do 5 minut\u00a0 <\/font><\/font><\/font><\/p>\n","protected":false},"excerpt":{"rendered":"<p><font color=\"#000000\"><font face=\"Times New Roman, serif\"><font size=\"2\">Herbata z Graviol\u0105 to bardzo wyj\u0105tkowa herbata. Napar z suszu czarnej herbaty nabywa specyficznego aromatu dzi\u0119ki kawa\u0142om owoc\u00f3w Gravioli Opr\u00f3cz wspania\u0142ego smaku Herbata z Graviol\u0105 pobudza nasze zmys\u0142y i polepsza samopoczucie Owoce Gravioli uodporniaj\u0105 organizm, oraz wykazuj\u0105 dzia\u0142anie antybakteryjne. Herbata ta ma r\u00f3wnie\u017c dzia\u0142anie uspokajaj\u0105ce i relaksuj\u0105ce. Powinno si\u0119 j\u0105 zalewa\u0107 prawie wrz\u0105c\u0105 wod\u0105 (95st.C) i zaparza\u0107 od 3 do 5 minut\u00a0 <\/font><\/font><\/font><\/p>\n","protected":false},"featured_media":18739,"comment_status":"open","ping_status":"closed","template":"","meta":[],"product_cat":[15,282,285,284],"product_tag":[],"class_list":{"0":"post-19899","1":"product","2":"type-product","3":"status-publish","4":"has-post-thumbnail","6":"product_cat-inne","7":"product_cat-delikatesy","8":"product_cat-herbata","9":"product_cat-kawa","11":"first","12":"instock","13":"sale","14":"shipping-taxable","15":"purchasable","16":"product-type-simple"},"_links":{"self":[{"href":"https:\/\/hurt.wineport.pl\/index.php?rest_route=\/wp\/v2\/product\/19899","targetHints":{"allow":["GET"]}}],"collection":[{"href":"https:\/\/hurt.wineport.pl\/index.php?rest_route=\/wp\/v2\/product"}],"about":[{"href":"https:\/\/hurt.wineport.pl\/index.php?rest_route=\/wp\/v2\/types\/product"}],"replies":[{"embeddable":true,"href":"https:\/\/hurt.wineport.pl\/index.php?rest_route=%2Fwp%2Fv2%2Fcomments&post=19899"}],"wp:featuredmedia":[{"embeddable":true,"href":"https:\/\/hurt.wineport.pl\/index.php?rest_route=\/wp\/v2\/media\/18739"}],"wp:attachment":[{"href":"https:\/\/hurt.wineport.pl\/index.php?rest_route=%2Fwp%2Fv2%2Fmedia&parent=19899"}],"wp:term":[{"taxonomy":"product_cat","embeddable":true,"href":"https:\/\/hurt.wineport.pl\/index.php?rest_route=%2Fwp%2Fv2%2Fproduct_cat&post=19899"},{"taxonomy":"product_tag","embeddable":true,"href":"https:\/\/hurt.wineport.pl\/index.php?rest_route=%2Fwp%2Fv2%2Fproduct_tag&post=19899"}],"curies":[{"name":"wp","href":"https:\/\/api.w.org\/{rel}","templated":true}]}}