{"id":19914,"date":"2024-06-01T06:27:48","date_gmt":"2024-06-01T04:27:48","guid":{"rendered":"https:\/\/hurt.wineport.pl\/?product=wino-gato-negro-chardonnay-biale-wytrawne-chile-075l-2"},"modified":"2024-06-07T13:42:05","modified_gmt":"2024-06-07T11:42:05","slug":"wino-gato-negro-chardonnay-biale-wytrawne-chile-075l-2","status":"publish","type":"product","link":"https:\/\/hurt.wineport.pl\/?product=wino-gato-negro-chardonnay-biale-wytrawne-chile-075l-2","title":{"rendered":"Wino Gato Negro Chardonnay &#8211; Bia\u0142e wytrawne Chile 0,75L"},"content":{"rendered":"<p><font color=\"#000000\"><font face=\"Times New Roman, serif\"><font size=\"2\">Gato Blanco Chardonnay &#8211; dobrze zbudowane wino ze \u015bwie\u017cymi aromatami owoc\u00f3w cytrusowych i tropikalnych. Doskona\u0142a r\u00f3wnowaga kwasowa powoduje, i\u017c jest to wino bardzo aromatyczne i przyst\u0119pne. Nale\u017cy\u00a0podawa\u0107\u00a0w\u00a0temperaturze\u00a010\u00a0C.<\/font><\/font><\/font><\/p>\n<p><font color=\"#000000\"><font face=\"Times New Roman, serif\"><font size=\"2\">Producent wina Gato Vina San Pedro otrzyma\u0142 presti\u017cow\u0105 nagrod\u0119 w 2011 roku jako najlepsza winiarnia z ca\u0142ego nowego \u015bwiata &#8220;New World Winery of the Year 2011&#8221; poni\u017cej filmik na youtube.<\/font><\/font><\/font><\/p>\n<p><font color=\"#000000\"><font face=\"Times New Roman, serif\"><font size=\"2\">http:\/\/www.youtube.com\/watch?v=RlkNyIfTbcE<\/font><\/font><\/font><\/p><\/p>\n","protected":false},"excerpt":{"rendered":"<p><font color=\"#000000\"><font face=\"Times New Roman, serif\"><font size=\"2\">Gato Blanco Chardonnay &#8211; dobrze zbudowane wino ze \u015bwie\u017cymi aromatami owoc\u00f3w cytrusowych i tropikalnych. Doskona\u0142a r\u00f3wnowaga kwasowa powoduje, i\u017c jest to wino bardzo aromatyczne i przyst\u0119pne. Nale\u017cy\u00a0podawa\u0107\u00a0w\u00a0temperaturze\u00a010\u00a0C.<\/font><\/font><\/font><\/p>\n<p><font color=\"#000000\"><font face=\"Times New Roman, serif\"><font size=\"2\">Producent wina Gato Vina San Pedro otrzyma\u0142 presti\u017cow\u0105 nagrod\u0119 w 2011 roku jako najlepsza winiarnia z ca\u0142ego nowego \u015bwiata &#8220;New World Winery of the Year 2011&#8221; poni\u017cej filmik na youtube.<\/font><\/font><\/font><\/p>\n<p><font color=\"#000000\"><font face=\"Times New Roman, serif\"><font size=\"2\">http:\/\/www.youtube.com\/watch?v=RlkNyIfTbcE<\/font><\/font><\/font><\/p><\/p>\n","protected":false},"featured_media":18784,"comment_status":"open","ping_status":"closed","template":"","meta":[],"product_cat":[15,302],"product_tag":[],"class_list":{"0":"post-19914","1":"product","2":"type-product","3":"status-publish","4":"has-post-thumbnail","6":"product_cat-inne","7":"product_cat-chile","9":"first","10":"instock","11":"shipping-taxable","12":"purchasable","13":"product-type-simple"},"_links":{"self":[{"href":"https:\/\/hurt.wineport.pl\/index.php?rest_route=\/wp\/v2\/product\/19914","targetHints":{"allow":["GET"]}}],"collection":[{"href":"https:\/\/hurt.wineport.pl\/index.php?rest_route=\/wp\/v2\/product"}],"about":[{"href":"https:\/\/hurt.wineport.pl\/index.php?rest_route=\/wp\/v2\/types\/product"}],"replies":[{"embeddable":true,"href":"https:\/\/hurt.wineport.pl\/index.php?rest_route=%2Fwp%2Fv2%2Fcomments&post=19914"}],"wp:featuredmedia":[{"embeddable":true,"href":"https:\/\/hurt.wineport.pl\/index.php?rest_route=\/wp\/v2\/media\/18784"}],"wp:attachment":[{"href":"https:\/\/hurt.wineport.pl\/index.php?rest_route=%2Fwp%2Fv2%2Fmedia&parent=19914"}],"wp:term":[{"taxonomy":"product_cat","embeddable":true,"href":"https:\/\/hurt.wineport.pl\/index.php?rest_route=%2Fwp%2Fv2%2Fproduct_cat&post=19914"},{"taxonomy":"product_tag","embeddable":true,"href":"https:\/\/hurt.wineport.pl\/index.php?rest_route=%2Fwp%2Fv2%2Fproduct_tag&post=19914"}],"curies":[{"name":"wp","href":"https:\/\/api.w.org\/{rel}","templated":true}]}}