{"id":19920,"date":"2024-06-01T06:31:36","date_gmt":"2024-06-01T04:31:36","guid":{"rendered":"https:\/\/hurt.wineport.pl\/?product=wino-castillo-de-molina-carmenere-reserva-czerwone-wytrawne-chile-075l"},"modified":"2024-06-07T14:16:11","modified_gmt":"2024-06-07T12:16:11","slug":"wino-castillo-de-molina-carmenere-reserva-czerwone-wytrawne-chile-075l","status":"publish","type":"product","link":"https:\/\/hurt.wineport.pl\/?product=wino-castillo-de-molina-carmenere-reserva-czerwone-wytrawne-chile-075l","title":{"rendered":"Wino Castillo de Molina Carmenere Reserva &#8211; czerwone wytrawne Chile 0,75L"},"content":{"rendered":"<p><font face=\"Times New Roman, serif\"><font size=\"2\"><font color=\"#000000\">Castillo de Molina &#8211; Carmenere<\/font><br \/><font color=\"#000000\">Wino o g\u0142\u0119bokiej, po\u0142yskliwej czerwonej barwie. Aromaty i smaki czerwonych owoc\u00f3w, truskawek, z akcentami przypraw, wanilii i czarnego pieprzu. Nuty tostowe, dymne i d\u0119bowe pochodz\u0105ce z okresu dojrzewania. \u0141agodne, zaokr\u0105glone taniny spokojna kwasowo\u015b\u0107, nadaj\u0105ce winu delikatn\u0105 struktur\u0119. D\u0142ugie i eleganckie. Nale\u017cy\u00a0podawa\u0107\u00a0w\u00a0temperaturze\u00a020\u00a0C.<\/font><\/font><\/font><\/p>\n<p><font color=\"#000000\"><font face=\"Times New Roman, serif\"><font size=\"2\">Producent wina Castillo de Molina Vina San Pedro otrzyma\u0142 presti\u017cow\u0105 nagrod\u0119 w 2011 roku jako najlepsza winiarnia z ca\u0142ego nowego \u015bwiata &#8220;New World Winery of the Year 2011&#8221; poni\u017cej filmik na youtube.<\/font><\/font><\/font><\/p>\n<p><font color=\"#000000\"><font face=\"Times New Roman, serif\"><font size=\"2\">http:\/\/www.youtube.com\/watch?v=RlkNyIfTbcE<\/font><\/font><\/font><\/p><\/p>\n","protected":false},"excerpt":{"rendered":"<p><font face=\"Times New Roman, serif\"><font size=\"2\"><font color=\"#000000\">Castillo de Molina &#8211; Carmenere<\/font><br \/><font color=\"#000000\">Wino o g\u0142\u0119bokiej, po\u0142yskliwej czerwonej barwie. Aromaty i smaki czerwonych owoc\u00f3w, truskawek, z akcentami przypraw, wanilii i czarnego pieprzu. Nuty tostowe, dymne i d\u0119bowe pochodz\u0105ce z okresu dojrzewania. \u0141agodne, zaokr\u0105glone taniny spokojna kwasowo\u015b\u0107, nadaj\u0105ce winu delikatn\u0105 struktur\u0119. D\u0142ugie i eleganckie. Nale\u017cy\u00a0podawa\u0107\u00a0w\u00a0temperaturze\u00a020\u00a0C.<\/font><\/font><\/font><\/p>\n<p><font color=\"#000000\"><font face=\"Times New Roman, serif\"><font size=\"2\">Producent wina Castillo de Molina Vina San Pedro otrzyma\u0142 presti\u017cow\u0105 nagrod\u0119 w 2011 roku jako najlepsza winiarnia z ca\u0142ego nowego \u015bwiata &#8220;New World Winery of the Year 2011&#8221; poni\u017cej filmik na youtube.<\/font><\/font><\/font><\/p>\n<p><font color=\"#000000\"><font face=\"Times New Roman, serif\"><font size=\"2\">http:\/\/www.youtube.com\/watch?v=RlkNyIfTbcE<\/font><\/font><\/font><\/p><\/p>\n","protected":false},"featured_media":18802,"comment_status":"open","ping_status":"closed","template":"","meta":[],"product_cat":[15,281,302],"product_tag":[],"class_list":{"0":"post-19920","1":"product","2":"type-product","3":"status-publish","4":"has-post-thumbnail","6":"product_cat-inne","7":"product_cat-wina","8":"product_cat-chile","10":"first","11":"onbackorder","12":"shipping-taxable","13":"purchasable","14":"product-type-simple"},"_links":{"self":[{"href":"https:\/\/hurt.wineport.pl\/index.php?rest_route=\/wp\/v2\/product\/19920","targetHints":{"allow":["GET"]}}],"collection":[{"href":"https:\/\/hurt.wineport.pl\/index.php?rest_route=\/wp\/v2\/product"}],"about":[{"href":"https:\/\/hurt.wineport.pl\/index.php?rest_route=\/wp\/v2\/types\/product"}],"replies":[{"embeddable":true,"href":"https:\/\/hurt.wineport.pl\/index.php?rest_route=%2Fwp%2Fv2%2Fcomments&post=19920"}],"wp:featuredmedia":[{"embeddable":true,"href":"https:\/\/hurt.wineport.pl\/index.php?rest_route=\/wp\/v2\/media\/18802"}],"wp:attachment":[{"href":"https:\/\/hurt.wineport.pl\/index.php?rest_route=%2Fwp%2Fv2%2Fmedia&parent=19920"}],"wp:term":[{"taxonomy":"product_cat","embeddable":true,"href":"https:\/\/hurt.wineport.pl\/index.php?rest_route=%2Fwp%2Fv2%2Fproduct_cat&post=19920"},{"taxonomy":"product_tag","embeddable":true,"href":"https:\/\/hurt.wineport.pl\/index.php?rest_route=%2Fwp%2Fv2%2Fproduct_tag&post=19920"}],"curies":[{"name":"wp","href":"https:\/\/api.w.org\/{rel}","templated":true}]}}