{"id":19938,"date":"2024-06-01T06:31:38","date_gmt":"2024-06-01T04:31:38","guid":{"rendered":"https:\/\/hurt.wineport.pl\/?product=la-consulta-cabernet-sauvignon-reserva-czerwone-wytrawne-075l"},"modified":"2024-06-07T14:15:01","modified_gmt":"2024-06-07T12:15:01","slug":"la-consulta-cabernet-sauvignon-reserva-czerwone-wytrawne-075l","status":"publish","type":"product","link":"https:\/\/hurt.wineport.pl\/?product=la-consulta-cabernet-sauvignon-reserva-czerwone-wytrawne-075l","title":{"rendered":"La Consulta Cabernet Sauvignon reserva &#8211; Czerwone Wytrawne 0,75L"},"content":{"rendered":"<p><font color=\"#000000\"><font face=\"Times New Roman, serif\"><font size=\"2\">Wino La Consulta \u2013 Cabernet Sauvignon<br \/>To wino\u00a0o barwie g\u0142\u0119bokiej czerwieni, pochodzi z winnic w Uco Valley w Mendozie. Te wino wyr\u00f3\u017cnia si\u0119\u00a0intensywnym aromatem, w kt\u00f3rym mo\u017cna wyr\u00f3\u017cni\u0107 czerwone owoce, \u015bliwki i wi\u015bnie oraz posmak wanilii pochodz\u0105cy z d\u0119bowych beczek. Wino ma \u015bwietn\u0105\u00a0struktur\u0119, s\u0142odkie taniny i d\u0142ugi finisz. <\/font><\/font><\/font><\/p>\n<p><font color=\"#000000\"><font face=\"Times New Roman, serif\"><font size=\"2\">Nadaje si\u0119 idealnie do wszystkich typ\u00f3w mi\u0119sa oraz mocno pikantnych potraw.\u00a0<\/font><\/font><\/font><\/p>\n<p><font color=\"#000000\"><font face=\"Times New Roman, serif\"><font size=\"2\">Nale\u017cy\u00a0podawa\u0107\u00a0w\u00a0temperaturze\u00a017 C.\u00a0 <\/font><\/font><\/font><\/p>\n<p>\u00a0<\/p>\n","protected":false},"excerpt":{"rendered":"<p><font color=\"#000000\"><font face=\"Times New Roman, serif\"><font size=\"2\">Wino La Consulta \u2013 Cabernet Sauvignon<br \/>To wino\u00a0o barwie g\u0142\u0119bokiej czerwieni, pochodzi z winnic w Uco Valley w Mendozie. Te wino wyr\u00f3\u017cnia si\u0119\u00a0intensywnym aromatem, w kt\u00f3rym mo\u017cna wyr\u00f3\u017cni\u0107 czerwone owoce, \u015bliwki i wi\u015bnie oraz posmak wanilii pochodz\u0105cy z d\u0119bowych beczek. Wino ma \u015bwietn\u0105\u00a0struktur\u0119, s\u0142odkie taniny i d\u0142ugi finisz. <\/font><\/font><\/font><\/p>\n<p><font color=\"#000000\"><font face=\"Times New Roman, serif\"><font size=\"2\">Nadaje si\u0119 idealnie do wszystkich typ\u00f3w mi\u0119sa oraz mocno pikantnych potraw.\u00a0<\/font><\/font><\/font><\/p>\n<p><font color=\"#000000\"><font face=\"Times New Roman, serif\"><font size=\"2\">Nale\u017cy\u00a0podawa\u0107\u00a0w\u00a0temperaturze\u00a017 C.\u00a0 <\/font><\/font><\/font><\/p>\n<p>\u00a0<\/p>\n","protected":false},"featured_media":18856,"comment_status":"open","ping_status":"closed","template":"","meta":[],"product_cat":[15,281,298],"product_tag":[],"class_list":{"0":"post-19938","1":"product","2":"type-product","3":"status-publish","4":"has-post-thumbnail","6":"product_cat-inne","7":"product_cat-wina","8":"product_cat-argentyna","10":"first","11":"onbackorder","12":"shipping-taxable","13":"purchasable","14":"product-type-simple"},"_links":{"self":[{"href":"https:\/\/hurt.wineport.pl\/index.php?rest_route=\/wp\/v2\/product\/19938","targetHints":{"allow":["GET"]}}],"collection":[{"href":"https:\/\/hurt.wineport.pl\/index.php?rest_route=\/wp\/v2\/product"}],"about":[{"href":"https:\/\/hurt.wineport.pl\/index.php?rest_route=\/wp\/v2\/types\/product"}],"replies":[{"embeddable":true,"href":"https:\/\/hurt.wineport.pl\/index.php?rest_route=%2Fwp%2Fv2%2Fcomments&post=19938"}],"wp:featuredmedia":[{"embeddable":true,"href":"https:\/\/hurt.wineport.pl\/index.php?rest_route=\/wp\/v2\/media\/18856"}],"wp:attachment":[{"href":"https:\/\/hurt.wineport.pl\/index.php?rest_route=%2Fwp%2Fv2%2Fmedia&parent=19938"}],"wp:term":[{"taxonomy":"product_cat","embeddable":true,"href":"https:\/\/hurt.wineport.pl\/index.php?rest_route=%2Fwp%2Fv2%2Fproduct_cat&post=19938"},{"taxonomy":"product_tag","embeddable":true,"href":"https:\/\/hurt.wineport.pl\/index.php?rest_route=%2Fwp%2Fv2%2Fproduct_tag&post=19938"}],"curies":[{"name":"wp","href":"https:\/\/api.w.org\/{rel}","templated":true}]}}