{"id":19939,"date":"2024-06-01T06:31:38","date_gmt":"2024-06-01T04:31:38","guid":{"rendered":"https:\/\/hurt.wineport.pl\/?product=la-consulta-chardonnay-biale-wytrawne-075l"},"modified":"2024-06-07T14:15:01","modified_gmt":"2024-06-07T12:15:01","slug":"la-consulta-chardonnay-biale-wytrawne-075l","status":"publish","type":"product","link":"https:\/\/hurt.wineport.pl\/?product=la-consulta-chardonnay-biale-wytrawne-075l","title":{"rendered":"La Consulta Chardonnay &#8211; Bia\u0142e Wytrawne 0,75L"},"content":{"rendered":"<p><font color=\"#000000\"><font face=\"Times New Roman, serif\"><font size=\"2\">La Consulta \u2013 Chardonnay<br \/>Wino Chardonnay, o intensywnej, \u017c\u00f3\u0142tozielonej barwie, jest produkowane z winogron z naszej winnicy po\u0142o\u017conej w dolinie Uco w Mendozie. Ma intensywny aromat, w kt\u00f3rym dominuj\u0105 owoce pestkowe i cytrusowe \u2013 gruszka, zielone jab\u0142ka i cytryny. Palat jest delikatny i s\u0142odki z lekko wyczuwalnym kwa\u015bnym posmakiem. Wino ma dobr\u0105 struktur\u0119 oraz d\u0142ugi, wykwintne wyko\u0144czenie. <\/font><\/font><\/font><\/p>\n<p><font color=\"#000000\"><font face=\"Times New Roman, serif\"><font size=\"2\">Chardonnay nadaje si\u0119 idealnie do ryb i owoc\u00f3w morza.\u00a0<\/font><\/font><\/font><\/p>\n<p><font color=\"#000000\"><font face=\"Times New Roman, serif\"><font size=\"2\">Nale\u017cy\u00a0podawa\u0107\u00a0w\u00a0temperaturze\u00a012\u00a0C.\u00a0 <\/font><\/font><\/font><\/p>\n","protected":false},"excerpt":{"rendered":"<p><font color=\"#000000\"><font face=\"Times New Roman, serif\"><font size=\"2\">La Consulta \u2013 Chardonnay<br \/>Wino Chardonnay, o intensywnej, \u017c\u00f3\u0142tozielonej barwie, jest produkowane z winogron z naszej winnicy po\u0142o\u017conej w dolinie Uco w Mendozie. Ma intensywny aromat, w kt\u00f3rym dominuj\u0105 owoce pestkowe i cytrusowe \u2013 gruszka, zielone jab\u0142ka i cytryny. Palat jest delikatny i s\u0142odki z lekko wyczuwalnym kwa\u015bnym posmakiem. Wino ma dobr\u0105 struktur\u0119 oraz d\u0142ugi, wykwintne wyko\u0144czenie. <\/font><\/font><\/font><\/p>\n<p><font color=\"#000000\"><font face=\"Times New Roman, serif\"><font size=\"2\">Chardonnay nadaje si\u0119 idealnie do ryb i owoc\u00f3w morza.\u00a0<\/font><\/font><\/font><\/p>\n<p><font color=\"#000000\"><font face=\"Times New Roman, serif\"><font size=\"2\">Nale\u017cy\u00a0podawa\u0107\u00a0w\u00a0temperaturze\u00a012\u00a0C.\u00a0 <\/font><\/font><\/font><\/p>\n","protected":false},"featured_media":18859,"comment_status":"open","ping_status":"closed","template":"","meta":[],"product_cat":[15,281,298],"product_tag":[],"class_list":{"0":"post-19939","1":"product","2":"type-product","3":"status-publish","4":"has-post-thumbnail","6":"product_cat-inne","7":"product_cat-wina","8":"product_cat-argentyna","10":"first","11":"onbackorder","12":"shipping-taxable","13":"purchasable","14":"product-type-simple"},"_links":{"self":[{"href":"https:\/\/hurt.wineport.pl\/index.php?rest_route=\/wp\/v2\/product\/19939","targetHints":{"allow":["GET"]}}],"collection":[{"href":"https:\/\/hurt.wineport.pl\/index.php?rest_route=\/wp\/v2\/product"}],"about":[{"href":"https:\/\/hurt.wineport.pl\/index.php?rest_route=\/wp\/v2\/types\/product"}],"replies":[{"embeddable":true,"href":"https:\/\/hurt.wineport.pl\/index.php?rest_route=%2Fwp%2Fv2%2Fcomments&post=19939"}],"wp:featuredmedia":[{"embeddable":true,"href":"https:\/\/hurt.wineport.pl\/index.php?rest_route=\/wp\/v2\/media\/18859"}],"wp:attachment":[{"href":"https:\/\/hurt.wineport.pl\/index.php?rest_route=%2Fwp%2Fv2%2Fmedia&parent=19939"}],"wp:term":[{"taxonomy":"product_cat","embeddable":true,"href":"https:\/\/hurt.wineport.pl\/index.php?rest_route=%2Fwp%2Fv2%2Fproduct_cat&post=19939"},{"taxonomy":"product_tag","embeddable":true,"href":"https:\/\/hurt.wineport.pl\/index.php?rest_route=%2Fwp%2Fv2%2Fproduct_tag&post=19939"}],"curies":[{"name":"wp","href":"https:\/\/api.w.org\/{rel}","templated":true}]}}