{"id":19940,"date":"2024-06-01T06:31:38","date_gmt":"2024-06-01T04:31:38","guid":{"rendered":"https:\/\/hurt.wineport.pl\/?product=la-consulta-malbec-czerwone-wytrawne-075l"},"modified":"2024-06-07T14:15:01","modified_gmt":"2024-06-07T12:15:01","slug":"la-consulta-malbec-czerwone-wytrawne-075l","status":"publish","type":"product","link":"https:\/\/hurt.wineport.pl\/?product=la-consulta-malbec-czerwone-wytrawne-075l","title":{"rendered":"La Consulta Malbec &#8211; Czerwone Wytrawne 0,75L"},"content":{"rendered":"<p><font color=\"#000000\"><font face=\"Lato\"><font style=\"font-size: 9pt;\" size=\"2\"><font face=\"Times New Roman, serif\"><font size=\"2\">La Consulta \u2013 Malbec<br \/>Wino Malbec o g\u0142\u0119bokim fioletowym kolorze wytwarzane jest w winnicach w Uco Valley w Mendozie. Sw\u00f3j wspania\u0142y aromat zawdzi\u0119cza idealnej kombinacji czerwonych owoc\u00f3w i przypraw wzbogaconych nut\u0105 francuskiego d\u0119bu. Jego s\u0142odkawy i idealny smak nie wymagaj\u0105cy le\u017cakowania na d\u0142ugo pozostaje w ustach. <\/font><\/font><\/font><\/font><\/font><\/p>\n<p>\u00a0<\/p>\n<p><font color=\"#000000\"><font face=\"Lato\"><font style=\"font-size: 9pt;\" size=\"2\"><font face=\"Times New Roman, serif\"><font size=\"2\">Wspaniale komponuje si\u0119 ze wszystkimi rodzajami mi\u0119s, makaron\u00f3w i pikantnych da\u0144.\u00a0<\/font><\/font><\/font><\/font><\/font><\/p>\n<p>\u00a0<\/p>\n<p><font color=\"#000000\"><font face=\"Lato\"><font style=\"font-size: 9pt;\" size=\"2\"><font face=\"Times New Roman, serif\"><font size=\"2\">Nale\u017cy\u00a0podawa\u0107\u00a0w\u00a0temperaturze\u00a018\u00a0C.\u00a0<br \/><\/font><\/font><\/font><\/font><\/font><\/p>\n","protected":false},"excerpt":{"rendered":"<p><font color=\"#000000\"><font face=\"Lato\"><font style=\"font-size: 9pt;\" size=\"2\"><font face=\"Times New Roman, serif\"><font size=\"2\">La Consulta \u2013 Malbec<br \/>Wino Malbec o g\u0142\u0119bokim fioletowym kolorze wytwarzane jest w winnicach w Uco Valley w Mendozie. Sw\u00f3j wspania\u0142y aromat zawdzi\u0119cza idealnej kombinacji czerwonych owoc\u00f3w i przypraw wzbogaconych nut\u0105 francuskiego d\u0119bu. Jego s\u0142odkawy i idealny smak nie wymagaj\u0105cy le\u017cakowania na d\u0142ugo pozostaje w ustach. <\/font><\/font><\/font><\/font><\/font><\/p>\n<p>\u00a0<\/p>\n<p><font color=\"#000000\"><font face=\"Lato\"><font style=\"font-size: 9pt;\" size=\"2\"><font face=\"Times New Roman, serif\"><font size=\"2\">Wspaniale komponuje si\u0119 ze wszystkimi rodzajami mi\u0119s, makaron\u00f3w i pikantnych da\u0144.\u00a0<\/font><\/font><\/font><\/font><\/font><\/p>\n<p>\u00a0<\/p>\n<p><font color=\"#000000\"><font face=\"Lato\"><font style=\"font-size: 9pt;\" size=\"2\"><font face=\"Times New Roman, serif\"><font size=\"2\">Nale\u017cy\u00a0podawa\u0107\u00a0w\u00a0temperaturze\u00a018\u00a0C.\u00a0<br \/><\/font><\/font><\/font><\/font><\/font><\/p><\/p>\n","protected":false},"featured_media":18862,"comment_status":"open","ping_status":"closed","template":"","meta":[],"product_cat":[15,281,298],"product_tag":[],"class_list":{"0":"post-19940","1":"product","2":"type-product","3":"status-publish","4":"has-post-thumbnail","6":"product_cat-inne","7":"product_cat-wina","8":"product_cat-argentyna","10":"first","11":"onbackorder","12":"shipping-taxable","13":"purchasable","14":"product-type-simple"},"_links":{"self":[{"href":"https:\/\/hurt.wineport.pl\/index.php?rest_route=\/wp\/v2\/product\/19940","targetHints":{"allow":["GET"]}}],"collection":[{"href":"https:\/\/hurt.wineport.pl\/index.php?rest_route=\/wp\/v2\/product"}],"about":[{"href":"https:\/\/hurt.wineport.pl\/index.php?rest_route=\/wp\/v2\/types\/product"}],"replies":[{"embeddable":true,"href":"https:\/\/hurt.wineport.pl\/index.php?rest_route=%2Fwp%2Fv2%2Fcomments&post=19940"}],"wp:featuredmedia":[{"embeddable":true,"href":"https:\/\/hurt.wineport.pl\/index.php?rest_route=\/wp\/v2\/media\/18862"}],"wp:attachment":[{"href":"https:\/\/hurt.wineport.pl\/index.php?rest_route=%2Fwp%2Fv2%2Fmedia&parent=19940"}],"wp:term":[{"taxonomy":"product_cat","embeddable":true,"href":"https:\/\/hurt.wineport.pl\/index.php?rest_route=%2Fwp%2Fv2%2Fproduct_cat&post=19940"},{"taxonomy":"product_tag","embeddable":true,"href":"https:\/\/hurt.wineport.pl\/index.php?rest_route=%2Fwp%2Fv2%2Fproduct_tag&post=19940"}],"curies":[{"name":"wp","href":"https:\/\/api.w.org\/{rel}","templated":true}]}}