{"id":19942,"date":"2024-06-01T06:31:39","date_gmt":"2024-06-01T04:31:39","guid":{"rendered":"https:\/\/hurt.wineport.pl\/?product=la-celia-malbec-reserva-czerwone-wytrawne-075l-2"},"modified":"2024-06-07T14:53:57","modified_gmt":"2024-06-07T12:53:57","slug":"la-celia-malbec-reserva-czerwone-wytrawne-075l-2","status":"publish","type":"product","link":"https:\/\/hurt.wineport.pl\/?product=la-celia-malbec-reserva-czerwone-wytrawne-075l-2","title":{"rendered":"La Celia Malbec RESERVA &#8211; Czerwone Wytrawne 0,75L"},"content":{"rendered":"<p><font color=\"#000000\"><font face=\"Lato\"><font style=\"font-size: 9pt;\" size=\"2\"><font face=\"Times New Roman, serif\"><font size=\"2\">La Celia \u2013 Reserva Malbec<br \/>Wino to zosta\u0142o wyprodukowane ze starannie wybranych winogron pochodz\u0105cych z naszych winnic w dolinie Uco po\u0142o\u017conej w prowincji Mendoza. Sw\u00f3j charakter zawdzi\u0119cza dojrzewaniu przez 12 miesi\u0119cy w d\u0119bowych beczkach. Wykwintny aromat z nut\u0105 czerwonych owoc\u00f3w i przypraw korzennych wzbogaca posmak francuskiej d\u0119biny. Palat jest s\u0142odki i przyjemny, wysokiej jako\u015bci taniny zapewniaj\u0105 niepowtarzaln\u0105 struktur\u0119, a wyko\u0144czenie d\u0142ugo pozostaj\u0105ce w ustach zach\u0119ca do konsumpcji.\u00a0<\/font><\/font><\/font><\/font><\/font><\/p>\n<p>\u00a0<\/p>\n<p><font color=\"#000000\"><font face=\"Lato\"><font style=\"font-size: 9pt;\" size=\"2\"><font face=\"Times New Roman, serif\"><font size=\"2\">Nale\u017cy\u00a0podawa\u0107\u00a0w\u00a0temperaturze\u00a020\u00a0C.\u00a0<\/font><\/font><\/font><\/font><\/font><\/p>\n","protected":false},"excerpt":{"rendered":"<p><font color=\"#000000\"><font face=\"Lato\"><font style=\"font-size: 9pt;\" size=\"2\"><font face=\"Times New Roman, serif\"><font size=\"2\">La Celia \u2013 Reserva Malbec<br \/>Wino to zosta\u0142o wyprodukowane ze starannie wybranych winogron pochodz\u0105cych z naszych winnic w dolinie Uco po\u0142o\u017conej w prowincji Mendoza. Sw\u00f3j charakter zawdzi\u0119cza dojrzewaniu przez 12 miesi\u0119cy w d\u0119bowych beczkach. Wykwintny aromat z nut\u0105 czerwonych owoc\u00f3w i przypraw korzennych wzbogaca posmak francuskiej d\u0119biny. Palat jest s\u0142odki i przyjemny, wysokiej jako\u015bci taniny zapewniaj\u0105 niepowtarzaln\u0105 struktur\u0119, a wyko\u0144czenie d\u0142ugo pozostaj\u0105ce w ustach zach\u0119ca do konsumpcji.\u00a0<\/font><\/font><\/font><\/font><\/font><\/p>\n<p>\u00a0<\/p>\n<p><font color=\"#000000\"><font face=\"Lato\"><font style=\"font-size: 9pt;\" size=\"2\"><font face=\"Times New Roman, serif\"><font size=\"2\">Nale\u017cy\u00a0podawa\u0107\u00a0w\u00a0temperaturze\u00a020\u00a0C.\u00a0<\/font><\/font><\/font><\/font><\/font><\/p>\n","protected":false},"featured_media":18868,"comment_status":"open","ping_status":"closed","template":"","meta":[],"product_cat":[15,281,276],"product_tag":[],"class_list":{"0":"post-19942","1":"product","2":"type-product","3":"status-publish","4":"has-post-thumbnail","6":"product_cat-inne","7":"product_cat-wina","8":"product_cat-francja","10":"first","11":"onbackorder","12":"shipping-taxable","13":"purchasable","14":"product-type-simple"},"_links":{"self":[{"href":"https:\/\/hurt.wineport.pl\/index.php?rest_route=\/wp\/v2\/product\/19942","targetHints":{"allow":["GET"]}}],"collection":[{"href":"https:\/\/hurt.wineport.pl\/index.php?rest_route=\/wp\/v2\/product"}],"about":[{"href":"https:\/\/hurt.wineport.pl\/index.php?rest_route=\/wp\/v2\/types\/product"}],"replies":[{"embeddable":true,"href":"https:\/\/hurt.wineport.pl\/index.php?rest_route=%2Fwp%2Fv2%2Fcomments&post=19942"}],"wp:featuredmedia":[{"embeddable":true,"href":"https:\/\/hurt.wineport.pl\/index.php?rest_route=\/wp\/v2\/media\/18868"}],"wp:attachment":[{"href":"https:\/\/hurt.wineport.pl\/index.php?rest_route=%2Fwp%2Fv2%2Fmedia&parent=19942"}],"wp:term":[{"taxonomy":"product_cat","embeddable":true,"href":"https:\/\/hurt.wineport.pl\/index.php?rest_route=%2Fwp%2Fv2%2Fproduct_cat&post=19942"},{"taxonomy":"product_tag","embeddable":true,"href":"https:\/\/hurt.wineport.pl\/index.php?rest_route=%2Fwp%2Fv2%2Fproduct_tag&post=19942"}],"curies":[{"name":"wp","href":"https:\/\/api.w.org\/{rel}","templated":true}]}}