{"id":19945,"date":"2024-06-01T06:31:39","date_gmt":"2024-06-01T04:31:39","guid":{"rendered":"https:\/\/hurt.wineport.pl\/?product=oliwa-z-oliwek-knolive-epicure-extra-virgin-250-ml-2"},"modified":"2024-06-07T13:58:41","modified_gmt":"2024-06-07T11:58:41","slug":"oliwa-z-oliwek-knolive-epicure-extra-virgin-250-ml-2","status":"publish","type":"product","link":"https:\/\/hurt.wineport.pl\/?product=oliwa-z-oliwek-knolive-epicure-extra-virgin-250-ml-2","title":{"rendered":"Oliwa z Oliwek Knolive Epicure Extra Virgin 250 ml"},"content":{"rendered":"<p style=\"text-align: left;\" align=\"LEFT\">\u00a0<\/p>\n<ul>\n<li>\n<p align=\"LEFT\">\u00a0<\/p>\n<p style=\"text-align: left;\" align=\"LEFT\"><span style=\"color: #000000;\"><span style=\"font-family: 'Times New Roman', serif;\"><span style=\"font-size: small;\">Eksplozja rozkosznie owocowych nut, elegancja po\u0142\u0105czona z aromatycznym bogactwem.\u00a0Elegancki zielony kolor z delikatnymi z\u0142otymi refleksami.\u00a0Eksplozja \u015bwie\u017cych i owocowych aromat\u00f3w jab\u0142ka i dojrza\u0142ych zielonych oliwek.<\/span><\/span><\/span><\/p>\n<p style=\"text-align: left;\" align=\"LEFT\"><span style=\"color: #000000;\"><span style=\"font-family: 'Times New Roman', serif;\"><span style=\"font-size: small;\">Delikatny pomidorowy smak \u015bwie\u017co \u015bci\u0119tej trawy i \u015bwie\u017cego migda\u0142a, finisz z mu\u015bni\u0119ciem goryczy z nut\u0105 bia\u0142ego pieprzu.<\/span><\/span><\/span><\/p>\n<p align=\"LEFT\">\u00a0<\/p>\n<p align=\"LEFT\"><span style=\"color: #000000;\"><span style=\"font-family: 'Times New Roman', serif;\"><span style=\"font-size: small;\">Nagrody i wyr\u00f3\u017cnienia :<\/span><\/span><\/span><\/p>\n<ul>\n<li>\n<p align=\"LEFT\">Nr 1 na \u015bwiecie w rankingu oliw worldsbestoliveoils<\/p>\n<\/li>\n<li>\n<p align=\"LEFT\"><a href=\"http:\/\/www.worldsbestoliveoils.org\/worlds-best-olive-oils.html\">http:\/\/www.worldsbestoliveoils.org\/worlds-best-olive-oils.html<\/a><\/p>\n<\/li>\n<li>\n<p align=\"LEFT\">\u00a0<\/p>\n<p align=\"LEFT\">Pozosta\u0142e nagrody i wyr\u00f3\u017cnienia producenta Knolive Oils S.L.<\/p>\n<\/li>\n<li>\n<p align=\"LEFT\"><a href=\"http:\/\/knolive.com\/en\/reconocimientos\/\">http:\/\/knolive.com\/en\/reconocimientos<\/a><\/p>\n<\/li>\n<\/ul>\n<p align=\"LEFT\">\u00a0<\/p>\n<\/li>\n<\/ul>\n","protected":false},"excerpt":{"rendered":"<p style=\"text-align: left;\" align=\"LEFT\"><span style=\"color: #000000;\"><span style=\"font-family: 'Times New Roman', serif;\"><span style=\"font-size: small;\">Eksplozja rozkosznie owocowych nut, elegancja po\u0142\u0105czona z aromatycznym bogactwem.\u00a0Elegancki zielony kolor z delikatnymi z\u0142otymi refleksami.\u00a0Eksplozja \u015bwie\u017cych i owocowych aromat\u00f3w jab\u0142ka i dojrza\u0142ych zielonych oliwek.<\/span><\/span><\/span><\/p>\n<p style=\"text-align: left;\" align=\"LEFT\"><span style=\"color: #000000;\"><span style=\"font-family: 'Times New Roman', serif;\"><span style=\"font-size: small;\">Delikatny pomidorowy smak \u015bwie\u017co \u015bci\u0119tej trawy i \u015bwie\u017cego migda\u0142a, finisz z mu\u015bni\u0119ciem goryczy z nut\u0105 bia\u0142ego pieprzu.<\/span><\/span><\/span><\/p>\n<p align=\"LEFT\">\u00a0<\/p>\n<p align=\"LEFT\"><span style=\"color: #000000;\"><span style=\"font-family: 'Times New Roman', serif;\"><span style=\"font-size: small;\">Nagrody i wyr\u00f3\u017cnienia :<\/span><\/span><\/span><\/p>\n<ul>\n<li>\n<p align=\"LEFT\">Nr 1 na \u015bwiecie w rankingu oliw worldsbestoliveoils<\/p>\n<\/li>\n<li>\n<p align=\"LEFT\"><a href=\"http:\/\/www.worldsbestoliveoils.org\/worlds-best-olive-oils.html\">http:\/\/www.worldsbestoliveoils.org\/worlds-best-olive-oils.html<\/a><\/p>\n<\/li>\n<li>\n<p align=\"LEFT\">\u00a0<\/p>\n<p align=\"LEFT\">Pozosta\u0142e nagrody i wyr\u00f3\u017cnienia producenta Knolive Oils S.L.<\/p>\n<\/li>\n<li>\n<p align=\"LEFT\"><a href=\"http:\/\/knolive.com\/en\/reconocimientos\/\">http:\/\/knolive.com\/en\/reconocimientos<\/a><\/p>\n<\/li>\n<\/ul>\n<p align=\"LEFT\">\u00a0<\/p>\n","protected":false},"featured_media":18877,"comment_status":"open","ping_status":"closed","template":"","meta":[],"product_cat":[15,282,286],"product_tag":[],"class_list":{"0":"post-19945","1":"product","2":"type-product","3":"status-publish","4":"has-post-thumbnail","6":"product_cat-inne","7":"product_cat-delikatesy","8":"product_cat-oliwa-z-oliwek","10":"first","11":"instock","12":"shipping-taxable","13":"purchasable","14":"product-type-simple"},"_links":{"self":[{"href":"https:\/\/hurt.wineport.pl\/index.php?rest_route=\/wp\/v2\/product\/19945","targetHints":{"allow":["GET"]}}],"collection":[{"href":"https:\/\/hurt.wineport.pl\/index.php?rest_route=\/wp\/v2\/product"}],"about":[{"href":"https:\/\/hurt.wineport.pl\/index.php?rest_route=\/wp\/v2\/types\/product"}],"replies":[{"embeddable":true,"href":"https:\/\/hurt.wineport.pl\/index.php?rest_route=%2Fwp%2Fv2%2Fcomments&post=19945"}],"wp:featuredmedia":[{"embeddable":true,"href":"https:\/\/hurt.wineport.pl\/index.php?rest_route=\/wp\/v2\/media\/18877"}],"wp:attachment":[{"href":"https:\/\/hurt.wineport.pl\/index.php?rest_route=%2Fwp%2Fv2%2Fmedia&parent=19945"}],"wp:term":[{"taxonomy":"product_cat","embeddable":true,"href":"https:\/\/hurt.wineport.pl\/index.php?rest_route=%2Fwp%2Fv2%2Fproduct_cat&post=19945"},{"taxonomy":"product_tag","embeddable":true,"href":"https:\/\/hurt.wineport.pl\/index.php?rest_route=%2Fwp%2Fv2%2Fproduct_tag&post=19945"}],"curies":[{"name":"wp","href":"https:\/\/api.w.org\/{rel}","templated":true}]}}