{"id":19946,"date":"2024-06-01T06:31:39","date_gmt":"2024-06-01T04:31:39","guid":{"rendered":"https:\/\/hurt.wineport.pl\/?product=oliwa-z-oliwek-knolive-organic-extra-virgin-250-ml-2"},"modified":"2024-06-07T13:58:40","modified_gmt":"2024-06-07T11:58:40","slug":"oliwa-z-oliwek-knolive-organic-extra-virgin-250-ml-2","status":"publish","type":"product","link":"https:\/\/hurt.wineport.pl\/?product=oliwa-z-oliwek-knolive-organic-extra-virgin-250-ml-2","title":{"rendered":"Oliwa z Oliwek Knolive Organic Extra Virgin 250 ml"},"content":{"rendered":"<p align=\"LEFT\"><font color=\"#000000\"><font face=\"Times New Roman, serif\"><font size=\"2\">Owoce uprawiane ekologicznie w tradycyjny spos\u00f3b, bez u\u017cycia produkt\u00f3w chemicznych, tryskaj\u0105cych naturaln\u0105 \u015bwie\u017co\u015bci\u0105.\u00a0Oliwa jest mocno owocowa, z aromatycznymi akcentami, zwie\u0144czona aromatami kwiatowymi, przypomina \u015bwie\u017co \u015bci\u0119ty migda\u0142owy kwiat i niedawno poci\u0119t\u0105 traw\u0119 z li\u015b\u0107mi pomidora.\u00a0<\/font><\/font><\/font><\/p>\n<p align=\"LEFT\"><font color=\"#000000\"><font face=\"Times New Roman, serif\"><font size=\"2\">Delikatna na j\u0119zyku, z r\u00f3wnowa\u017c\u0105cymi si\u0119 nutami goryczy i przypraw.<\/font><\/font><\/font><\/p>\n<p><font face=\"Times New Roman, serif\"><font size=\"2\"><font color=\"#000000\"><br \/>N<\/font><font color=\"#000000\">agrody i wyr\u00f3\u017cnienia producenta Knolive Oils S.L.<\/font><\/font><\/font><\/p>\n<ul>\n<li>\n<p><font face=\"Times New Roman, serif\"><font size=\"2\"><a href=\"http:\/\/knolive.com\/en\/reconocimientos\/\"><font color=\"#000000\"><font face=\"Open Sans, sans-serif\"><font style=\"font-size: 9pt;\" size=\"2\">http:\/\/knolive.com\/en\/reconocimientos\/<\/font><\/font><\/font><\/a><\/font><\/font><\/p>\n<\/li>\n<\/ul>\n","protected":false},"excerpt":{"rendered":"<p align=\"LEFT\"><font color=\"#000000\"><font face=\"Times New Roman, serif\"><font size=\"2\">Owoce uprawiane ekologicznie w tradycyjny spos\u00f3b, bez u\u017cycia produkt\u00f3w chemicznych, tryskaj\u0105cych naturaln\u0105 \u015bwie\u017co\u015bci\u0105.\u00a0Oliwa jest mocno owocowa, z aromatycznymi akcentami, zwie\u0144czona aromatami kwiatowymi, przypomina \u015bwie\u017co \u015bci\u0119ty migda\u0142owy kwiat i niedawno poci\u0119t\u0105 traw\u0119 z li\u015b\u0107mi pomidora.\u00a0<\/font><\/font><\/font><\/p>\n<p align=\"LEFT\"><font color=\"#000000\"><font face=\"Times New Roman, serif\"><font size=\"2\">Delikatna na j\u0119zyku, z r\u00f3wnowa\u017c\u0105cymi si\u0119 nutami goryczy i przypraw.<\/font><\/font><\/font><\/p>\n<p><font face=\"Times New Roman, serif\"><font size=\"2\"><font color=\"#000000\"><br \/>N<\/font><font color=\"#000000\">agrody i wyr\u00f3\u017cnienia producenta Knolive Oils S.L.<\/font><\/font><\/font><\/p>\n<ul>\n<li>\n<p><font face=\"Times New Roman, serif\"><font size=\"2\"><a href=\"http:\/\/knolive.com\/en\/reconocimientos\/\"><font color=\"#000000\"><font face=\"Open Sans, sans-serif\"><font style=\"font-size: 9pt;\" size=\"2\">http:\/\/knolive.com\/en\/reconocimientos\/<\/font><\/font><\/font><\/a><\/font><\/font><\/p>\n<\/li>\n<\/ul>\n","protected":false},"featured_media":18880,"comment_status":"open","ping_status":"closed","template":"","meta":[],"product_cat":[15,282,286],"product_tag":[],"class_list":{"0":"post-19946","1":"product","2":"type-product","3":"status-publish","4":"has-post-thumbnail","6":"product_cat-inne","7":"product_cat-delikatesy","8":"product_cat-oliwa-z-oliwek","10":"first","11":"instock","12":"shipping-taxable","13":"purchasable","14":"product-type-simple"},"_links":{"self":[{"href":"https:\/\/hurt.wineport.pl\/index.php?rest_route=\/wp\/v2\/product\/19946","targetHints":{"allow":["GET"]}}],"collection":[{"href":"https:\/\/hurt.wineport.pl\/index.php?rest_route=\/wp\/v2\/product"}],"about":[{"href":"https:\/\/hurt.wineport.pl\/index.php?rest_route=\/wp\/v2\/types\/product"}],"replies":[{"embeddable":true,"href":"https:\/\/hurt.wineport.pl\/index.php?rest_route=%2Fwp%2Fv2%2Fcomments&post=19946"}],"wp:featuredmedia":[{"embeddable":true,"href":"https:\/\/hurt.wineport.pl\/index.php?rest_route=\/wp\/v2\/media\/18880"}],"wp:attachment":[{"href":"https:\/\/hurt.wineport.pl\/index.php?rest_route=%2Fwp%2Fv2%2Fmedia&parent=19946"}],"wp:term":[{"taxonomy":"product_cat","embeddable":true,"href":"https:\/\/hurt.wineport.pl\/index.php?rest_route=%2Fwp%2Fv2%2Fproduct_cat&post=19946"},{"taxonomy":"product_tag","embeddable":true,"href":"https:\/\/hurt.wineport.pl\/index.php?rest_route=%2Fwp%2Fv2%2Fproduct_tag&post=19946"}],"curies":[{"name":"wp","href":"https:\/\/api.w.org\/{rel}","templated":true}]}}