{"id":20004,"date":"2024-06-01T07:05:34","date_gmt":"2024-06-01T05:05:34","guid":{"rendered":"https:\/\/hurt.wineport.pl\/?product=watrobka-drobiowa-z-truflami-80g"},"modified":"2024-06-07T14:10:08","modified_gmt":"2024-06-07T12:10:08","slug":"watrobka-drobiowa-z-truflami-80g","status":"publish","type":"product","link":"https:\/\/hurt.wineport.pl\/?product=watrobka-drobiowa-z-truflami-80g","title":{"rendered":"W\u0105tr\u00f3bka drobiowa z truflami 80g"},"content":{"rendered":"<p>W\u0105tr\u00f3bka drobiowa wzbogacona o letnie czarne trufle (Tuber Aestivum Vitt.). Dobre jako dodatek do chleba tostowego.<\/p>\n","protected":false},"excerpt":{"rendered":"<p>W\u0105tr\u00f3bka drobiowa wzbogacona o letnie czarne trufle (Tuber Aestivum Vitt.). Dobre jako dodatek do chleba tostowego.<\/p>\n","protected":false},"featured_media":19054,"comment_status":"open","ping_status":"closed","template":"","meta":[],"product_cat":[15,282],"product_tag":[],"class_list":{"0":"post-20004","1":"product","2":"type-product","3":"status-publish","4":"has-post-thumbnail","6":"product_cat-inne","7":"product_cat-delikatesy","9":"first","10":"onbackorder","11":"shipping-taxable","12":"purchasable","13":"product-type-simple"},"_links":{"self":[{"href":"https:\/\/hurt.wineport.pl\/index.php?rest_route=\/wp\/v2\/product\/20004","targetHints":{"allow":["GET"]}}],"collection":[{"href":"https:\/\/hurt.wineport.pl\/index.php?rest_route=\/wp\/v2\/product"}],"about":[{"href":"https:\/\/hurt.wineport.pl\/index.php?rest_route=\/wp\/v2\/types\/product"}],"replies":[{"embeddable":true,"href":"https:\/\/hurt.wineport.pl\/index.php?rest_route=%2Fwp%2Fv2%2Fcomments&post=20004"}],"wp:featuredmedia":[{"embeddable":true,"href":"https:\/\/hurt.wineport.pl\/index.php?rest_route=\/wp\/v2\/media\/19054"}],"wp:attachment":[{"href":"https:\/\/hurt.wineport.pl\/index.php?rest_route=%2Fwp%2Fv2%2Fmedia&parent=20004"}],"wp:term":[{"taxonomy":"product_cat","embeddable":true,"href":"https:\/\/hurt.wineport.pl\/index.php?rest_route=%2Fwp%2Fv2%2Fproduct_cat&post=20004"},{"taxonomy":"product_tag","embeddable":true,"href":"https:\/\/hurt.wineport.pl\/index.php?rest_route=%2Fwp%2Fv2%2Fproduct_tag&post=20004"}],"curies":[{"name":"wp","href":"https:\/\/api.w.org\/{rel}","templated":true}]}}