{"id":20035,"date":"2024-06-01T07:09:29","date_gmt":"2024-06-01T05:09:29","guid":{"rendered":"https:\/\/hurt.wineport.pl\/?product=tokaji-szamorodni-slodkie-gotz-pinceszet-05l"},"modified":"2024-06-07T12:04:58","modified_gmt":"2024-06-07T10:04:58","slug":"tokaji-szamorodni-slodkie-gotz-pinceszet-05l","status":"publish","type":"product","link":"https:\/\/hurt.wineport.pl\/?product=tokaji-szamorodni-slodkie-gotz-pinceszet-05l","title":{"rendered":"Tokaji Szamorodni s\u0142odkie G\u00f6tz Pinc\u00e9szet 0,5l"},"content":{"rendered":"<p>Wino bia\u0142e, s\u0142odkie, gronowe<\/p>\n<p>Kraj pochodzenia: W\u0119gry<\/p>\n<p>Zawarto\u015b\u0107 alkoholu: 13%<\/p>\n<p>Pojemno\u015b\u0107: 0,5l<\/p>\n<p>Tokaji Szamorodni s\u0142odkie G\u00f6tz Pinc\u00e9szet ma jasnoz\u0142oty kolor i intensywny aromat miodowy, z nutami moreli, suszonych fig i orzech\u00f3w. W smaku jest s\u0142odkie i pe\u0142ne, z nutami karmelu i miodu, a jednocze\u015bnie dobrze zr\u00f3wnowa\u017cone kwasowo\u015bci\u0105, co zapewnia jego z\u0142o\u017cono\u015b\u0107 i d\u0142ugotrwa\u0142y finisz.<\/p>\n<p>Wino Szamorodni najlepiej podawa\u0107 sch\u0142odzone, w temperaturze od 10 do 12 stopni Celsjusza. Pasuje doskonale jako aperitif lub deserowe wino, kt\u00f3re b\u0119dzie idealnym towarzyszem do ciast, deser\u00f3w, ser\u00f3w ple\u015bniowych oraz do s\u0142odkich i pikantnych potraw.<\/p>\n<p>Winnica\u00a0G\u00f6tz Pinc\u00e9szet i jej zabytkowe piwniczki przypominaj\u0105ce wiosk\u0119 hobbit\u00f3w zosta\u0142y wpisane na list\u0119 dziedzictwa UNESCO.\u00a0<a href=\"https:\/\/gotzpinceszet.hu\/\">https:\/\/gotzpinceszet.hu\/<\/a>\u00a0<\/p>\n<h2 class=\"h3\">\u00a0<\/h2>\n","protected":false},"excerpt":{"rendered":"<p>Wino bia\u0142e, s\u0142odkie, gronowe<\/p>\n<p>Kraj pochodzenia: W\u0119gry<\/p>\n<p>Zawarto\u015b\u0107 alkoholu: 13%<\/p>\n<p>Pojemno\u015b\u0107: 0,5l<\/p>\n<p>Tokaji Szamorodni s\u0142odkie G\u00f6tz Pinc\u00e9szet ma jasnoz\u0142oty kolor i intensywny aromat miodowy, z nutami moreli, suszonych fig i orzech\u00f3w. W smaku jest s\u0142odkie i pe\u0142ne, z nutami karmelu i miodu, a jednocze\u015bnie dobrze zr\u00f3wnowa\u017cone kwasowo\u015bci\u0105, co zapewnia jego z\u0142o\u017cono\u015b\u0107 i d\u0142ugotrwa\u0142y finisz.<\/p>\n<p>Wino Szamorodni najlepiej podawa\u0107 sch\u0142odzone, w temperaturze od 10 do 12 stopni Celsjusza. Pasuje doskonale jako aperitif lub deserowe wino, kt\u00f3re b\u0119dzie idealnym towarzyszem do ciast, deser\u00f3w, ser\u00f3w ple\u015bniowych oraz do s\u0142odkich i pikantnych potraw.<\/p>\n<p>Winnica\u00a0G\u00f6tz Pinc\u00e9szet i jej zabytkowe piwniczki przypominaj\u0105ce wiosk\u0119 hobbit\u00f3w zosta\u0142y wpisane na list\u0119 dziedzictwa UNESCO.\u00a0<a href=\"https:\/\/gotzpinceszet.hu\/\">https:\/\/gotzpinceszet.hu\/<\/a>\u00a0<\/p>\n<h2 class=\"h3\">\u00a0<\/h2>\n","protected":false},"featured_media":19147,"comment_status":"open","ping_status":"closed","template":"","meta":[],"product_cat":[15,281,277],"product_tag":[],"class_list":{"0":"post-20035","1":"product","2":"type-product","3":"status-publish","4":"has-post-thumbnail","6":"product_cat-inne","7":"product_cat-wina","8":"product_cat-wegry","10":"first","11":"instock","12":"sale","13":"shipping-taxable","14":"purchasable","15":"product-type-simple"},"_links":{"self":[{"href":"https:\/\/hurt.wineport.pl\/index.php?rest_route=\/wp\/v2\/product\/20035","targetHints":{"allow":["GET"]}}],"collection":[{"href":"https:\/\/hurt.wineport.pl\/index.php?rest_route=\/wp\/v2\/product"}],"about":[{"href":"https:\/\/hurt.wineport.pl\/index.php?rest_route=\/wp\/v2\/types\/product"}],"replies":[{"embeddable":true,"href":"https:\/\/hurt.wineport.pl\/index.php?rest_route=%2Fwp%2Fv2%2Fcomments&post=20035"}],"wp:featuredmedia":[{"embeddable":true,"href":"https:\/\/hurt.wineport.pl\/index.php?rest_route=\/wp\/v2\/media\/19147"}],"wp:attachment":[{"href":"https:\/\/hurt.wineport.pl\/index.php?rest_route=%2Fwp%2Fv2%2Fmedia&parent=20035"}],"wp:term":[{"taxonomy":"product_cat","embeddable":true,"href":"https:\/\/hurt.wineport.pl\/index.php?rest_route=%2Fwp%2Fv2%2Fproduct_cat&post=20035"},{"taxonomy":"product_tag","embeddable":true,"href":"https:\/\/hurt.wineport.pl\/index.php?rest_route=%2Fwp%2Fv2%2Fproduct_tag&post=20035"}],"curies":[{"name":"wp","href":"https:\/\/api.w.org\/{rel}","templated":true}]}}