{"id":20042,"date":"2024-06-01T07:10:24","date_gmt":"2024-06-01T05:10:24","guid":{"rendered":"https:\/\/hurt.wineport.pl\/?product=ronfini-prosecco-doc-treviso-extra-dry-075l-2"},"modified":"2024-06-07T14:06:13","modified_gmt":"2024-06-07T12:06:13","slug":"ronfini-prosecco-doc-treviso-extra-dry-075l-2","status":"publish","type":"product","link":"https:\/\/hurt.wineport.pl\/?product=ronfini-prosecco-doc-treviso-extra-dry-075l-2","title":{"rendered":"Ronfini Prosecco Doc Treviso &#8211; Extra Dry 0,75l"},"content":{"rendered":"<p>Zawarto\u015b\u0107 alkoholu: 11%<\/p>\n<p>Zawarto\u015b\u0107 cukru: 14 g\/l<\/p>\n<p>Ci\u015bnienie w 20\u00b0C: 4 bary<\/p>\n<p>Pojemno\u015b\u0107: 0,75l<\/p>\n<p>Szczep: 100% Glera<\/p>\n<p>Ronfini to ma\u0142a rodzinna firma posiadaj\u0105ca swoje winnice w Valdobiadene Superiore to najlepsze miejsce we W\u0142oszech na produkcj\u0119 prosecco. Ronfini to firma produkuj\u0105ca swoje produkty dla gastronomii, wina nie posiadaja nawet kod\u00f3w kreskowych co \u015bwiadczy o niszowej produkcji.\u00a0S\u0142omkowo\u017c\u00f3\u0142te z zielon\u0105 po\u015bwiat\u0105. Drobne i d\u0142ugo utrzymuj\u0105ce si\u0119 b\u0105belki. W bukiecie owoce, g\u0142\u00f3wnie jab\u0142ko i gruszka, z nutami kwiatowymi. Orze\u017awiaj\u0105ce, wytrawne, acz odrobin\u0119 s\u0142odkie i g\u0142adkie. Podawa\u0107 w temperaturze 6-8\u00b0C.<\/p>\n<p>Nagrody:<\/p>\n<p>Gold Medal Guide and International Competition Gilbert &amp; Gaillard 2019<\/p>\n","protected":false},"excerpt":{"rendered":"<p>Zawarto\u015b\u0107 alkoholu: 11%<\/p>\n<p>Zawarto\u015b\u0107 cukru: 14 g\/l<\/p>\n<p>Ci\u015bnienie w 20\u00b0C: 4 bary<\/p>\n<p>Pojemno\u015b\u0107: 0,75l<\/p>\n<p>Szczep: 100% Glera<\/p>\n<p>Ronfini to ma\u0142a rodzinna firma posiadaj\u0105ca swoje winnice w Valdobiadene Superiore to najlepsze miejsce we W\u0142oszech na produkcj\u0119 prosecco. Ronfini to firma produkuj\u0105ca swoje produkty dla gastronomii, wina nie posiadaja nawet kod\u00f3w kreskowych co \u015bwiadczy o niszowej produkcji. S\u0142omkowo\u017c\u00f3\u0142te z zielon\u0105 po\u015bwiat\u0105. Drobne i d\u0142ugo utrzymuj\u0105ce si\u0119 b\u0105belki. W bukiecie owoce, g\u0142\u00f3wnie jab\u0142ko i gruszka, z nutami kwiatowymi. Orze\u017awiaj\u0105ce, wytrawne, acz odrobin\u0119 s\u0142odkie i g\u0142adkie. Podawa\u0107 w temperaturze 6-8\u00b0C.<\/p>\n<p>Nagrody:<\/p>\n<p>Gold Medal Guide and International Competition Gilbert &amp; Gaillard 2019<\/p>\n","protected":false},"featured_media":19168,"comment_status":"open","ping_status":"closed","template":"","meta":[],"product_cat":[314,15,281,274],"product_tag":[],"class_list":{"0":"post-20042","1":"product","2":"type-product","3":"status-publish","4":"has-post-thumbnail","6":"product_cat-veneto","7":"product_cat-inne","8":"product_cat-wina","9":"product_cat-wlochy","11":"first","12":"instock","13":"sale","14":"shipping-taxable","15":"purchasable","16":"product-type-simple"},"_links":{"self":[{"href":"https:\/\/hurt.wineport.pl\/index.php?rest_route=\/wp\/v2\/product\/20042","targetHints":{"allow":["GET"]}}],"collection":[{"href":"https:\/\/hurt.wineport.pl\/index.php?rest_route=\/wp\/v2\/product"}],"about":[{"href":"https:\/\/hurt.wineport.pl\/index.php?rest_route=\/wp\/v2\/types\/product"}],"replies":[{"embeddable":true,"href":"https:\/\/hurt.wineport.pl\/index.php?rest_route=%2Fwp%2Fv2%2Fcomments&post=20042"}],"wp:featuredmedia":[{"embeddable":true,"href":"https:\/\/hurt.wineport.pl\/index.php?rest_route=\/wp\/v2\/media\/19168"}],"wp:attachment":[{"href":"https:\/\/hurt.wineport.pl\/index.php?rest_route=%2Fwp%2Fv2%2Fmedia&parent=20042"}],"wp:term":[{"taxonomy":"product_cat","embeddable":true,"href":"https:\/\/hurt.wineport.pl\/index.php?rest_route=%2Fwp%2Fv2%2Fproduct_cat&post=20042"},{"taxonomy":"product_tag","embeddable":true,"href":"https:\/\/hurt.wineport.pl\/index.php?rest_route=%2Fwp%2Fv2%2Fproduct_tag&post=20042"}],"curies":[{"name":"wp","href":"https:\/\/api.w.org\/{rel}","templated":true}]}}